{"id":15027690,"date":"2020-01-05T16:28:18","date_gmt":"2020-01-05T16:28:18","guid":{"rendered":"http:\/\/botanopia.com\/ueber-botanopia\/"},"modified":"2025-10-28T09:59:59","modified_gmt":"2025-10-28T07:59:59","slug":"ueber-botanopia","status":"publish","type":"page","link":"https:\/\/www.botanopia.com\/de\/ueber-botanopia\/","title":{"rendered":"\u00dcber Botanopia"},"content":{"rendered":"<div class=\"wpb-content-wrapper\"><p>[vc_row][vc_column][vc_column_text]<br \/>\n\u00dcber Botanopia<br \/>\n[\/vc_column_text][\/vc_column][\/vc_row][vc_row][vc_column width=&#8221;5\/12&#8243;][vc_single_image image=&#8221;45066188&#8243; img_size=&#8221;450&#215;450&#8243;][\/vc_column][vc_column width=&#8221;7\/12&#8243;][lab_scroll_box scroll_height=&#8221;340&#8243; css=&#8221;.vc_custom_1621348428117{padding-top: 45px !important;padding-right: 45px !important;padding-bottom: 45px !important;padding-left: 45px !important;background-color: #eeeeee !important;}&#8221;]<br \/>\nWir bei Botanopia lieben die Sch\u00f6nheit der Natur und die magische Kraft, die winzige Samen in riesige B\u00e4ume verwandeln kann.<\/p>\n<p>Botanopia ist eine noch junge Marke. Wir entwerfen unsere Produkte mit Liebe zu allem, was w\u00e4chst.<\/p>\n<p>Alles begann mit unseren Porzellan-Accessoires, mit denen du einfach kleine B\u00e4ume und Pflanzen in deinem Lieblingsglas oder deiner Lieblingsvase ziehen kannst. Du legst unsere Porzellanplatte auf die \u00d6ffnung deines Glasbeh\u00e4lters und l\u00e4sst die Samen oder Stecklinge direkt \u00fcber dem Wasserspiegel schweben, sodass sie Wurzeln schlagen k\u00f6nnen, ohne zu verrotten. Die wei\u00dfe Oberfl\u00e4che fungiert dabei als eine Art Bilderrahmen, um die wachsenden Setzlinge ins Rampenlicht zu r\u00fccken.<br \/>\n[\/lab_scroll_box][\/vc_column][\/vc_row][vc_row][vc_column][vc_column_text el_class=&#8221;tiempos-headline&#8221;]<\/p>\n<h3>Botanopia-Produkte wurden weit verbreitet ver\u00f6ffentlicht, unter anderem in den folgenden Zeitschriften:<\/h3>\n<p>[\/vc_column_text][vc_row_inner][vc_column_inner width=&#8221;1\/5&#8243;][vc_single_image image=&#8221;45068017&#8243; alignment=&#8221;center&#8221;][vc_single_image image=&#8221;45068045&#8243; alignment=&#8221;center&#8221;][\/vc_column_inner][vc_column_inner width=&#8221;1\/5&#8243;][vc_single_image image=&#8221;45068025&#8243; alignment=&#8221;center&#8221;][vc_single_image image=&#8221;45068074&#8243; alignment=&#8221;center&#8221;][\/vc_column_inner][vc_column_inner width=&#8221;1\/5&#8243;][vc_single_image image=&#8221;45068021&#8243; alignment=&#8221;center&#8221;][vc_single_image image=&#8221;45068041&#8243; alignment=&#8221;center&#8221;][\/vc_column_inner][vc_column_inner width=&#8221;1\/5&#8243;][vc_single_image image=&#8221;45068069&#8243; alignment=&#8221;center&#8221;][vc_single_image image=&#8221;45068029&#8243; alignment=&#8221;center&#8221;][\/vc_column_inner][vc_column_inner width=&#8221;1\/5&#8243;][vc_single_image image=&#8221;45068078&#8243; alignment=&#8221;center&#8221;][vc_single_image image=&#8221;45068049&#8243; alignment=&#8221;center&#8221;][\/vc_column_inner][\/vc_row_inner][\/vc_column][\/vc_row][vc_row][vc_column][vc_column_text el_class=&#8221;tiempos-headline&#8221;]<\/p>\n<h2>Lerne das Team kennen<\/h2>\n<p><\/p>\n<div id=\"gtx-trans\" style=\"position: absolute; left: -27px; top: 43.2734px;\">\n<div class=\"gtx-trans-icon\"><\/div>\n<p><\/div>\n<p>\n[\/vc_column_text][vc_row_inner][vc_column_inner width=&#8221;1\/5&#8243;][vc_single_image image=&#8221;45079116&#8243; img_size=&#8221;full&#8221;][vc_column_text]<\/p>\n<h3 style=\"text-align: left;\">Lise<\/h3>\n<p><\/p>\n<p style=\"text-align: left;\"><em>Owner<\/em><\/p>\n<p>\n[\/vc_column_text][\/vc_column_inner][vc_column_inner width=&#8221;1\/5&#8243;][vc_single_image image=&#8221;45078865&#8243; img_size=&#8221;full&#8221;][vc_column_text]<\/p>\n<h3 style=\"text-align: left;\">Eveliina<\/h3>\n<p><\/p>\n<p style=\"text-align: left;\"><em>Product Design<\/em><\/p>\n<div id=\"gtx-trans\" style=\"position: absolute; left: 38px; top: -5.78125px;\">\n<div class=\"gtx-trans-icon\"><\/div>\n<p><\/div>\n<p>\n[\/vc_column_text][\/vc_column_inner][vc_column_inner width=&#8221;1\/5&#8243;][vc_single_image image=&#8221;45078869&#8243; img_size=&#8221;full&#8221; alignment=&#8221;center&#8221;][vc_column_text]<\/p>\n<h3 style=\"text-align: left;\">Lotte<\/h3>\n<p><\/p>\n<p style=\"text-align: left;\"><em>Photo &amp; Video Content<\/em><\/p>\n<div id=\"gtx-trans\" style=\"position: absolute; left: -23px; top: 87.5156px;\">\n<div class=\"gtx-trans-icon\"><\/div>\n<p><\/div>\n<p>\n[\/vc_column_text][\/vc_column_inner][vc_column_inner width=&#8221;1\/5&#8243;][vc_single_image image=&#8221;45078877&#8243; img_size=&#8221;full&#8221; alignment=&#8221;center&#8221;][vc_column_text]<\/p>\n<h3 style=\"text-align: left;\">Maureen<\/h3>\n<p><\/p>\n<p style=\"text-align: left;\"><em>Content writer &amp; Social Media Manager<\/em><\/p>\n<div id=\"gtx-trans\" style=\"position: absolute; left: -20px; top: 40.5156px;\">\n<div class=\"gtx-trans-icon\"><\/div>\n<p><\/div>\n<p>\n[\/vc_column_text][\/vc_column_inner][vc_column_inner width=&#8221;1\/5&#8243;][vc_column_text]<\/p>\n<h3><strong>Bist du unser n\u00e4chstes Teammitglied?<\/strong><\/h3>\n<p>Schau dir unsere <a href=\"https:\/\/www.botanopia.com\/de\/jobs\/\">Karriereseite<\/a> an, um unsere aktuellen Stellenangebote zu entdecken!<br \/>[\/vc_column_text][\/vc_column_inner][\/vc_row_inner][\/vc_column][\/vc_row][vc_row][vc_column][vc_column_text]<\/p>\n<p>[\/vc_column_text][vc_single_image image=&#8221;3171&#8243; img_size=&#8221;large&#8221; alignment=&#8221;center&#8221; css_animation=&#8221;fadeIn&#8221;][vc_empty_space][\/vc_column][\/vc_row][vc_row][vc_column][vc_column_text]<\/p>\n<p>Alle Produkte von Botanopia werden in der EU, mit R\u00fccksicht auf Mensch und Umwelt, von Hand gefertigt und von unseren Niederlassungen in Amsterdam in den Niederlanden versandt.<\/p>\n<p>[\/vc_column_text][\/vc_column][\/vc_row]<\/p>\n<\/div>","protected":false},"excerpt":{"rendered":"<p>[vc_row][vc_column][vc_column_text] \u00dcber Botanopia [\/vc_column_text][\/vc_column][\/vc_row][vc_row][vc_column width=&#8221;5\/12&#8243;][vc_single_image image=&#8221;45066188&#8243; img_size=&#8221;450&#215;450&#8243;][\/vc_column][vc_column width=&#8221;7\/12&#8243;][lab_scroll_box scroll_height=&#8221;340&#8243; css=&#8221;.vc_custom_1621348428117{padding-top: 45px !important;padding-right: 45px !important;padding-bottom: 45px !important;padding-left: 45px !important;background-color: #eeeeee !important;}&#8221;] Wir bei Botanopia lieben die Sch\u00f6nheit der Natur und die magische Kraft, die winzige Samen in riesige B\u00e4ume verwandeln kann. Botanopia ist eine noch junge Marke. Wir entwerfen unsere Produkte mit Liebe zu allem, was&hellip;<\/p>\n","protected":false},"author":1,"featured_media":3192,"parent":0,"menu_order":1,"comment_status":"closed","ping_status":"closed","template":"","meta":{"_acf_changed":false,"footnotes":""},"class_list":["post-15027690","page","type-page","status-publish","has-post-thumbnail","hentry"],"acf":[],"_links":{"self":[{"href":"https:\/\/www.botanopia.com\/de\/wp-json\/wp\/v2\/pages\/15027690","targetHints":{"allow":["GET"]}}],"collection":[{"href":"https:\/\/www.botanopia.com\/de\/wp-json\/wp\/v2\/pages"}],"about":[{"href":"https:\/\/www.botanopia.com\/de\/wp-json\/wp\/v2\/types\/page"}],"author":[{"embeddable":true,"href":"https:\/\/www.botanopia.com\/de\/wp-json\/wp\/v2\/users\/1"}],"replies":[{"embeddable":true,"href":"https:\/\/www.botanopia.com\/de\/wp-json\/wp\/v2\/comments?post=15027690"}],"version-history":[{"count":0,"href":"https:\/\/www.botanopia.com\/de\/wp-json\/wp\/v2\/pages\/15027690\/revisions"}],"wp:featuredmedia":[{"embeddable":true,"href":"https:\/\/www.botanopia.com\/de\/wp-json\/wp\/v2\/media\/3192"}],"wp:attachment":[{"href":"https:\/\/www.botanopia.com\/de\/wp-json\/wp\/v2\/media?parent=15027690"}],"curies":[{"name":"wp","href":"https:\/\/api.w.org\/{rel}","templated":true}]}}