{"id":15027898,"date":"2020-01-06T15:30:30","date_gmt":"2020-01-06T15:30:30","guid":{"rendered":"http:\/\/botanopia.com\/verkaufsstellen\/"},"modified":"2025-10-28T09:01:17","modified_gmt":"2025-10-28T07:01:17","slug":"verkaufsstellen","status":"publish","type":"page","link":"https:\/\/www.botanopia.com\/de\/verkaufsstellen\/","title":{"rendered":"Laden finden"},"content":{"rendered":"<div class=\"wpb-content-wrapper\"><p>[vc_row][vc_column][vc_column_text]<\/p>\n<h3>M\u00f6chten Sie unsere Produkte lieber im Einzelhandel kaufen? Finden Sie ein Gesch\u00e4ft in Ihrer N\u00e4he auf der Karte unten!<\/h3>\n<p>[\/vc_column_text][\/vc_column][\/vc_row][vc_row][vc_column][vc_gmaps link=&#8220;#E-8_JTNDaWZyYW1lJTIwc3JjJTNEJTIyaHR0cHMlM0ElMkYlMkZ3d3cuZ29vZ2xlLmNvbSUyRm1hcHMlMkZkJTJGZW1iZWQlM0ZtaWQlM0QxWFk0clBJQXlyVnd2aWk1aDdPN19Sd1lIbnRZJTI2bGwlM0QwLjU2MDAxMzk0ODM3MDI2MiUyNTJDMCUyNnolM0QyJTIyJTIwd2lkdGglM0QlMjI2NDAlMjIlMjBoZWlnaHQlM0QlMjI0ODAlMjIlM0UlM0MlMkZpZnJhbWUlM0U=&#8220;][vc_column_text]Bitte beachten Sie: Wir haben nicht f\u00fcr jeden H\u00e4ndler Informationen \u00fcber den Lagerbestand. Wir raten Ihnen daher, sich direkt mit dem Gesch\u00e4ft in Verbindung zu setzen, bevor Sie es besuchen. Jedes Gesch\u00e4ft kann eine andere Auswahl unserer Produkte anbieten.<\/p>\n<p>Sie sind ein aktueller Einzelh\u00e4ndler und Ihr Gesch\u00e4ft ist noch nicht in unserer Karte eingetragen? <a href=\"mailto: info@designsprout.nl\">Lassen Sie es uns wissen<\/a>![\/vc_column_text][\/vc_column][\/vc_row]<\/p>\n<\/div>","protected":false},"excerpt":{"rendered":"<p>[vc_row][vc_column][vc_column_text] M\u00f6chten Sie unsere Produkte lieber im Einzelhandel kaufen? Finden Sie ein Gesch\u00e4ft in Ihrer N\u00e4he auf der Karte unten! [\/vc_column_text][\/vc_column][\/vc_row][vc_row][vc_column][vc_gmaps link=&#8220;#E-8_JTNDaWZyYW1lJTIwc3JjJTNEJTIyaHR0cHMlM0ElMkYlMkZ3d3cuZ29vZ2xlLmNvbSUyRm1hcHMlMkZkJTJGZW1iZWQlM0ZtaWQlM0QxWFk0clBJQXlyVnd2aWk1aDdPN19Sd1lIbnRZJTI2bGwlM0QwLjU2MDAxMzk0ODM3MDI2MiUyNTJDMCUyNnolM0QyJTIyJTIwd2lkdGglM0QlMjI2NDAlMjIlMjBoZWlnaHQlM0QlMjI0ODAlMjIlM0UlM0MlMkZpZnJhbWUlM0U=&#8220;][vc_column_text]Bitte beachten Sie: Wir haben nicht f\u00fcr jeden H\u00e4ndler Informationen \u00fcber den Lagerbestand. Wir raten Ihnen daher, sich direkt mit dem Gesch\u00e4ft in Verbindung zu setzen, bevor Sie es besuchen. Jedes Gesch\u00e4ft kann eine&hellip;<\/p>\n","protected":false},"author":1,"featured_media":0,"parent":0,"menu_order":0,"comment_status":"closed","ping_status":"closed","template":"","meta":{"_acf_changed":false,"footnotes":""},"class_list":["post-15027898","page","type-page","status-publish","hentry"],"acf":[],"_links":{"self":[{"href":"https:\/\/www.botanopia.com\/de\/wp-json\/wp\/v2\/pages\/15027898","targetHints":{"allow":["GET"]}}],"collection":[{"href":"https:\/\/www.botanopia.com\/de\/wp-json\/wp\/v2\/pages"}],"about":[{"href":"https:\/\/www.botanopia.com\/de\/wp-json\/wp\/v2\/types\/page"}],"author":[{"embeddable":true,"href":"https:\/\/www.botanopia.com\/de\/wp-json\/wp\/v2\/users\/1"}],"replies":[{"embeddable":true,"href":"https:\/\/www.botanopia.com\/de\/wp-json\/wp\/v2\/comments?post=15027898"}],"version-history":[{"count":0,"href":"https:\/\/www.botanopia.com\/de\/wp-json\/wp\/v2\/pages\/15027898\/revisions"}],"wp:attachment":[{"href":"https:\/\/www.botanopia.com\/de\/wp-json\/wp\/v2\/media?parent=15027898"}],"curies":[{"name":"wp","href":"https:\/\/api.w.org\/{rel}","templated":true}]}}