{"id":45080863,"date":"2022-11-08T17:57:35","date_gmt":"2022-11-08T15:57:35","guid":{"rendered":"https:\/\/www.botanopia.com\/regenbogen\/"},"modified":"2022-11-28T14:05:57","modified_gmt":"2022-11-28T12:05:57","slug":"regenbogen","status":"publish","type":"page","link":"https:\/\/www.botanopia.com\/de\/regenbogen\/","title":{"rendered":"Regenbogen"},"content":{"rendered":"<div class=\"wpb-content-wrapper\"><p>[vc_row][vc_column][vc_column_text]<\/p>\n<h2>\nHooray, you&#8217;ve got a magical rainbow sticker!<\/h2>\r\n<p>Schau dir das Video unten an, um zu erfahren, wie du sie am besten an deinen Fenstern anbringst. Wir haben viele Tipps und Tricks, mit denen du die besten Regenbogeneffekte ganz einfach bei dir zu Hause kreieren kannst.<\/p>\r\n<p>[\/vc_column_text][vc_video link=&#8221;https:\/\/vimeo.com\/768484724&#8243;][\/vc_column][\/vc_row][vc_row][vc_column][vc_column_text]<\/p>\r\n<p>Loving your rainbows? We have a collection of <a href=\"https:\/\/www.botanopia.com\/de\/shop\/geschenkideen\/geschenk-ideen-unter-25-euro\/regenbogen-aufkleber-kreiere-ueberall-regenboegen\/\">beautiful rainbow stickers<\/a> with different designs, the perfect gift for anyone who can use a little extra magic in their life.<\/p>\r\n<p>[\/vc_column_text][\/vc_column][\/vc_row][vc_row][vc_column width=&#8221;1\/4&#8243;][vc_single_image image=&#8221;45080799&#8243; img_size=&#8221;full&#8221; onclick=&#8221;custom_link&#8221; link=&#8221;https:\/\/www.botanopia.com\/de\/shop\/geschenkideen\/geschenk-ideen-unter-25-euro\/regenbogen-aufkleber-kreiere-ueberall-regenboegen\/&#8221;][\/vc_column][vc_column width=&#8221;1\/4&#8243;][vc_single_image image=&#8221;45080803&#8243; img_size=&#8221;full&#8221; onclick=&#8221;custom_link&#8221; link=&#8221;https:\/\/www.botanopia.com\/de\/shop\/geschenkideen\/geschenk-ideen-unter-25-euro\/regenbogen-aufkleber-kreiere-ueberall-regenboegen\/&#8221;][\/vc_column][vc_column width=&#8221;1\/4&#8243;][vc_single_image image=&#8221;45080798&#8243; img_size=&#8221;full&#8221; onclick=&#8221;custom_link&#8221; link=&#8221;https:\/\/www.botanopia.com\/de\/shop\/geschenkideen\/geschenk-ideen-unter-25-euro\/regenbogen-aufkleber-kreiere-ueberall-regenboegen\/&#8221;][\/vc_column][vc_column width=&#8221;1\/4&#8243;][vc_single_image image=&#8221;45080817&#8243; img_size=&#8221;full&#8221; onclick=&#8221;custom_link&#8221; link=&#8221;https:\/\/www.botanopia.com\/de\/shop\/geschenkideen\/geschenk-ideen-unter-25-euro\/regenbogen-aufkleber-kreiere-ueberall-regenboegen\/&#8221;][\/vc_column][\/vc_row][vc_row][vc_column][vc_column_text]<\/p>\r\n<h2>Help! Is my sticker broken?&#13;\n<p>Hast du noch keine sch\u00f6nen Regenb\u00f6gen in deinem Zimmer kreieren k\u00f6nnen?<\/p>&#13;\n<p>Sieh dir das folgende Video mit all unseren Tipps an, um dir dabei zu helfen.<\/p>&#13;\n<p>Aber keine Sorge, dein Aufkleber wird <u>immer funktionieren<\/u>. Es kommt nur auf die Platzierung an.<\/p>&#13;\n<p>[\/vc_column_text][vc_video link=&#8221;https:\/\/vimeo.com\/773307047&#8243;][\/vc_column][\/vc_row][vc_row][vc_column][vc_column_text]<\/p>&#13;\n<p><\/p>[\/vc_column_text][\/vc_column][\/vc_row]<\/p><\/div>","protected":false},"excerpt":{"rendered":"<p>[vc_row][vc_column][vc_column_text] Hooray, you&#8217;ve got a magical rainbow sticker! Schau dir das Video unten an, um zu erfahren, wie du sie am besten an deinen Fenstern anbringst. Wir haben viele Tipps und Tricks, mit denen du die besten Regenbogeneffekte ganz einfach bei dir zu Hause kreieren kannst. [\/vc_column_text][vc_video link=&#8221;https:\/\/vimeo.com\/768484724&#8243;][\/vc_column][\/vc_row][vc_row][vc_column][vc_column_text] Loving your rainbows? We have a collection&hellip;<\/p>\n","protected":false},"author":32002033,"featured_media":0,"parent":0,"menu_order":0,"comment_status":"closed","ping_status":"closed","template":"","meta":{"_acf_changed":false,"footnotes":""},"class_list":["post-45080863","page","type-page","status-publish","hentry"],"acf":[],"_links":{"self":[{"href":"https:\/\/www.botanopia.com\/de\/wp-json\/wp\/v2\/pages\/45080863","targetHints":{"allow":["GET"]}}],"collection":[{"href":"https:\/\/www.botanopia.com\/de\/wp-json\/wp\/v2\/pages"}],"about":[{"href":"https:\/\/www.botanopia.com\/de\/wp-json\/wp\/v2\/types\/page"}],"author":[{"embeddable":true,"href":"https:\/\/www.botanopia.com\/de\/wp-json\/wp\/v2\/users\/32002033"}],"replies":[{"embeddable":true,"href":"https:\/\/www.botanopia.com\/de\/wp-json\/wp\/v2\/comments?post=45080863"}],"version-history":[{"count":0,"href":"https:\/\/www.botanopia.com\/de\/wp-json\/wp\/v2\/pages\/45080863\/revisions"}],"wp:attachment":[{"href":"https:\/\/www.botanopia.com\/de\/wp-json\/wp\/v2\/media?parent=45080863"}],"curies":[{"name":"wp","href":"https:\/\/api.w.org\/{rel}","templated":true}]}}