{"id":45113419,"date":"2025-10-02T18:08:31","date_gmt":"2025-10-02T16:08:31","guid":{"rendered":"https:\/\/www.botanopia.com\/individuelle-rainbow-maker-sticker\/"},"modified":"2025-10-03T18:14:05","modified_gmt":"2025-10-03T16:14:05","slug":"individuelle-rainbow-maker-sticker","status":"publish","type":"page","link":"https:\/\/www.botanopia.com\/de\/individuelle-rainbow-maker-sticker\/","title":{"rendered":"Individuelle Rainbow Maker Sticker"},"content":{"rendered":"<div class=\"wpb-content-wrapper\"><p>[vc_row full_width=&#8220;stretch_row_content&#8220; css=&#8220;.vc_custom_1726400000000{background-color: #f9fafb !important;}&#8220;][vc_column][vc_row_inner content_placement=&#8220;middle&#8220;][vc_column_inner width=&#8220;2\/3&#8243;][vc_custom_heading text=&#8220;Individuelle Rainbow Maker Sticker&#8220; font_container=&#8220;tag:h1|text_align:left&#8220; use_theme_fonts=&#8220;yes&#8220; css=&#8220;.vc_custom_1758291137627{margin-bottom: 40px !important;}&#8220; el_class=&#8220;tiempos-headline&#8220;][vc_column_text css=&#8220;&#8220;]<\/p>\n<p data-start=\"6181\" data-end=\"6436\">Bring ein bisschen Licht, Farbe und Magie in deine Marke oder dein Event mit <strong>individuellen Rainbow Maker Stickern<\/strong>. Unsere Bestseller verwandeln Sonnenlicht in Regenb\u00f6gen an W\u00e4nden, Fenstern und B\u00f6den \u2013 und jetzt kannst du deine eigene Version gestalten.<\/p>\n<p><\/p>\n<p data-start=\"6438\" data-end=\"6643\">Egal ob du ein besonderes Ereignis feiern, eigene Merch-Artikel kreieren oder ein einzigartiges Kundengeschenk anbieten m\u00f6chtest \u2013 wir helfen dir beim Design und der Produktion deiner gl\u00e4nzenden Sticker.<\/p>\n<p>[\/vc_column_text][vc_btn title=&#8220;Hol dir dein individuelles Angebot&#8220; style=&#8220;flat&#8220; shape=&#8220;square&#8220; color=&#8220;black&#8220; align=&#8220;left&#8220; css=&#8220;&#8220; link=&#8220;url:%23custom-quote|&#8220;][\/vc_column_inner][vc_column_inner width=&#8220;1\/3&#8243;][vc_single_image image=&#8220;45113366&#8243; img_size=&#8220;full&#8220; alignment=&#8220;center&#8220; style=&#8220;vc_box_shadow&#8220; css=&#8220;&#8220;][\/vc_column_inner][\/vc_row_inner][\/vc_column][\/vc_row][vc_row css=&#8220;.vc_custom_1726400002000{padding-top:60px;padding-bottom:60px;}&#8220;][vc_column][vc_custom_heading text=&#8220;Was ist m\u00f6glich?&#8220; font_container=&#8220;tag:h2|text_align:center&#8220; use_theme_fonts=&#8220;yes&#8220; css=&#8220;.vc_custom_1759421603115{margin-bottom: 20px !important;}&#8220;][vc_column_text css=&#8220;.vc_custom_1759421646365{margin-bottom: 40px !important;}&#8220;]<\/p>\n<p style=\"text-align: center;\">Kurz gesagt: <em>alles<\/em>. Du kannst w\u00e4hlen:<\/p>\n<p>[\/vc_column_text][vc_row_inner equal_height=&#8220;yes&#8220;][vc_column_inner width=&#8220;1\/3&#8243;][vc_cta h2=&#8220;Form und Gr\u00f6\u00dfe&#8220; h2_font_container=&#8220;tag:h4|text_align:left&#8220; h2_use_theme_fonts=&#8220;yes&#8220; add_icon=&#8220;top&#8220; i_type=&#8220;fontawesome&#8220; i_icon_fontawesome=&#8220;fas fa-crop&#8220; css=&#8220;&#8220; use_custom_fonts_h2=&#8220;true&#8220; i_el_class=&#8220;text-left&#8220; el_class=&#8220;icon-box&#8220;]Von kleinen Quadraten bis zu gro\u00dfen Hinguckern.[\/vc_cta][\/vc_column_inner][vc_column_inner width=&#8220;1\/3&#8243;][vc_cta h2=&#8220;Design&#8220; h2_font_container=&#8220;tag:h4|text_align:left&#8220; h2_use_theme_fonts=&#8220;yes&#8220; add_icon=&#8220;top&#8220; i_type=&#8220;fontawesome&#8220; i_icon_fontawesome=&#8220;far fa-object-group&#8220; css=&#8220;&#8220; use_custom_fonts_h2=&#8220;true&#8220; i_el_class=&#8220;text-left&#8220; el_class=&#8220;icon-box&#8220;]Schick uns dein Artwork, lass uns von Grund auf gestalten oder arbeite mit uns zusammen, um deine Idee umzusetzen.[\/vc_cta][\/vc_column_inner][vc_column_inner width=&#8220;1\/3&#8243;][vc_cta h2=&#8220;Verpackung&#8220; h2_font_container=&#8220;tag:h4|text_align:left&#8220; h2_use_theme_fonts=&#8220;yes&#8220; add_icon=&#8220;top&#8220; i_type=&#8220;fontawesome&#8220; i_icon_fontawesome=&#8220;fas fa-box&#8220; css=&#8220;&#8220; use_custom_fonts_h2=&#8220;true&#8220; i_el_class=&#8220;text-left&#8220; el_class=&#8220;icon-box&#8220;]Einzelkarten, Sets, eigene Backcards mit Branding, Retail-Verpackung\u2026 wir passen uns an deine W\u00fcnsche an.[\/vc_cta][\/vc_column_inner][\/vc_row_inner][\/vc_column][\/vc_row][vc_row full_width=&#8220;stretch_row_content&#8220; css=&#8220;.vc_custom_1758297156396{background-color: #fafbfc !important;}&#8220;][vc_column][vc_custom_heading text=&#8220;Ein paar Ideen zur Inspiration&#8220; font_container=&#8220;tag:h2|text_align:center&#8220; use_theme_fonts=&#8220;yes&#8220; css=&#8220;.vc_custom_1758022848379{margin-bottom: 40px !important;}&#8220;][vc_row_inner][vc_column_inner width=&#8220;1\/2&#8243;][vc_cta h2=&#8220;Firmenevents &#038; Launches&#8220; h2_font_container=&#8220;tag:h4|text_align:left&#8220; h2_use_theme_fonts=&#8220;yes&#8220; add_icon=&#8220;top&#8220; i_type=&#8220;fontawesome&#8220; i_icon_fontawesome=&#8220;far fa-calendar-check&#8220; css=&#8220;&#8220; use_custom_fonts_h2=&#8220;true&#8220; i_el_class=&#8220;text-left&#8220; el_class=&#8220;icon-box&#8220;]Ein farbenfrohes Giveaway, das im Ged\u00e4chtnis bleibt.[\/vc_cta][\/vc_column_inner][vc_column_inner width=&#8220;1\/2&#8243;][vc_cta h2=&#8220;Besondere Anl\u00e4sse&#8220; h2_font_container=&#8220;tag:h4|text_align:left&#8220; h2_use_theme_fonts=&#8220;yes&#8220; add_icon=&#8220;top&#8220; i_type=&#8220;fontawesome&#8220; i_icon_fontawesome=&#8220;fas fa-glass-cheers&#8220; css=&#8220;&#8220; use_custom_fonts_h2=&#8220;true&#8220; i_el_class=&#8220;text-left&#8220; el_class=&#8220;icon-box&#8220;]Geburtstage, Jubil\u00e4en oder Meilensteine verdienen ein bisschen Regenbogen-Glanz.[\/vc_cta][\/vc_column_inner][\/vc_row_inner][vc_row_inner][vc_column_inner width=&#8220;1\/2&#8243;][vc_cta h2=&#8220;Retail-Kooperationen&#8220; h2_font_container=&#8220;tag:h4|text_align:left&#8220; h2_use_theme_fonts=&#8220;yes&#8220; add_icon=&#8220;top&#8220; i_type=&#8220;fontawesome&#8220; i_icon_fontawesome=&#8220;fas fa-compress-arrows-alt&#8220; css=&#8220;&#8220; use_custom_fonts_h2=&#8220;true&#8220; i_el_class=&#8220;text-left&#8220; el_class=&#8220;icon-box&#8220;]Biete exklusive Designs nur in deinem Shop an.[\/vc_cta][\/vc_column_inner][vc_column_inner width=&#8220;1\/2&#8243;][vc_cta h2=&#8220;Kreative Kampagnen&#8220; h2_font_container=&#8220;tag:h4|text_align:left&#8220; h2_use_theme_fonts=&#8220;yes&#8220; add_icon=&#8220;top&#8220; i_type=&#8220;fontawesome&#8220; i_icon_fontawesome=&#8220;fas fa-laptop-code&#8220; css=&#8220;&#8220; use_custom_fonts_h2=&#8220;true&#8220; i_el_class=&#8220;text-left&#8220; el_class=&#8220;icon-box&#8220;]Lass deine Botschaft im Licht erstrahlen.[\/vc_cta][\/vc_column_inner][\/vc_row_inner][\/vc_column][\/vc_row][vc_row css=&#8220;.vc_custom_1726400004000{padding-top:60px;padding-bottom:60px;}&#8220;][vc_column][vc_custom_heading text=&#8220;Fr\u00fchere Kooperationen&#8220; font_container=&#8220;tag:h2|text_align:center&#8220; use_theme_fonts=&#8220;yes&#8220; css=&#8220;.vc_custom_1758022839998{margin-bottom: 40px !important;}&#8220;][vc_row_inner][vc_column_inner width=&#8220;1\/2&#8243;][vc_column_text css=&#8220;&#8220;]<\/p>\n<h4>\u201cRays of Optimism\u201d f\u00fcr Liganova<\/h4>\n<p>Ein mutiges, strahlendes Design, geschaffen von und f\u00fcr die Agentur.[\/vc_column_text][vc_gallery type=&#8220;image_grid&#8220; images=&#8220;45113376,45113391,45113371,45113381,45113386&#8243; css=&#8220;&#8220; lazy_load=&#8220;yes&#8220;][\/vc_column_inner][vc_column_inner width=&#8220;1\/2&#8243;][vc_column_text css=&#8220;&#8220;]<\/p>\n<h4>\u201cAlocasia Frydek\u201d f\u00fcr PLNTS.com<\/h4>\n<p>Ein pflanzeninspiriertes Design zum 5-j\u00e4hrigen Jubil\u00e4um, bei Botanopia entworfen.[\/vc_column_text][vc_gallery type=&#8220;image_grid&#8220; images=&#8220;45113406,45113401,45113396&#8243; css=&#8220;&#8220; lazy_load=&#8220;yes&#8220;][\/vc_column_inner][\/vc_row_inner][\/vc_column][\/vc_row][vc_row full_width=&#8220;stretch_row_content&#8220; css=&#8220;.vc_custom_1758297156396{background-color: #fafbfc !important;}&#8220;][vc_column][vc_custom_heading text=&#8220;So funktioniert\u2019s&#8220; font_container=&#8220;tag:h2|text_align:center&#8220; use_theme_fonts=&#8220;yes&#8220; css=&#8220;.vc_custom_1758297396539{margin-bottom: 40px !important;}&#8220;][vc_row_inner][vc_column_inner width=&#8220;1\/3&#8243;][vc_cta h2=&#8220;Teile deine Idee&#8220; h2_font_container=&#8220;tag:h4|text_align:left&#8220; h2_use_theme_fonts=&#8220;yes&#8220; add_icon=&#8220;top&#8220; i_type=&#8220;fontawesome&#8220; i_icon_fontawesome=&#8220;fas fa-lightbulb&#8220; css=&#8220;&#8220; use_custom_fonts_h2=&#8220;true&#8220; i_el_class=&#8220;text-left&#8220; el_class=&#8220;icon-box&#8220;]Erz\u00e4hl uns, was du dir vorstellst (oder nicht, wir brainstormen gern).[\/vc_cta][\/vc_column_inner][vc_column_inner width=&#8220;1\/3&#8243;][vc_cta h2=&#8220;Erhalte ein Angebot&#8220; h2_font_container=&#8220;tag:h4|text_align:left&#8220; h2_use_theme_fonts=&#8220;yes&#8220; add_icon=&#8220;top&#8220; i_type=&#8220;fontawesome&#8220; i_icon_fontawesome=&#8220;fas fa-hand-holding-usd&#8220; css=&#8220;&#8220; use_custom_fonts_h2=&#8220;true&#8220; i_el_class=&#8220;text-left&#8220; el_class=&#8220;icon-box&#8220;]Preis richtet sich nach Gr\u00f6\u00dfe, St\u00fcckzahl und Designaufwand.[\/vc_cta][\/vc_column_inner][vc_column_inner width=&#8220;1\/3&#8243;][vc_cta h2=&#8220;Design freigeben&#8220; h2_font_container=&#8220;tag:h4|text_align:left&#8220; h2_use_theme_fonts=&#8220;yes&#8220; add_icon=&#8220;top&#8220; i_type=&#8220;fontawesome&#8220; i_icon_fontawesome=&#8220;fas fa-thumbs-up&#8220; css=&#8220;&#8220; use_custom_fonts_h2=&#8220;true&#8220; i_el_class=&#8220;text-left&#8220; el_class=&#8220;icon-box&#8220;]Egal ob deins oder unseres, du bekommst vorab eine digitale Vorschau.[\/vc_cta][\/vc_column_inner][\/vc_row_inner][vc_row_inner][vc_column_inner width=&#8220;1\/2&#8243;][vc_cta h2=&#8220;Produktion&#8220; h2_font_container=&#8220;tag:h4|text_align:left&#8220; h2_use_theme_fonts=&#8220;yes&#8220; add_icon=&#8220;top&#8220; i_type=&#8220;fontawesome&#8220; i_icon_fontawesome=&#8220;fas fa-rainbow&#8220; css=&#8220;&#8220; use_custom_fonts_h2=&#8220;true&#8220; i_el_class=&#8220;text-left&#8220; el_class=&#8220;icon-box&#8220;]Nach Freigabe bringen wir deine Rainbow Maker zum Leben.[\/vc_cta][\/vc_column_inner][vc_column_inner width=&#8220;1\/2&#8243;][vc_cta h2=&#8220;Lieferung&#8220; h2_font_container=&#8220;tag:h4|text_align:left&#8220; h2_use_theme_fonts=&#8220;yes&#8220; add_icon=&#8220;top&#8220; i_type=&#8220;fontawesome&#8220; i_icon_fontawesome=&#8220;fas fa-shipping-fast&#8220; css=&#8220;&#8220; use_custom_fonts_h2=&#8220;true&#8220; i_el_class=&#8220;text-left&#8220; el_class=&#8220;icon-box&#8220;]Verpackt und versendet nach deinen Vorgaben, bereit zu gl\u00e4nzen.[\/vc_cta][\/vc_column_inner][\/vc_row_inner][\/vc_column][\/vc_row][vc_row css=&#8220;.vc_custom_1726400006000{padding-top:60px;padding-bottom:60px;}&#8220;][vc_column][vc_custom_heading text=&#8220;FAQ&#8220; font_container=&#8220;tag:h2|text_align:center&#8220; use_theme_fonts=&#8220;yes&#8220; css=&#8220;.vc_custom_1758022873139{margin-bottom: 40px !important;}&#8220;][vc_tta_accordion spacing=&#8220;8&#8243; c_icon=&#8220;chevron&#8220; c_position=&#8220;right&#8220; active_section=&#8220;1&#8243; no_fill=&#8220;true&#8220; collapsible_all=&#8220;true&#8220;][vc_tta_section title=&#8220;Mindestbestellmenge?&#8220; tab_id=&#8220;faq_min_order&#8220;][vc_column_text]500 St\u00fcck.[\/vc_column_text][\/vc_tta_section][vc_tta_section title=&#8220;Beliebige Form oder Gr\u00f6\u00dfe m\u00f6glich?&#8220; tab_id=&#8220;faq_size_shape&#8220;][vc_column_text]Ja, von klassischen Kreisen bis zu individuellen Formen.[\/vc_column_text][\/vc_tta_section][vc_tta_section title=&#8220;Wie lange dauert die Produktion?&#8220; tab_id=&#8220;faq_lead_time&#8220;][vc_column_text]Durchschnittlich 4\u20136 Wochen nach Designfreigabe. Wenn du es eilig hast, sag uns Bescheid.[\/vc_column_text][\/vc_tta_section][vc_tta_section title=&#8220;Muss ich das Design liefern?&#8220; tab_id=&#8220;faq_design&#8220;][vc_column_text]Nein. Du kannst dein Artwork senden, Vorgaben geben oder uns alles gestalten lassen.[\/vc_column_text][\/vc_tta_section][vc_tta_section title=&#8220;Was kostet es?&#8220; tab_id=&#8220;faq_price&#8220;][vc_column_text]Das h\u00e4ngt von Gr\u00f6\u00dfe, Menge und Design ab. Wir erstellen ein individuelles Angebot.[\/vc_column_text][\/vc_tta_section][\/vc_tta_accordion][\/vc_column][\/vc_row][vc_row full_width=&#8220;stretch_row_content&#8220; css=&#8220;.vc_custom_1758817694147{padding-top: 40px !important;padding-bottom: 40px !important;background-color: #fafbfc !important;}&#8220; el_id=&#8220;custom-quote&#8220;][vc_column][vc_custom_heading text=&#8220;Bereit loszulegen?&#8220; font_container=&#8220;tag:h2|text_align:center&#8220; use_theme_fonts=&#8220;yes&#8220; css=&#8220;.vc_custom_1758817458011{margin-bottom: 20px !important;}&#8220;][vc_row_inner][vc_column_inner][vc_column_text css=&#8220;.vc_custom_1759507814369{margin-bottom: 40px !important;}&#8220; align=&#8220;center&#8220; el_class=&#8220;text-center&#8220;]Damit wir dir schnell und genau ein Angebot machen k\u00f6nnen, brauchen wir:[\/vc_column_text][vc_column_text css=&#8220;&#8220; align=&#8220;center&#8220;]\r\n    \r\n    <style>\r\n        .mb-3 { margin-bottom: 25px !important; }\r\n        .custom-sticker-form input, .custom-sticker-form textarea { border-color: rgba(0, 0, 0, .25); border-radius:3px; }\r\n        .custom-sticker-form input { height:45px; }\r\n        .custom-sticker-form textarea { height:100px; }\r\n        .custom-sticker-form label { font-weight:bold; font-size:16px; }\r\n        .custom-sticker-form .btn.btn-primary { background:#000; padding:18px 50px; line-height:1; font-weight:700; text-transform:uppercase; border-radius:3px; }\r\n    <\/style>\r\n\r\n    <form method=\"post\" enctype=\"multipart\/form-data\" action=\"\/de\/wp-json\/wp\/v2\/pages\/45113419\" class=\"custom-sticker-form needs-validation\">\r\n        <input type=\"hidden\" id=\"custom_sticker_form_nonce\" name=\"custom_sticker_form_nonce\" value=\"56c3e54ec9\" \/><input type=\"hidden\" name=\"_wp_http_referer\" value=\"\/de\/wp-json\/wp\/v2\/pages\/45113419\" \/>        <input type=\"hidden\" name=\"custom_sticker_form_submitted\" value=\"1\">\r\n        <input type=\"hidden\" name=\"form_start_time\" value=\"1777626042\">\r\n\r\n        <div class=\"row\">\r\n            <div class=\"col-md-6 mb-3\">\r\n                <label for=\"first\" class=\"form-label\">Vorname *<\/label>\r\n                <input type=\"text\" class=\"form-control\" id=\"first\" name=\"first\"\r\n                       required\r\n                       value=\"\"\r\n                       placeholder=\"Vorname\">\r\n            <\/div>\r\n            <div class=\"col-md-6 mb-3\">\r\n                <label for=\"last\" class=\"form-label\">Nachname *<\/label>\r\n                <input type=\"text\" class=\"form-control\" id=\"last\" name=\"last\"\r\n                       required\r\n                       value=\"\"\r\n                       placeholder=\"Nachname\">\r\n            <\/div>\r\n        <\/div>\r\n\r\n        <div class=\"row\">\r\n            <div class=\"col-md-6 mb-3\">\r\n                <label for=\"company\" class=\"form-label\">Firma *<\/label>\r\n                <input type=\"text\" class=\"form-control\" id=\"company\" name=\"company\"\r\n                    required\r\n                    value=\"\"\r\n                    placeholder=\"Firma\">\r\n            <\/div>\r\n\r\n            <div style=\"position:absolute;left:-9999px;top:-9999px;\">\r\n                <input type=\"text\" name=\"hp_contact\" autocomplete=\"off\">\r\n            <\/div>\r\n\r\n            <div class=\"col-md-6 mb-3\">\r\n                <label for=\"email\" class=\"form-label\">Kontakt-E-Mail *<\/label>\r\n                <input type=\"email\" class=\"form-control\" id=\"email\" name=\"email\"\r\n                       required\r\n                       value=\"\"\r\n                       placeholder=\"Kontakt-E-Mail\">\r\n            <\/div>\r\n        <\/div>\r\n\r\n        <div class=\"row\">\r\n            <div class=\"col-md-4 mb-3\">\r\n                <label for=\"quantity\" class=\"form-label\">Gew\u00fcnschte Menge *<\/label>\r\n                <input type=\"number\" class=\"form-control\" id=\"quantity\" name=\"quantity\"\r\n                       required\r\n                       value=\"\"\r\n                       placeholder=\"Mindestens 500 St\u00fcck\">\r\n            <\/div>\r\n            <div class=\"col-md-4 mb-3\">\r\n                <label for=\"size\" class=\"form-label\">Stickergr\u00f6\u00dfe *<\/label>\r\n                <input type=\"text\" class=\"form-control\" id=\"size\" name=\"size\"\r\n                       required\r\n                       value=\"\"\r\n                       placeholder=\"Ungef\u00e4hr ist okay\">\r\n            <\/div>\r\n            <div class=\"col-md-4 mb-3\">\r\n                <label for=\"shape\" class=\"form-label\">Form *<\/label>\r\n                <input type=\"text\" class=\"form-control\" id=\"shape\" name=\"shape\"\r\n                       required\r\n                       value=\"\"\r\n                       placeholder=\"Rund, quadratisch, individuell\u2026\">\r\n            <\/div>\r\n        <\/div>\r\n\r\n        <div class=\"row\">\r\n            <div class=\"col-md-4 mb-3\">\r\n                <label for=\"design\" class=\"form-label\">Design hochladen (max. 5 MB)<\/label>\r\n                <input type=\"file\" class=\"form-control\" id=\"design\" name=\"design\" accept=\".pdf,.png,.jpg,.jpeg,.ai\">\r\n            <\/div>\r\n\r\n            <div class=\"col-md-4 mb-3\">\r\n                <label for=\"packaging\" class=\"form-label\">Verpackungsw\u00fcnsche *<\/label>\r\n                <input type=\"text\" class=\"form-control\" id=\"packaging\" name=\"packaging\"\r\n                       required\r\n                       value=\"\"\r\n                       placeholder=\"Einzelkarten, Sets, Markenverpackung, keine\">\r\n            <\/div>\r\n\r\n            <div class=\"col-md-4 mb-3\">\r\n                <label for=\"deadline\" class=\"form-label\">Deadline *<\/label>\r\n                <input type=\"text\" class=\"form-control\" id=\"deadline\" name=\"deadline\"\r\n                    required\r\n                    value=\"\"\r\n                    placeholder=\"Falls zutreffend\">\r\n            <\/div>\r\n        <\/div>\r\n\r\n        <div class=\"mb-3\">\r\n            <label for=\"shipping\" class=\"form-label\">Lieferadresse *<\/label>\r\n            <input type=\"text\" class=\"form-control\" id=\"shipping\" name=\"shipping\"\r\n                   required\r\n                   value=\"\"\r\n                   placeholder=\"F\u00fcr Versandangebot\">\r\n        <\/div>\r\n\r\n        <div class=\"mb-3\">\r\n            <label for=\"notes\" class=\"form-label\">Design-Notizen<\/label>\r\n            <textarea class=\"form-control\" id=\"notes\" name=\"notes\"\r\n                      placeholder=\"Beschreib deine Idee \/ sollen wir das Design \u00fcbernehmen?\"><\/textarea>\r\n        <\/div>\r\n\r\n        <button type=\"submit\" class=\"btn btn-primary\">Best\u00e4tigen<\/button>\r\n    <\/form>\r\n\r\n    <script>\r\n        \/\/ Localized messages from PHP\r\n        const StickerFormMsgs = {\r\n            fileTooLarge: \"Datei \u00fcberschreitet 5 MB\",\r\n            invalidType: \"Ung\u00fcltiger Dateityp\",\r\n            minQuantity: \"Mindestmenge betr\u00e4gt 500 St\u00fcck.\"\r\n        };\r\n\r\n        \/\/ File upload validation\r\n        document.getElementById('design')?.addEventListener('change', function () {\r\n            const maxSize = 5 * 1024 * 1024;\r\n            const allowedExt = ['pdf','png','jpg','jpeg','ai'];\r\n            const file = this.files[0];\r\n            if (!file) return;\r\n            if (file.size > maxSize) { alert(StickerFormMsgs.fileTooLarge); this.value=''; return; }\r\n            const ext = file.name.split('.').pop().toLowerCase();\r\n            if (!allowedExt.includes(ext)) { alert(StickerFormMsgs.invalidType); this.value=''; }\r\n        });\r\n\r\n        \/\/ Quantity validation\r\n        document.getElementById('quantity')?.addEventListener('blur', function () {\r\n            const qty = parseInt(this.value);\r\n            if (qty && qty < 500) {\r\n                alert(StickerFormMsgs.minQuantity);\r\n                this.focus();\r\n            }\r\n        });\r\n\r\n        \/\/ Form submission validation\r\n        document.querySelector('.custom-sticker-form')?.addEventListener('submit', function(e) {\r\n            const qty = parseInt(document.getElementById('quantity')?.value);\r\n            if (qty && qty < 500) {\r\n                e.preventDefault();\r\n                alert(StickerFormMsgs.minQuantity);\r\n                document.getElementById('quantity')?.focus();\r\n                return false;\r\n            }\r\n        });\r\n    <\/script>\r\n\r\n    [\/vc_column_text][\/vc_column_inner][\/vc_row_inner][\/vc_column][\/vc_row]<\/p>\n<\/div>","protected":false},"excerpt":{"rendered":"<p>[vc_row full_width=&#8220;stretch_row_content&#8220; css=&#8220;.vc_custom_1726400000000{background-color: #f9fafb !important;}&#8220;][vc_column][vc_row_inner content_placement=&#8220;middle&#8220;][vc_column_inner width=&#8220;2\/3&#8243;][vc_custom_heading text=&#8220;Individuelle Rainbow Maker Sticker&#8220; font_container=&#8220;tag:h1|text_align:left&#8220; use_theme_fonts=&#8220;yes&#8220; css=&#8220;.vc_custom_1758291137627{margin-bottom: 40px !important;}&#8220; el_class=&#8220;tiempos-headline&#8220;][vc_column_text css=&#8220;&#8220;] Bring ein bisschen Licht, Farbe und Magie in deine Marke oder dein Event mit individuellen Rainbow Maker Stickern. Unsere Bestseller verwandeln Sonnenlicht in Regenb\u00f6gen an W\u00e4nden, Fenstern und B\u00f6den \u2013 und jetzt kannst du deine eigene Version&hellip;<\/p>\n","protected":false},"author":32003413,"featured_media":45113366,"parent":0,"menu_order":0,"comment_status":"closed","ping_status":"closed","template":"","meta":{"_acf_changed":false,"footnotes":""},"class_list":["post-45113419","page","type-page","status-publish","has-post-thumbnail","hentry"],"acf":[],"_links":{"self":[{"href":"https:\/\/www.botanopia.com\/de\/wp-json\/wp\/v2\/pages\/45113419","targetHints":{"allow":["GET"]}}],"collection":[{"href":"https:\/\/www.botanopia.com\/de\/wp-json\/wp\/v2\/pages"}],"about":[{"href":"https:\/\/www.botanopia.com\/de\/wp-json\/wp\/v2\/types\/page"}],"author":[{"embeddable":true,"href":"https:\/\/www.botanopia.com\/de\/wp-json\/wp\/v2\/users\/32003413"}],"replies":[{"embeddable":true,"href":"https:\/\/www.botanopia.com\/de\/wp-json\/wp\/v2\/comments?post=45113419"}],"version-history":[{"count":0,"href":"https:\/\/www.botanopia.com\/de\/wp-json\/wp\/v2\/pages\/45113419\/revisions"}],"wp:featuredmedia":[{"embeddable":true,"href":"https:\/\/www.botanopia.com\/de\/wp-json\/wp\/v2\/media\/45113366"}],"wp:attachment":[{"href":"https:\/\/www.botanopia.com\/de\/wp-json\/wp\/v2\/media?parent=45113419"}],"curies":[{"name":"wp","href":"https:\/\/api.w.org\/{rel}","templated":true}]}}