{"id":41061708,"date":"2020-05-01T08:39:21","date_gmt":"2020-05-01T06:39:21","guid":{"rendered":"https:\/\/www.botanopia.com\/shop\/unkategorisiert\/cyanotypen-kit-bausatz-um-deine-eigenen-wunderschoenen-drucke-zu-erstellen\/"},"modified":"2026-04-07T17:08:14","modified_gmt":"2026-04-07T15:08:14","slug":"cyanotypie-diy-set-blaudrucke-erstellen","status":"publish","type":"product","link":"https:\/\/www.botanopia.com\/de\/shop\/geschenkboxen-und-bastelsets\/cyanotypie-diy-set-blaudrucke-erstellen\/","title":{"rendered":"Cyanotype Kit &#8211; DIY-Kit zur Herstellung eigener Blaudrucke"},"content":{"rendered":"<h3>Cyano-was? Cyanotypie! Was ist das denn?<\/h3>\n<p>Eine Cyanotypie ist eine fotografische Drucktechnik, die mit Sonnenlicht ausgel\u00f6st wird und einen cyanblauen Abzug erzeugt.<\/p>\n<p>Das Verfahren wurde 1842 entdeckt und wird von K\u00fcnstlern und Fotografen, aber auch von Ingenieuren genutzt, um erschwingliche Kopien von technischen Zeichnungen zu erstellen.<\/p>\n<p><a title=\"\" href=\"https:\/\/en.wikipedia.org\/wiki\/Anna_Atkins\" target=\"_blank\" rel=\"noopener\">Anna Atkins<\/a> gilt als die erste weibliche Fotografin und ver\u00f6ffentlichte ein wundersch\u00f6nes Buch mit dem Titel <i>Photographs of British Algae:<\/i> <i>Cyanotype Impressions, in dem<\/i> sie die Formen ihrer lokalen Algenarten dokumentiert. Mit unserem Kit kannst du genau dieselbe Technik anwenden, um deine eigenen blauen Kunstwerke mit Pflanzen zu erstellen.<\/p>\n<h3>Wie funktioniert das?<\/h3>\n<p>Mit unserem DIY Cyanotypie-Kit erstellst du ein lichtempfindliches Blatt Papier. Dann suchst du dir ein h\u00fcbsches Blumenblatt als Vorlage, deckst es mit dem Glas ab und l\u00e4sst die Sonne ihre Magie wirken, um das Papier zu bedrucken. Die 2 x100ml-Flaschen reichen f\u00fcr die 24 Bl\u00e4tter Papier aus. Du kannst die \u00fcbrig gebliebene L\u00f6sung auf Textilien (Naturfasern wie Baumwolle oder Seide), anderen Papieren oder sogar Holz verwenden. Die Komponenten in Pulverform sind viele Jahre lang haltbar. Wenn du sie mit Wasser vermischt hast, kannst du sie etwa ein Jahr lang aufbewahren. Hast du dein Set schon aufgebraucht und willst noch mehr Abdr\u00fccke machen? Wir haben auch ein <a href=\"https:\/\/www.botanopia.com\/de\/shop\/geschenkideen\/geschenkideen-unter-50-euro\/nachfuellpack-fuer-dein-cyanotypie-diy-set\/\" target=\"_blank\" rel=\"noopener\">Nachf\u00fcllpack<\/a> im Angebot.<\/p>\n<h3>Abschlie\u00dfende Anmerkungen<\/h3>\n<p>:<\/p>\n<p>Videoanleitung mit englischen, niederl\u00e4ndischen, deutschen und franz\u00f6sischen Untertiteln verf\u00fcgbar.<\/p>\n<p>-Entdecke deine Kreativit\u00e4t. Gestalte mit den Formen der Natur und deinen Kompositionen.<\/p>\n<p>&#8211; Eine botanische Geschenkidee. Es gibt nichts Sch\u00f6neres als einen pers\u00f6nlichen Druck der Lieblingsblume, der von dir gemacht wurde.<\/p>\n<p>&#8211; Bonus-Kunstdruck. Wir haben eine Reproduktion eines Cyanotypie-Drucks von Botanopia nur f\u00fcr dich beigelegt.<\/p>\n","protected":false},"excerpt":{"rendered":"<p><strong>Dieses lustige DIY-Kit hei\u00dft dich herzlich in der Welt der Kunst willkommen. Erstelle deine eigenen einzigartigen botanischen Kunstdrucke und entdecke die Freude an der Cyanotypie, einer Drucktechnik, die die Kraft der Sonne nutzt! <\/strong><\/p>\n<p>Dieses DIY-Kit enth\u00e4lt alle notwendigen Materialien, um viele wundersch\u00f6ne botanische Drucke herzustellen:<\/p>\n<p>-200 ml Cyanotypie-Emulsion in Pulverform, einfach Wasser hinzuf\u00fcgen.<\/p>\n<p>-Einen Kontaktrahmen aus Glas.<\/p>\n<p>-24 Bl\u00e4tter dickes Papier mit verschiedenen Texturen, A6-Format.<\/p>\n<p>-einen Schaumstoffpinsel.<\/p>\n<p>-einen Messbecher, einen Mischbecher und Einweghandschuhe<\/p>\n<p>Mit diesem Set kannst du deine Liebe zur Pflanzenwelt auf eine neue Art und Weise ausdr\u00fccken. Befolge die mitgelieferte Anleitung, um kleine Blumenbl\u00e4tter, Pflanzen und Blumen in beeindruckenden Kunstwerken f\u00fcr dein Zuhause festzuhalten. Du brauchst kein besonderes Talent oder k\u00fcnstlerische Erfahrung, denn sch\u00f6ne Ergebnisse sind jedes Mal garantiert.<\/p>\n<p>Bei der Herstellung von Cyanotypien f\u00fcr botanische Entw\u00fcrfe verwendest du eine einzigartige fotografische Drucktechnik, die vom UV-Licht der Sonne abh\u00e4ngt. Das macht es zu einer tollen Bastelaktivit\u00e4t im Freien, die du alleine oder mit Freunden machen kannst.<\/p>\n","protected":false},"featured_media":45078636,"comment_status":"open","ping_status":"closed","template":"","meta":{"_acf_changed":false},"product_brand":[],"product_cat":[19000433,23000514,23001807,23001004,23000608,23000817],"product_tag":[23000995,23000841,23001795,23001049,23000691],"giftcard-category":[],"class_list":{"0":"post-41061708","1":"product","2":"type-product","3":"status-publish","4":"has-post-thumbnail","6":"product_cat-geschenkboxen-und-bastelsets","7":"product_cat-showall-de","8":"product_cat-fruehjahrs-bestseller","9":"product_cat-universal-products-de","10":"product_cat-unsere-cyanotypie","11":"product_cat-geschenkideen-unter-50-euro","12":"product_tag-b2c-de","13":"product_tag-de-package","14":"product_tag-retail-2-de","15":"product_tag-universal_en-de","16":"product_tag-wholesale-de-de-2","17":"product_shipping_class-not-mailbox-de","19":"first","20":"outofstock","21":"taxable","22":"shipping-taxable","23":"purchasable","24":"product-type-simple","26":"catalog-layout-default","27":"columns-xs-1"},"bundled_by":[],"bundle_stock_status":"instock","bundle_stock_quantity":-1656,"bundle_virtual":false,"bundle_layout":"","bundle_add_to_cart_form_location":"","bundle_editable_in_cart":false,"bundle_sold_individually_context":"","bundle_item_grouping":"","bundle_min_size":"","bundle_max_size":"","bundled_items":[],"bundle_sell_ids":[45090388,45090382],"acf":[],"gallery_images":[45078644,45077648,45078660,45077640,45077624,45077636,45077644,45077620],"_links":{"self":[{"href":"https:\/\/www.botanopia.com\/de\/wp-json\/wp\/v2\/product\/41061708","targetHints":{"allow":["GET"]}}],"collection":[{"href":"https:\/\/www.botanopia.com\/de\/wp-json\/wp\/v2\/product"}],"about":[{"href":"https:\/\/www.botanopia.com\/de\/wp-json\/wp\/v2\/types\/product"}],"replies":[{"embeddable":true,"href":"https:\/\/www.botanopia.com\/de\/wp-json\/wp\/v2\/comments?post=41061708"}],"wp:featuredmedia":[{"embeddable":true,"href":"https:\/\/www.botanopia.com\/de\/wp-json\/wp\/v2\/media\/45078636"}],"wp:attachment":[{"href":"https:\/\/www.botanopia.com\/de\/wp-json\/wp\/v2\/media?parent=41061708"}],"wp:term":[{"taxonomy":"product_brand","embeddable":true,"href":"https:\/\/www.botanopia.com\/de\/wp-json\/wp\/v2\/product_brand?post=41061708"},{"taxonomy":"product_cat","embeddable":true,"href":"https:\/\/www.botanopia.com\/de\/wp-json\/wp\/v2\/product_cat?post=41061708"},{"taxonomy":"product_tag","embeddable":true,"href":"https:\/\/www.botanopia.com\/de\/wp-json\/wp\/v2\/product_tag?post=41061708"},{"taxonomy":"giftcard-category","embeddable":true,"href":"https:\/\/www.botanopia.com\/de\/wp-json\/wp\/v2\/giftcard-category?post=41061708"}],"curies":[{"name":"wp","href":"https:\/\/api.w.org\/{rel}","templated":true}]}}