{"id":41061709,"date":"2019-05-06T07:32:08","date_gmt":"2019-05-06T05:32:08","guid":{"rendered":"https:\/\/www.botanopia.com\/shop\/unkategorisiert\/pflanzenstuetze-fuer-kletterpflanzen-in-schwarz\/"},"modified":"2026-05-13T13:08:38","modified_gmt":"2026-05-13T11:08:38","slug":"rankhilfe-fuer-kletterpflanzen-messing-schwarz","status":"publish","type":"product","link":"https:\/\/www.botanopia.com\/de\/shop\/geschenkideen\/geschenk-ideen-unter-25-euro\/rankhilfe-fuer-kletterpflanzen-messing-schwarz\/","title":{"rendered":"Rankhilfe f\u00fcr Kletterpflanzen &#8211; Schwarz"},"content":{"rendered":"<h3>M\u00f6glichkeiten eine Rankhilfe zu verwenden<\/h3>\n<p>Spaliere sind vielseitig. Sie k\u00f6nnen verwendet werden, um unansehnliche Details eines Hauses zu verdecken oder dekorative Akzente zu setzen. H\u00e4nge die Messingkette auf und kombiniere sie mit der richtigen Pflanze f\u00fcr deine Bed\u00fcrfnisse. Willst du mehr Gr\u00fcn? Traditionelle Kletterpflanzen wie gr\u00fcner Efeu oder eine Mini-Monstera eignen sich wunderbar. Du liebst Blumen? W\u00e4hle bl\u00fchende Reben wie Clematis, Jasmin oder Passionsfrucht. Empfehlenswerte Kletterpflanzen f\u00fcr drau\u00dfen sind Glyzinien oder Weinreben.<\/p>\n<h3>Guide deine Kletterpflanzen<\/h3>\n<p>Kletterpflanzen werden immer klettern, du musst sie nur anleiten. Wenn du dich f\u00fcr ein Pflanzenaccessoire wie diese schwarze Messingkette entscheidest, ist das wie eine liebevolle Wegdekoration f\u00fcr deine Kletter- oder H\u00e4ngepflanzen. Es ist nicht leicht, mit der Sch\u00f6nheit der Natur zu konkurrieren, aber wir denken, dass wir ein stilvolles St\u00fctzelement f\u00fcr deine Kletterpflanzen geschaffen haben. Wenn du nach etwas Ausgefallenerem suchst, ist unsere Messingkette auch in gl\u00e4nzendem Goldmessing erh\u00e4ltlich.<\/p>\n<h3>Eigenschaften unserer schwarzen Rankhilfe &#8211; Pflanzenst\u00fctze f\u00fcr Kletterpflanzen:<\/h3>\n<ul>\n<li>&#8211; Erschwingliches Design. Verleiht einem traditionellen Objekt ein wenig Pfiff.<\/li>\n<li>&#8211; Platzsparend. Vertikale Pflanzen sind perfekt f\u00fcr kleinere Wohnungen.<\/li>\n<li>&#8211; Modular. Kann zusammen mit deinen Pflanzen in die H\u00f6he wachsen.<\/li>\n<li>&#8211; Erh\u00e4ltlich in mattschwarzem Messing oder in <a href=\"https:\/\/www.botanopia.com\/de\/shop\/geschenkideen\/geschenk-ideen-unter-25-euro\/rankhilfe-fuer-kletterpflanzen-messing-gold\/\" target=\"_blank\" rel=\"noopener\">gl\u00e4nzendem Goldmessing<\/a>.<\/li>\n<\/ul>\n<h3>Anleitungsvideo<\/h3>\n<p>Du fragst dich, wie die Montage abl\u00e4uft? Wir haben hier ein kleines Anleitungsvideo (im Video-Tab), damit der Zusammenbau verst\u00e4ndlich wird. Hier geht es um das sorgf\u00e4ltige Verbinden der Ringe, das Anbringen des Verschlusssystems am Ende und das Anbringen des kleinen Hakens, um den Spalier aufzuh\u00e4ngen.<\/p>\n","protected":false},"excerpt":{"rendered":"<p><strong>Wer h\u00e4tte gedacht, dass eine Rankhilfe so stilvoll sein kann? Diese Kette aus schwarzem Messing verleiht deinen Kletterpflanzen ein neues Ma\u00df an Stil und Halt. Gold ist das neue Schwarz, deshalb gibt es die Kette auch in einer gl\u00e4nzenden Goldausf\u00fchrung. <\/strong><\/p>\n<p>Der Entwurf dieser modernen Pflanzenst\u00fctze f\u00fcr Kletterpflanzen entstand aus dem Wunsch heraus, einem funktionalen Objekt Stil zu verleihen. Die mattschwarze Messingkette ist eine sch\u00f6ne Kombination aus modernen Stilelementen, die durch organische Formen aufgelockert werden.<\/p>\n<p>Dieser Artikel ist der Beweis daf\u00fcr, dass ein Spalier keine gro\u00dfe Struktur sein muss. Es wird sogar flach verpackt geliefert und passt in deinen Briefkasten. Die Montage besteht darin, die Ringe miteinander zu verbinden und die leichte Messingstruktur mit einer Stecknadel, einer Schraube oder einem Nagel an einer Wand aufzuh\u00e4ngen. Du kannst die modulare Kette bis zu 1,90 m hoch machen.<\/p>\n<p>Dank der Schutzbeschichtung kannst du die schwarze Kette sowohl im Innen- als auch im Au\u00dfenbereich verwenden, um sie so einzusetzen wie es dir gef\u00e4llt.<\/p>\n","protected":false},"featured_media":45077576,"comment_status":"open","ping_status":"closed","template":"","meta":{"_acf_changed":false},"product_brand":[],"product_cat":[23000514,23001807,23000814,23001004,19000436],"product_tag":[23000995,23000844,23001795,23001049,23000691],"giftcard-category":[],"class_list":{"0":"post-41061709","1":"product","2":"type-product","3":"status-publish","4":"has-post-thumbnail","6":"product_cat-showall-de","7":"product_cat-fruehjahrs-bestseller","8":"product_cat-geschenk-ideen-unter-25-euro","9":"product_cat-universal-products-de","10":"product_cat-unsere-pflanzenstutzen","11":"product_tag-b2c-de","12":"product_tag-de-mailbox","13":"product_tag-retail-2-de","14":"product_tag-universal_en-de","15":"product_tag-wholesale-de-de-2","16":"product_shipping_class-mailbox-package-de-2","18":"first","19":"instock","20":"taxable","21":"shipping-taxable","22":"purchasable","23":"product-type-simple","25":"catalog-layout-default","26":"columns-xs-1"},"bundled_by":[],"bundle_stock_status":"instock","bundle_stock_quantity":-551,"bundle_virtual":false,"bundle_layout":"","bundle_add_to_cart_form_location":"","bundle_editable_in_cart":false,"bundle_sold_individually_context":"","bundle_item_grouping":"","bundle_min_size":"","bundle_max_size":"","bundled_items":[],"bundle_sell_ids":[45090404,45090262],"acf":[],"gallery_images":[45104579,45104604,45104549,45107032,45104584,45104589,45077601,45104569,45104544,45104539,45104707,45104702,45104712,45104574],"_links":{"self":[{"href":"https:\/\/www.botanopia.com\/de\/wp-json\/wp\/v2\/product\/41061709","targetHints":{"allow":["GET"]}}],"collection":[{"href":"https:\/\/www.botanopia.com\/de\/wp-json\/wp\/v2\/product"}],"about":[{"href":"https:\/\/www.botanopia.com\/de\/wp-json\/wp\/v2\/types\/product"}],"replies":[{"embeddable":true,"href":"https:\/\/www.botanopia.com\/de\/wp-json\/wp\/v2\/comments?post=41061709"}],"wp:featuredmedia":[{"embeddable":true,"href":"https:\/\/www.botanopia.com\/de\/wp-json\/wp\/v2\/media\/45077576"}],"wp:attachment":[{"href":"https:\/\/www.botanopia.com\/de\/wp-json\/wp\/v2\/media?parent=41061709"}],"wp:term":[{"taxonomy":"product_brand","embeddable":true,"href":"https:\/\/www.botanopia.com\/de\/wp-json\/wp\/v2\/product_brand?post=41061709"},{"taxonomy":"product_cat","embeddable":true,"href":"https:\/\/www.botanopia.com\/de\/wp-json\/wp\/v2\/product_cat?post=41061709"},{"taxonomy":"product_tag","embeddable":true,"href":"https:\/\/www.botanopia.com\/de\/wp-json\/wp\/v2\/product_tag?post=41061709"},{"taxonomy":"giftcard-category","embeddable":true,"href":"https:\/\/www.botanopia.com\/de\/wp-json\/wp\/v2\/giftcard-category?post=41061709"}],"curies":[{"name":"wp","href":"https:\/\/api.w.org\/{rel}","templated":true}]}}