{"id":41061711,"date":"2019-05-30T17:41:41","date_gmt":"2019-05-30T15:41:41","guid":{"rendered":"https:\/\/www.botanopia.com\/shop\/unkategorisiert\/kleiner-campingausflug-fuer-deine-pflanzen-vorbestellung-paketzustellung-mitte-ende-oktober-moeglich\/"},"modified":"2026-03-18T09:14:22","modified_gmt":"2026-03-18T07:14:22","slug":"tiny-camping-mini-messing-camping-fuer-deine-pflanzen","status":"publish","type":"product","link":"https:\/\/www.botanopia.com\/de\/shop\/geschenkideen\/geschenk-ideen-unter-25-euro\/tiny-camping-mini-messing-camping-fuer-deine-pflanzen\/","title":{"rendered":"Tiny Camping &#8211; Mini-Camping f\u00fcr deine Pflanzen"},"content":{"rendered":"<h3>Ruhig und gem\u00fctlich<\/h3>\n<p>Dieses DIY-Kit ist deine Chance auf eine erschwingliche Stadtflucht zu deinem Traumziel. Wenn du dich auf die erstaunlich detaillierten Mini-Accessoires aus Goldmessing konzentrierst, kannst du dich vom Alltagsgeschehen erholen. Sieh dir unser Video-Tutorial (im Video-Tab) an, um dich auf dein DIY-Pflanzenbasteln einzustimmen. Wir empfehlen dir, dich nicht zu beeilen, Musik aufzulegen und einen Freund einzuladen, wenn du m\u00f6chtest. Schaffe die n\u00f6tige Stimmung, um an deinem ruhigen und gem\u00fctlichen Campingziel anzukommen<\/p>\n<h3>Brillante Pflanzendekoration aus Messing<\/h3>\n<ul>\n<li>&#8211; Kann dank des Materials drinnen und drau\u00dfen verwendet werden<\/li>\n<li>&#8211; Diese Tiny Camping Artikel werden in einer kompakten Verpackung geliefert. Ein sch\u00f6nes Geschenk, das du jemandem in den Briefkasten stecken kannst<\/li>\n<li>&#8211; Voller Geschichten. Dieses aufwendige Set kann zur Dekoration mehrerer T\u00f6pfe verwendet werden.<\/li>\n<\/ul>\n","protected":false},"excerpt":{"rendered":"<p><strong>Zieh dir bequeme Kleidung an, schnapp dir dein Zelt und vergiss die Marshmallows nicht, denn wir gehen campen! Baue dein Tiny Camping Set im Topf deiner Lieblingspflanze auf und starre die Magie an, bis das goldene Messing im Mondlicht schimmert.<\/strong><\/p>\n<p>Finde einen Moment der Ruhe, indem du diese DIY-Mini-Accessoires zusammenstellst. Sie dienen als gl\u00e4nzendes Pflanzen- oder Terrarienzubeh\u00f6r. Au\u00dferdem sind sie die B\u00fchne f\u00fcr all deine Campingfantasien. Um dir eine Vorstellung von der Gr\u00f6\u00dfe zu geben, das kleine Zelt allein ist 3 x 3 x 5,2 cm gro\u00df.<\/p>\n<p>Das Set enth\u00e4lt alles, was du f\u00fcr einen unvergesslichen Ausflug brauchst. Fangen wir mit den Grundlagen an: ein Zelt, eine H\u00e4ngematte, eine Kaffeemaschine, eine Axt und Marshmallows. Dein Fernglas f\u00fcr die Vogelbeobachtung, ein Kanu, um auf dem Fluss zu fahren und eine Gitarre zum Mitsingen. Dein gem\u00fctliches Lagerfeuer lockt vielleicht sogar ein paar wilde Tiere an: ein Specht, ein B\u00e4r, 2 Rehe, ein Igel, ein Frosch, ein Fuchs und ein Hase sind auch im Set enthalten. Wir sind uns nicht sicher, wie gro\u00df dein Lagerplatz ist, aber du kannst die magischen Messingelemente auch auf mehrere T\u00f6pfe verteilen.<\/p>\n<p>Weitere verf\u00fcgbare Sets: <a href=\"https:\/\/www.botanopia.com\/de\/shop\/geschenkideen\/geschenk-ideen-unter-25-euro\/tiny-treehouse-mini-messing-baumhaus-fuer-deine-pflanzen\/\">Tiny Treehouse<\/a>, <a href=\"https:\/\/www.botanopia.com\/de\/shop\/geschenkideen\/geschenk-ideen-unter-25-euro\/tiny-birdhouse-mini-messing-vogelhaus-fuer-deine-pflanzen\/\">Tiny Birdhouse<\/a>, <a href=\"https:\/\/www.botanopia.com\/de\/shop\/geschenkideen\/geschenk-ideen-unter-25-euro\/kleiner-fahrrad-ausflug-fuer-deine-pflanze\/\">Tiny Bike Adventure<\/a><\/p>\n","protected":false},"featured_media":45076710,"comment_status":"open","ping_status":"closed","template":"","meta":{"_acf_changed":false},"product_brand":[],"product_cat":[23000514,23000814,23001004,19000437],"product_tag":[23000995,23000844,23000676,23001049,23000691],"giftcard-category":[],"class_list":{"0":"post-41061711","1":"product","2":"type-product","3":"status-publish","4":"has-post-thumbnail","6":"product_cat-showall-de","7":"product_cat-geschenk-ideen-unter-25-euro","8":"product_cat-universal-products-de","9":"product_cat-unsere-pflanzen-accessoires","10":"product_tag-b2c-de","11":"product_tag-de-mailbox","12":"product_tag-retail-de","13":"product_tag-universal_en-de","14":"product_tag-wholesale-de-de-2","15":"product_shipping_class-mailbox-package-de-2","17":"first","18":"instock","19":"taxable","20":"shipping-taxable","21":"purchasable","22":"product-type-simple","24":"catalog-layout-default","25":"columns-xs-1"},"bundled_by":[],"bundle_stock_status":"instock","bundle_stock_quantity":-2015,"bundle_virtual":false,"bundle_layout":"","bundle_add_to_cart_form_location":"","bundle_editable_in_cart":false,"bundle_sold_individually_context":"","bundle_item_grouping":"","bundle_min_size":"","bundle_max_size":"","bundled_items":[],"bundle_sell_ids":[45065354,45065360],"acf":[],"gallery_images":[45076714,45078015,45106984,45076690,45078019,41061432,45077995,45105612,45105607,45105617],"_links":{"self":[{"href":"https:\/\/www.botanopia.com\/de\/wp-json\/wp\/v2\/product\/41061711","targetHints":{"allow":["GET"]}}],"collection":[{"href":"https:\/\/www.botanopia.com\/de\/wp-json\/wp\/v2\/product"}],"about":[{"href":"https:\/\/www.botanopia.com\/de\/wp-json\/wp\/v2\/types\/product"}],"replies":[{"embeddable":true,"href":"https:\/\/www.botanopia.com\/de\/wp-json\/wp\/v2\/comments?post=41061711"}],"wp:featuredmedia":[{"embeddable":true,"href":"https:\/\/www.botanopia.com\/de\/wp-json\/wp\/v2\/media\/45076710"}],"wp:attachment":[{"href":"https:\/\/www.botanopia.com\/de\/wp-json\/wp\/v2\/media?parent=41061711"}],"wp:term":[{"taxonomy":"product_brand","embeddable":true,"href":"https:\/\/www.botanopia.com\/de\/wp-json\/wp\/v2\/product_brand?post=41061711"},{"taxonomy":"product_cat","embeddable":true,"href":"https:\/\/www.botanopia.com\/de\/wp-json\/wp\/v2\/product_cat?post=41061711"},{"taxonomy":"product_tag","embeddable":true,"href":"https:\/\/www.botanopia.com\/de\/wp-json\/wp\/v2\/product_tag?post=41061711"},{"taxonomy":"giftcard-category","embeddable":true,"href":"https:\/\/www.botanopia.com\/de\/wp-json\/wp\/v2\/giftcard-category?post=41061711"}],"curies":[{"name":"wp","href":"https:\/\/api.w.org\/{rel}","templated":true}]}}