{"id":42061980,"date":"2018-05-02T11:45:51","date_gmt":"2018-05-02T09:45:51","guid":{"rendered":"https:\/\/www.botanopia.com\/?post_type=product&#038;p=42061980"},"modified":"2026-04-21T12:02:06","modified_gmt":"2026-04-21T10:02:06","slug":"organischer-duenger-50ml-tropfflasche","status":"publish","type":"product","link":"https:\/\/www.botanopia.com\/de\/shop\/geschenkideen\/geschenk-ideen-unter-25-euro\/organischer-duenger-50ml-tropfflasche\/","title":{"rendered":"Organischer D\u00fcnger &#8211; 50ml Tropfflasche"},"content":{"rendered":"<div class=\"\"><\/div>\n<p>Dein Samen hat gekeimt und du hast eine gesunde Pflanze in deiner Keimplatte wachsen?<\/p>\n<p>F\u00fcge dem Wasser ein wenig D\u00fcnger hinzu, damit deine Pflanze gedeihen und wachsen.\u00a0Nach dem wir einige Sorten getestet haben, erwies sich dieser ganz klar als Favorit, um das gesunde Wachstum unserer Pflanzen zu f\u00f6rdern.<\/p>\n<p>Die N\u00e4hrstoffl\u00f6sung ist gut f\u00fcr Hydrokulturen geeignet. Sie besteht aus 100% R\u00fcbenvinasse.<\/p>\n<p>Wenn du den D\u00fcnger lieber f\u00fcr Pflanzen in der Erde verwenden m\u00f6chtest, dann verdopple einfach die Dosis!<\/p>\n<p><em>Empfohlene Dosierung f\u00fcr die Verwendung in Kombination mit deinen Keimplatten:<\/em><\/p>\n<p><em>1 Tropfen pro Woche pro 250ml Wasser<\/em><\/p>\n<p><em>Frisch das Wasser regelm\u00e4\u00dfig auf, um Algenwachstum zu verhindern und das Wasser mit Sauerstoff anzureichern. Den D\u00fcnger k\u00fchl und au\u00dferhalb von Tageslicht sowie au\u00dferhalb der Reichweite von Kindern lagern.<\/em><\/p>\n<p><em>Anwendbar f\u00fcr den biologischen Anbau, entspricht der EG-Verordnung N\u00b0834\/2007, hergestellt in Frankreich.<\/em><\/p>\n<p><em>Analyse: N-P-K 3-1-6<\/em><\/p>\n","protected":false},"excerpt":{"rendered":"<p>50ml vollst\u00e4ndiger organischer Pflanzend\u00fcnger f\u00fcr Hydrokulturpflanzen sowie konventionelle Topfpflanzen.<\/p>\n<p>Von Pflanzen, f\u00fcr Pflanzen. Unser D\u00fcnger ist vegan, organisch und effektiv.<\/p>\n<p>Der komplette organische D\u00fcnger kann unbedenklich f\u00fcr deine Hydrokulturpflanzen und Stecklinge verwendet werden und verbrennt die Wurzeln nicht (wie es synthetische D\u00fcnger tun k\u00f6nnen). Durch die praktische Pipettenflasche kann der D\u00fcnger einfach dosiert werden und ist zudem leicht l\u00f6slich. Du kannst ihn f\u00fcr alle deine Pflanzen verwenden, die im Wasser oder in der Erde wachsen.<\/p>\n<p>Hast du einen gr\u00f6\u00dferen Dschungel zuhause? Der D\u00fcnger ist auch in einer\u00a0<a href=\"https:\/\/www.botanopia.com\/shop\/showall-de\/pflanzennahrung-450ml-pumpflasche\/?lang=de\">450ml-Flasche<\/a> erh\u00e4ltlich.<\/p>\n","protected":false},"featured_media":45076878,"comment_status":"open","ping_status":"closed","template":"","meta":{"_acf_changed":false},"product_brand":[],"product_cat":[23000514,23001057,23001807,23000814],"product_tag":[23000995,23000841,23000628,23000990,23001795,23000691],"giftcard-category":[],"class_list":{"0":"post-42061980","1":"product","2":"type-product","3":"status-publish","4":"has-post-thumbnail","6":"product_cat-showall-de","7":"product_cat-biologischer-dunger-olie","8":"product_cat-fruehjahrs-bestseller","9":"product_cat-geschenk-ideen-unter-25-euro","10":"product_tag-b2c-de","11":"product_tag-de-package","12":"product_tag-dunger","13":"product_tag-eu-only-de","14":"product_tag-retail-2-de","15":"product_tag-wholesale-de-de-2","16":"product_shipping_class-not-mailbox-de","18":"first","19":"outofstock","20":"taxable","21":"shipping-taxable","22":"purchasable","23":"product-type-simple","25":"catalog-layout-default","26":"columns-xs-1"},"bundled_by":[],"bundle_stock_status":"instock","bundle_stock_quantity":-2859,"bundle_virtual":false,"bundle_layout":"","bundle_add_to_cart_form_location":"","bundle_editable_in_cart":false,"bundle_sold_individually_context":"","bundle_item_grouping":"","bundle_min_size":"","bundle_max_size":"","bundled_items":[],"bundle_sell_ids":[45073646,45069468],"acf":[],"gallery_images":[45105393,45077656,45105408,45105383,45105368,45105388,45105413,45105403,45105398,45105373,45105423,45105418,45105428],"_links":{"self":[{"href":"https:\/\/www.botanopia.com\/de\/wp-json\/wp\/v2\/product\/42061980","targetHints":{"allow":["GET"]}}],"collection":[{"href":"https:\/\/www.botanopia.com\/de\/wp-json\/wp\/v2\/product"}],"about":[{"href":"https:\/\/www.botanopia.com\/de\/wp-json\/wp\/v2\/types\/product"}],"replies":[{"embeddable":true,"href":"https:\/\/www.botanopia.com\/de\/wp-json\/wp\/v2\/comments?post=42061980"}],"wp:featuredmedia":[{"embeddable":true,"href":"https:\/\/www.botanopia.com\/de\/wp-json\/wp\/v2\/media\/45076878"}],"wp:attachment":[{"href":"https:\/\/www.botanopia.com\/de\/wp-json\/wp\/v2\/media?parent=42061980"}],"wp:term":[{"taxonomy":"product_brand","embeddable":true,"href":"https:\/\/www.botanopia.com\/de\/wp-json\/wp\/v2\/product_brand?post=42061980"},{"taxonomy":"product_cat","embeddable":true,"href":"https:\/\/www.botanopia.com\/de\/wp-json\/wp\/v2\/product_cat?post=42061980"},{"taxonomy":"product_tag","embeddable":true,"href":"https:\/\/www.botanopia.com\/de\/wp-json\/wp\/v2\/product_tag?post=42061980"},{"taxonomy":"giftcard-category","embeddable":true,"href":"https:\/\/www.botanopia.com\/de\/wp-json\/wp\/v2\/giftcard-category?post=42061980"}],"curies":[{"name":"wp","href":"https:\/\/api.w.org\/{rel}","templated":true}]}}