{"id":45065164,"date":"2020-06-19T08:33:39","date_gmt":"2020-06-19T06:33:39","guid":{"rendered":"https:\/\/www.botanopia.com\/shop\/unkategorisiert\/kit-von-12-cyanotypie-gruskarten\/"},"modified":"2026-02-17T16:47:00","modified_gmt":"2026-02-17T14:47:00","slug":"set-von-12-cyanotypie-grusskarten","status":"publish","type":"product","link":"https:\/\/www.botanopia.com\/de\/shop\/unsere-papeterie\/gruskarten\/set-von-12-cyanotypie-grusskarten\/","title":{"rendered":"12er-Set botanische Cyanotypie-Gru\u00dfkarten"},"content":{"rendered":"<h3>Ein botanisches Zuhause<\/h3>\n<p>Wenn du dich auf Botanopia umsiehst, ist die Wahrscheinlichkeit gro\u00df, dass du entweder selbst ein Pflanzenliebhaber bist oder ein oder zwei kennst. Diese Karten sind eine weitere M\u00f6glichkeit, dich mit Pflanzen zu umgeben! Die Deluxe-Drucke sind wie kleine botanische Kunstwerke, die du einrahmen und an die Wand h\u00e4ngen kannst<\/p>\n<h3>\u00dcber unsere Gru\u00dfkarten<\/h3>\n<ul>\n<li>&#8211; Hochwertige Reproduktionen von botanischen Entw\u00fcrfen, sehr detailliert<\/li>\n<li>&#8211; Original Botanopia-Designs<\/li>\n<li>&#8211; Botanisches Design mit 12 verschiedenen Pflanzen<\/li>\n<li>Geeignet f\u00fcr jeden Anlass, ob fr\u00f6hlich oder traurig.<\/li>\n<\/ul>\n","protected":false},"excerpt":{"rendered":"<p><strong>Dieses Set besteht aus 12 Gru\u00dfkarten, die jeweils eine wundersch\u00f6ne Reproduktion unserer Original-Pflanzen-Cyanotypien enthalten. Ideal f\u00fcr eine kurze Nachricht, ein herzliches Dankesch\u00f6n oder ein einfaches Hallo <\/strong><\/p>\n<p>In diesem Set mit botanischen Gru\u00dfkarten ist keine Karte wie die andere. Die Klappkarten sind aus hochwertigem, strukturiertem Baumwollpapier gefertigt, das sich luxuri\u00f6s anf\u00fchlt. Auf der Vorderseite sind vertr\u00e4umte Pusteblumen, fein gezeichnete Farne und viele weitere Beispiele f\u00fcr die Sch\u00f6nheit der Natur gedruckt. Die Innenseite ist leer, so dass du die Karten f\u00fcr jeden Anlass verwenden kannst<\/p>\n<p>Die Cyanotypie ist eine fotografische Drucktechnik, die das Sonnenlicht nutzt, um leuchtend cyanfarbene Bilder zu erzeugen. Es ist eine wundersch\u00f6ne, nat\u00fcrliche Art des Druckens, die von vielen Botanikern genutzt wird, um die verschiedensten Pflanzenarten festzuhalten. M\u00f6chtest du mehr dar\u00fcber erfahren, wie du deine eigenen botanischen Blaudrucke herstellen kannst? Wir haben ein <a href=\"https:\/\/www.botanopia.com\/de\/shop\/geschenkideen\/geschenkideen-unter-50-euro\/cyanotypie-diy-set-blaudrucke-erstellen\/\">DIY-Kit f\u00fcr Cyanotypien<\/a> und eine Anleitung in unserem Shop!<\/p>\n","protected":false},"featured_media":45078621,"comment_status":"open","ping_status":"closed","template":"","meta":{"_acf_changed":false},"product_brand":[],"product_cat":[23001245,23000514,23000814,23001517,23001511,23001004,23000608,23000607],"product_tag":[23000995,23000844,23001795,23001049,23000691],"giftcard-category":[],"class_list":{"0":"post-45065164","1":"product","2":"type-product","3":"status-publish","4":"has-post-thumbnail","6":"product_cat-gruskarten","7":"product_cat-showall-de","8":"product_cat-geschenk-ideen-unter-25-euro","9":"product_cat-kaarten-zonder-tekst-de","10":"product_cat-karten-mit-pflanzen-blumen","11":"product_cat-universal-products-de","12":"product_cat-unsere-cyanotypie","13":"product_cat-unsere-papeterie","14":"product_tag-b2c-de","15":"product_tag-de-mailbox","16":"product_tag-retail-2-de","17":"product_tag-universal_en-de","18":"product_tag-wholesale-de-de-2","19":"product_shipping_class-mailbox-package-de-2","21":"first","22":"instock","23":"taxable","24":"shipping-taxable","25":"purchasable","26":"product-type-simple","28":"catalog-layout-default","29":"columns-xs-1"},"bundled_by":[],"bundle_stock_status":"instock","bundle_stock_quantity":-67,"bundle_virtual":false,"bundle_layout":"","bundle_add_to_cart_form_location":"","bundle_editable_in_cart":false,"bundle_sold_individually_context":"","bundle_item_grouping":"","bundle_min_size":"","bundle_max_size":"","bundled_items":[],"bundle_sell_ids":[45090615],"acf":[],"gallery_images":[45078184,45105914,45078617,45078161],"_links":{"self":[{"href":"https:\/\/www.botanopia.com\/de\/wp-json\/wp\/v2\/product\/45065164","targetHints":{"allow":["GET"]}}],"collection":[{"href":"https:\/\/www.botanopia.com\/de\/wp-json\/wp\/v2\/product"}],"about":[{"href":"https:\/\/www.botanopia.com\/de\/wp-json\/wp\/v2\/types\/product"}],"replies":[{"embeddable":true,"href":"https:\/\/www.botanopia.com\/de\/wp-json\/wp\/v2\/comments?post=45065164"}],"wp:featuredmedia":[{"embeddable":true,"href":"https:\/\/www.botanopia.com\/de\/wp-json\/wp\/v2\/media\/45078621"}],"wp:attachment":[{"href":"https:\/\/www.botanopia.com\/de\/wp-json\/wp\/v2\/media?parent=45065164"}],"wp:term":[{"taxonomy":"product_brand","embeddable":true,"href":"https:\/\/www.botanopia.com\/de\/wp-json\/wp\/v2\/product_brand?post=45065164"},{"taxonomy":"product_cat","embeddable":true,"href":"https:\/\/www.botanopia.com\/de\/wp-json\/wp\/v2\/product_cat?post=45065164"},{"taxonomy":"product_tag","embeddable":true,"href":"https:\/\/www.botanopia.com\/de\/wp-json\/wp\/v2\/product_tag?post=45065164"},{"taxonomy":"giftcard-category","embeddable":true,"href":"https:\/\/www.botanopia.com\/de\/wp-json\/wp\/v2\/giftcard-category?post=45065164"}],"curies":[{"name":"wp","href":"https:\/\/api.w.org\/{rel}","templated":true}]}}