{"id":45065301,"date":"2018-05-02T11:45:51","date_gmt":"2018-05-02T09:45:51","guid":{"rendered":"https:\/\/www.botanopia.com\/shop\/unkategorisiert\/keimplatte-s\/"},"modified":"2026-01-09T12:34:35","modified_gmt":"2026-01-09T10:34:35","slug":"porzellan-keimschale-groesse-s","status":"publish","type":"product","link":"https:\/\/www.botanopia.com\/de\/shop\/geschenkideen\/geschenkideen-unter-15e\/porzellan-keimschale-groesse-s\/","title":{"rendered":"Porzellan Keimschale Gr\u00f6\u00dfe S"},"content":{"rendered":"<h3>Ein Geschenk f\u00fcr Pflanzenliebhaber<\/h3>\n<p>Diese kleine Keimschale ist der ideale Einstieg f\u00fcr alle, die mit der Zucht eigener Pflanzen beginnen m\u00f6chten. Zu sehen, wie ein Samen Wurzeln schl\u00e4gt und zu etwas Neuem heranw\u00e4chst, ist eine sch\u00f6nes Erlebnis zum Verschenken. Bist du ein Neuling der Pflanzenzucht? Die Schale wird in einer schicken schwarzen Geschenkbox geliefert und einer ausf\u00fchrliche Anleitung, mit der du im Handumdrehen zum Profi wirst<\/p>\n<h3>Von Pflanzenexperten entwickelt<\/h3>\n<p>Nach jahrelanger Erfahrung mit der Keimung und Vermehrung im Wasser wissen wir genau, was die perfekte St\u00fctzschale ausmacht. Sie ist f\u00fcr fast alle Arten von Gl\u00e4sern geeignet und die \u00d6ffnung erm\u00f6glicht es dir, die bewurzelten Samen\/Stecklinge einfach zu entnehmen. Wusstest du, dass du deine Pflanzen auch f\u00fcr immer im Wasser aufbewahren kannst, anstatt sie umzutopfen? Sieh dir unser Video (im Reiter Video) an, um einen Eindruck von der Botanopia Keimschale in Aktion zu bekommen.<\/p>\n<h3>Unsere Keimschale in Gr\u00f6\u00dfe S<\/h3>\n<ul>\n<li>&#8211; Hergestellt aus Porzellan. \u00c4u\u00dferst langlebiges Material<\/li>\n<li>&#8211; Sp\u00fclmaschinenfest. Sehr leicht zu reinigen<\/li>\n<li>&#8211; Handgefertigt in der EU. Hergestellt in einer kleinen Keramikwerkstatt<\/li>\n<li>&#8211; Ein wunderbares Geschenk. Wird in einer schwarzen Geschenkbox geliefert, inklusive Anleitung.<\/li>\n<\/ul>\n","protected":false},"excerpt":{"rendered":"<p><strong>Man kann nie zu viele Pflanzen haben. Mit Hilfe dieser Keimschale aus Porzellan in Gr\u00f6\u00dfe S ist das Aufziehen der Pflanzenbabys ganz leicht. Schon bald sind deine Stecklinge ausgewachsen und bereit zum Umtopfen.<\/strong><\/p>\n<p>Durch die Keimschale kannst du das Wunder der Natur aus der ersten Reihe verfolgen. Nimm ein Glas und f\u00fclle es mit Wasser, bevor du die Schale aufstellst und deinen Samen oder Steckling darauf legst. Achte darauf, dass du das Wasser regelm\u00e4\u00dfig auffrischst und \u00fcberpr\u00fcfst, dass die Wurzeln im Wasser h\u00e4ngen. Das Saatgut oder das Pfl\u00e4nzchen bleiben \u00fcber der Keimschale trocken, um F\u00e4ulnisprobleme zu vermeiden.<\/p>\n<p>Die Keimschale ist aus wei\u00dfem Porzellan gefertigt und wird dir lange treu bleiben. Sie wird in einer kleinen Keramikwerkstatt in der Tschechischen Republik hergestellt und bestimmt schon bald zu deinem Lieblingsst\u00fcck in deiner Pflanzenzucht werden.<\/p>\n<p>Die Gr\u00f6\u00dfe der Keimschale eignet sich perfekt f\u00fcr eine Vielzahl von kleineren Samen wie Eicheln und Kastanien. Sie ist auch <a href=\"https:\/\/www.botanopia.com\/de\/shop\/geschenkideen\/geschenk-ideen-unter-25-euro\/porcelain-germination-propagation-plate-size-l\/\">in Gr\u00f6\u00dfe L erh\u00e4ltlich<\/a>, die sich perfekt f\u00fcr gr\u00f6\u00dfere Kakteen, Stecklinge, Blumenzwiebeln, Avocado- oder Mangokerne eignet.<\/p>\n","protected":false},"featured_media":45105008,"comment_status":"open","ping_status":"closed","template":"","meta":{"_acf_changed":false},"product_brand":[],"product_cat":[23000514,23001807,23001046,23000814,23001004,23000517],"product_tag":[23000995,23000844,23001795,23001049,23000622,23000691],"giftcard-category":[],"class_list":{"0":"post-45065301","1":"product","2":"type-product","3":"status-publish","4":"has-post-thumbnail","6":"product_cat-showall-de","7":"product_cat-fruehjahrs-bestseller","8":"product_cat-geschenkideen-unter-15e","9":"product_cat-geschenk-ideen-unter-25-euro","10":"product_cat-universal-products-de","11":"product_cat-unsere-keimschalen","12":"product_tag-b2c-de","13":"product_tag-de-mailbox","14":"product_tag-retail-2-de","15":"product_tag-universal_en-de","16":"product_tag-unsere-keimplatten","17":"product_tag-wholesale-de-de-2","18":"product_shipping_class-mailbox-package-de-2","20":"first","21":"instock","22":"taxable","23":"shipping-taxable","24":"purchasable","25":"product-type-simple","27":"catalog-layout-default","28":"columns-xs-1"},"bundled_by":[],"bundle_stock_status":"instock","bundle_stock_quantity":-177,"bundle_virtual":false,"bundle_layout":"","bundle_add_to_cart_form_location":"","bundle_editable_in_cart":false,"bundle_sold_individually_context":"","bundle_item_grouping":"","bundle_min_size":"","bundle_max_size":"","bundled_items":[],"bundle_sell_ids":[45090698,45090714],"acf":[],"gallery_images":[45105053,45077863,45105048,45105013,45105068,45105018,45105043,45105063,45105038,45105023,45105073,45104995,45105058,45105028,45105033,45104892],"_links":{"self":[{"href":"https:\/\/www.botanopia.com\/de\/wp-json\/wp\/v2\/product\/45065301","targetHints":{"allow":["GET"]}}],"collection":[{"href":"https:\/\/www.botanopia.com\/de\/wp-json\/wp\/v2\/product"}],"about":[{"href":"https:\/\/www.botanopia.com\/de\/wp-json\/wp\/v2\/types\/product"}],"replies":[{"embeddable":true,"href":"https:\/\/www.botanopia.com\/de\/wp-json\/wp\/v2\/comments?post=45065301"}],"wp:featuredmedia":[{"embeddable":true,"href":"https:\/\/www.botanopia.com\/de\/wp-json\/wp\/v2\/media\/45105008"}],"wp:attachment":[{"href":"https:\/\/www.botanopia.com\/de\/wp-json\/wp\/v2\/media?parent=45065301"}],"wp:term":[{"taxonomy":"product_brand","embeddable":true,"href":"https:\/\/www.botanopia.com\/de\/wp-json\/wp\/v2\/product_brand?post=45065301"},{"taxonomy":"product_cat","embeddable":true,"href":"https:\/\/www.botanopia.com\/de\/wp-json\/wp\/v2\/product_cat?post=45065301"},{"taxonomy":"product_tag","embeddable":true,"href":"https:\/\/www.botanopia.com\/de\/wp-json\/wp\/v2\/product_tag?post=45065301"},{"taxonomy":"giftcard-category","embeddable":true,"href":"https:\/\/www.botanopia.com\/de\/wp-json\/wp\/v2\/giftcard-category?post=45065301"}],"curies":[{"name":"wp","href":"https:\/\/api.w.org\/{rel}","templated":true}]}}