{"id":45065317,"date":"2020-05-01T21:50:18","date_gmt":"2020-05-01T19:50:18","guid":{"rendered":"https:\/\/www.botanopia.com\/shop\/unkategorisiert\/nachfullpack-fur-dein-cyanotype-diy-kit\/"},"modified":"2026-01-09T12:32:02","modified_gmt":"2026-01-09T10:32:02","slug":"nachfuellpack-fuer-dein-cyanotypie-diy-set","status":"publish","type":"product","link":"https:\/\/www.botanopia.com\/de\/shop\/unsere-cyanotypie\/nachfuellpack-fuer-dein-cyanotypie-diy-set\/","title":{"rendered":"Nachf\u00fcllpack f\u00fcr dein Cyanotypie-Set"},"content":{"rendered":"<p>Die 200ml Emulsion ist mehr als genug, um die enthaltenen 50 Bl\u00e4tter zu gestalten. Somit kannst du die zus\u00e4tzliche Emulsion verwenden, um Cyanotypien auf deinen eigenen Textilien (Naturfasern wie Baumwolle oder Seide) oder anderen Papiersorten zu kreieren. Die Komponenten in Pulverform sind mehrere Jahre lang haltbar. Einmal mit Wasser zubereitet, kann jede Flasche der L\u00f6sung f\u00fcr etwa ein Jahr aufbewahrt werden.<\/p>\n<p>In unserem Video-Reiter kannst du dir ein ausf\u00fchrliches Video zur Wiederauff\u00fcllung des Original-Kits ansehen.<\/p>\n<p>Es sind beide Chemikalien zur Herstellung der Cyanotypie-Emulsion enthalten: Eisenammoniumcitrat und Kaliumferricyanid.<\/p>\n<p>Du wirst im Handumdrehen bereit sein, um noch faszinierendere Drucke zu erstellen. Besonders sch\u00f6n machen sich die Kunstwerke eingerahmt an deiner Wand oder als kleine Aufmerksamkeit f\u00fcr deine Freunde und Familie.<\/p>\n","protected":false},"excerpt":{"rendered":"<p>Hat dir dein <a href=\"https:\/\/www.botanopia.com\/de\/shop\/geschenkideen\/geschenkideen-unter-50-euro\/cyanotypie-diy-set-blaudrucke-erstellen\/\">Cyanotype DIY Kit<\/a> gefallen und du m\u00f6chtest mehr bezaubernde Blaudrucke erstellen?<\/p>\n<p>Mit unserem Refill Pack bekommst du alles was du daf\u00fcr brauchst! \u00a0Es enth\u00e4lt neues Papier und beide Cyanotypie-L\u00f6sungen (A+B) in Pulverform, sodass du die Originalflaschen aus deinem Kit wieder auff\u00fcllen kannst.<\/p>\n<p>Das Refill Pack enth\u00e4lt:<\/p>\n<ul>\n<li>&#8211; Nachf\u00fcllanleitung in \ud83c\uddec\ud83c\udde7EN + \ud83c\udde9\ud83c\uddeaDE + \ud83c\uddf3\ud83c\uddf1NL + <img decoding=\"async\" class=\"emoji\" role=\"img\" draggable=\"false\" src=\"https:\/\/s.w.org\/images\/core\/emoji\/13.0.1\/svg\/1f1eb-1f1f7.svg\" alt=\"\ud83c\uddeb\ud83c\uddf7\" \/>FR (+ Link zum Demonstrationsvideo)<\/li>\n<li>&#8211; 200ml Cyanotypie-Emulsion<\/li>\n<li>&#8211; 50 Bl\u00e4tter Texturpapier<\/li>\n<li>&#8211; Einweghandschuhe und Papiertrichter<\/li>\n<\/ul>\n<p>Sobald dein Kit aufgef\u00fcllt ist, bist du bereit, noch sch\u00f6nere botanische Cyanotypien zu Hause zu gestalten und das ganz ohne Dunkelkammer. Nutze was die Natur uns schon zur Verf\u00fcgung stellt: Sonnenlicht, Bl\u00e4tter und Blumen.<\/p>\n","protected":false},"featured_media":45078435,"comment_status":"open","ping_status":"closed","template":"","meta":{"_acf_changed":false},"product_brand":[],"product_cat":[23000608,23000514,23001004,23000817],"product_tag":[23000995,23000844,23000676,23001049,23000691],"giftcard-category":[],"class_list":{"0":"post-45065317","1":"product","2":"type-product","3":"status-publish","4":"has-post-thumbnail","6":"product_cat-unsere-cyanotypie","7":"product_cat-showall-de","8":"product_cat-universal-products-de","9":"product_cat-geschenkideen-unter-50-euro","10":"product_tag-b2c-de","11":"product_tag-de-mailbox","12":"product_tag-retail-de","13":"product_tag-universal_en-de","14":"product_tag-wholesale-de-de-2","15":"product_shipping_class-mailbox-package-de-2","17":"first","18":"instock","19":"taxable","20":"shipping-taxable","21":"purchasable","22":"product-type-simple","24":"catalog-layout-default","25":"columns-xs-1"},"bundled_by":[],"bundle_stock_status":"instock","bundle_stock_quantity":-42,"bundle_virtual":false,"bundle_layout":"","bundle_add_to_cart_form_location":"","bundle_editable_in_cart":false,"bundle_sold_individually_context":"","bundle_item_grouping":"","bundle_min_size":"","bundle_max_size":"","bundled_items":[],"bundle_sell_ids":[45090163,45090615],"acf":[],"gallery_images":[45078439,45078443],"_links":{"self":[{"href":"https:\/\/www.botanopia.com\/de\/wp-json\/wp\/v2\/product\/45065317","targetHints":{"allow":["GET"]}}],"collection":[{"href":"https:\/\/www.botanopia.com\/de\/wp-json\/wp\/v2\/product"}],"about":[{"href":"https:\/\/www.botanopia.com\/de\/wp-json\/wp\/v2\/types\/product"}],"replies":[{"embeddable":true,"href":"https:\/\/www.botanopia.com\/de\/wp-json\/wp\/v2\/comments?post=45065317"}],"wp:featuredmedia":[{"embeddable":true,"href":"https:\/\/www.botanopia.com\/de\/wp-json\/wp\/v2\/media\/45078435"}],"wp:attachment":[{"href":"https:\/\/www.botanopia.com\/de\/wp-json\/wp\/v2\/media?parent=45065317"}],"wp:term":[{"taxonomy":"product_brand","embeddable":true,"href":"https:\/\/www.botanopia.com\/de\/wp-json\/wp\/v2\/product_brand?post=45065317"},{"taxonomy":"product_cat","embeddable":true,"href":"https:\/\/www.botanopia.com\/de\/wp-json\/wp\/v2\/product_cat?post=45065317"},{"taxonomy":"product_tag","embeddable":true,"href":"https:\/\/www.botanopia.com\/de\/wp-json\/wp\/v2\/product_tag?post=45065317"},{"taxonomy":"giftcard-category","embeddable":true,"href":"https:\/\/www.botanopia.com\/de\/wp-json\/wp\/v2\/giftcard-category?post=45065317"}],"curies":[{"name":"wp","href":"https:\/\/api.w.org\/{rel}","templated":true}]}}