{"id":45065322,"date":"2020-05-01T07:03:26","date_gmt":"2020-05-01T05:03:26","guid":{"rendered":"https:\/\/www.botanopia.com\/shop\/unkategorisiert\/bolty-hangesystem-fur-pflanztopfe\/"},"modified":"2025-10-01T11:16:41","modified_gmt":"2025-10-01T09:16:41","slug":"bolty-pflanzenhaenger-haengesystem-fuer-blumentoepfe","status":"publish","type":"product","link":"https:\/\/www.botanopia.com\/de\/shop\/unsere-pflanzenstutzen\/bolty-pflanzenhaenger-haengesystem-fuer-blumentoepfe\/","title":{"rendered":"Bolty &#8211; Pflanzenh\u00e4nger f\u00fcr Blument\u00f6pf"},"content":{"rendered":"<p>Diese moderne &amp; diskrete Aufh\u00e4ngung erm\u00f6glicht es dir, jeden klassischen Topf (mit einem Abflussloch am Boden) in einen minimalistischen H\u00e4ngegarten zu verwandeln. Leg den Fokus auf die Pflanze und erschaffe einen Pflanzenwasserfall mitten in deinem Wohnzimmer!<\/p>\n<p>Die Gummidichtung sorgt f\u00fcr eine wasserdichte Abdichtung, was das Auslaufen auf den Boden verhindert.<\/p>\n<p>Geeignet f\u00fcr alle T\u00f6pfe mit flachem Boden und einem Loch von maximal 25mm Durchmesser. T\u00f6pfe und Pflanzen werden nicht mitgeliefert.<\/p>\n","protected":false},"excerpt":{"rendered":"<p><strong>Du liebst H\u00e4ngepflanze, aber bevorzugst etwas subtileres als Makramee?\u00a0 Mit Bolty kannst du jeden Blumentopf in einen h\u00e4ngenden Pflanzentopf verwandeln.<\/strong><\/p>\n<p>Achte nur darauf, dass der Topf einen flachen Boden und ein Entw\u00e4sserungsloch hat (bis max. 25mm \u00f8). Gummiringe dichten die \u00d6ffnung ab, um Lecks zu verhindern. Das Angebot bezieht sich nur auf das Schraubsystem, deinen Lieblingstopf f\u00fcgst du selbst hinzu!<\/p>\n<p>Das Produkt besteht aus Messing und verzinktem Stahl und ist 24 cm hoch.<\/p>\n","protected":false},"featured_media":45104499,"comment_status":"open","ping_status":"closed","template":"","meta":{"_acf_changed":false},"product_brand":[],"product_cat":[19000436,23000514,23001046,23000814,23001004,23000615],"product_tag":[23000995,23000841,23000676,23001049,23000691],"giftcard-category":[],"class_list":{"0":"post-45065322","1":"product","2":"type-product","3":"status-publish","4":"has-post-thumbnail","6":"product_cat-unsere-pflanzenstutzen","7":"product_cat-showall-de","8":"product_cat-geschenkideen-unter-15e","9":"product_cat-geschenk-ideen-unter-25-euro","10":"product_cat-universal-products-de","11":"product_cat-unsere-pflanzenhanger","12":"product_tag-b2c-de","13":"product_tag-de-package","14":"product_tag-retail-de","15":"product_tag-universal_en-de","16":"product_tag-wholesale-de-de-2","17":"product_shipping_class-not-mailbox-de","19":"first","20":"instock","21":"taxable","22":"shipping-taxable","23":"purchasable","24":"product-type-variable","25":"has-default-attributes","27":"catalog-layout-default","28":"columns-xs-1"},"bundled_by":[],"bundle_stock_status":"instock","bundle_stock_quantity":1000,"bundle_virtual":false,"bundle_layout":"","bundle_add_to_cart_form_location":"","bundle_editable_in_cart":false,"bundle_sold_individually_context":"","bundle_item_grouping":"","bundle_min_size":"","bundle_max_size":"","bundled_items":[],"bundle_sell_ids":[45077187],"acf":[],"gallery_images":[45104489,45106296,45104504,45104519,45104494,45104509,45104514,45078103,45104524,45104529],"_links":{"self":[{"href":"https:\/\/www.botanopia.com\/de\/wp-json\/wp\/v2\/product\/45065322","targetHints":{"allow":["GET"]}}],"collection":[{"href":"https:\/\/www.botanopia.com\/de\/wp-json\/wp\/v2\/product"}],"about":[{"href":"https:\/\/www.botanopia.com\/de\/wp-json\/wp\/v2\/types\/product"}],"replies":[{"embeddable":true,"href":"https:\/\/www.botanopia.com\/de\/wp-json\/wp\/v2\/comments?post=45065322"}],"wp:featuredmedia":[{"embeddable":true,"href":"https:\/\/www.botanopia.com\/de\/wp-json\/wp\/v2\/media\/45104499"}],"wp:attachment":[{"href":"https:\/\/www.botanopia.com\/de\/wp-json\/wp\/v2\/media?parent=45065322"}],"wp:term":[{"taxonomy":"product_brand","embeddable":true,"href":"https:\/\/www.botanopia.com\/de\/wp-json\/wp\/v2\/product_brand?post=45065322"},{"taxonomy":"product_cat","embeddable":true,"href":"https:\/\/www.botanopia.com\/de\/wp-json\/wp\/v2\/product_cat?post=45065322"},{"taxonomy":"product_tag","embeddable":true,"href":"https:\/\/www.botanopia.com\/de\/wp-json\/wp\/v2\/product_tag?post=45065322"},{"taxonomy":"giftcard-category","embeddable":true,"href":"https:\/\/www.botanopia.com\/de\/wp-json\/wp\/v2\/giftcard-category?post=45065322"}],"curies":[{"name":"wp","href":"https:\/\/api.w.org\/{rel}","templated":true}]}}