{"id":45065344,"date":"2018-05-02T11:45:51","date_gmt":"2018-05-02T09:45:51","guid":{"rendered":"https:\/\/www.botanopia.com\/shop\/unkategorisiert\/pflanzennahrung-450ml-pumpflasche\/"},"modified":"2026-04-10T11:46:36","modified_gmt":"2026-04-10T09:46:36","slug":"organischer-duenger-450ml-pumpflasche","status":"publish","type":"product","link":"https:\/\/www.botanopia.com\/de\/shop\/biologischer-dunger-olie\/organischer-duenger-450ml-pumpflasche\/","title":{"rendered":"Organischer D\u00fcnger &#8211; 450ml Pumpflasche"},"content":{"rendered":"<h3>Pflanzenzauber f\u00fcr Pflanzen<\/h3>\n<p>Wenn du m\u00f6chtest, dass deine Zimmerpflanzen weiterhin kr\u00e4ftig wachsen, ist es ratsam, ihnen ab und zu wertvolle N\u00e4hrstoffe zuzuf\u00fcgen. Pflanzen brauchen N\u00e4hrstoffe, genau wie wir. Im Gegensatz zu aggressiveren chemischen Allzweckd\u00fcngern verbrennt diese R\u00fcbenvinasseformel nicht die Wurzeln deiner sprie\u00dfenden Stecklinge. Pflanzenn\u00e4hrstoffe aus Pflanzen zu verwenden, macht also nur Sinn! <\/p>\n<h3>Einfach zu verwendende Pflanzennahrung <\/h3>\n<p>Pflanzend\u00fcnger gibt es in vielen Arten und Varianten. Vielleicht hast du schon einmal daran gezweifelt, eine fl\u00fcssige oder pulverf\u00f6rmige Form zu verwenden, oder vielleicht sogar einen chemischen D\u00fcnger (ach was!). Wir verwenden gerne diese fl\u00fcssige, organische Pflanzennahrung, weil sie leicht von den Wurzeln aufgenommen wird und gesunde Bodenbakterien anregt. Mische einen Pumpsto\u00df in deine Gie\u00dfkanne, damit deine Pflanzen den zus\u00e4tzlichen Schub leicht aufnehmen k\u00f6nnen. &#8211; ein Tropfen pro Woche h\u00e4lt deine Pflanze auf Trab <\/p>\n<p><span style=\"color: #434343;\">Unser organischer Pflanzenn\u00e4hrstoff<\/span><\/p>\n<p>&#8211; Universell einsetzbar. Du brauchst keine verschiedenen Flaschen vorr\u00e4tig zu haben <\/p>\n<p>&#8211; Vegan, aus Pflanzen, f\u00fcr Pflanzen.<\/p>\n<p>&#8211; F\u00fcr Pflanzen im Wasser oder in der Erde. Stimuliert Wachstum und Kraft f\u00fcr beide.<\/p>\n<p>&#8211; Erprobt und getestet. Das wirksamste und sicherste Mittel f\u00fcr deine Hydrokulturen.<\/p>\n","protected":false},"excerpt":{"rendered":"<p><strong>Mit diesem Bio-Pflanzend\u00fcnger bleiben deine Pflanzen gesund und werden pr\u00e4chtig gedeihen. Mische es einfach mit Wasser und die praktische Pumpflasche hilft dir, die richtige Dosierung zu finden <\/strong><\/p>\n<p>Durch die 450ml-Flasche und der empfohlenen Dosis von 1 Pumpe pro 3l Gie\u00dfkanne, wird dir der D\u00fcnger f\u00fcr einige Zeit zur Seite stehen. Durch jede Dosis gibst du deinen wachsenden Pflanzen leicht aufnehmbare N\u00e4hrstoffe aus Bio-Zuckerr\u00fcben. Das ist eine vegane, biologische und effektive Methode, um deine Pflanzen und Stecklinge zu st\u00e4rken. Und zu allem dem kommt der D\u00fcnger in einer h\u00fcbschen Verpackung. Wenn du m\u00f6chtest, kannst du sie zur Schau stellen, um zu zeigen, dass deine Pflanzen bei dir zu Hause nur die beste Pflege bekommen.<\/p>\n<p>Wie man sie benutzt? Nimm die praktische Pumpflasche und gib ein wenig von der nahrhaften Fl\u00fcssigkeit ins Wasser. Es eignet sich sowohl f\u00fcr deine Pflanzen, die im Wasser wachsen, als auch f\u00fcr die, die in der Erde wurzeln<\/p>\n","protected":false},"featured_media":45076870,"comment_status":"open","ping_status":"closed","template":"","meta":{"_acf_changed":false},"product_brand":[],"product_cat":[23001057,23000514,23001807,23000814],"product_tag":[23000995,23000841,23000628,23000990,23001795,23000691],"giftcard-category":[],"class_list":{"0":"post-45065344","1":"product","2":"type-product","3":"status-publish","4":"has-post-thumbnail","6":"product_cat-biologischer-dunger-olie","7":"product_cat-showall-de","8":"product_cat-fruehjahrs-bestseller","9":"product_cat-geschenk-ideen-unter-25-euro","10":"product_tag-b2c-de","11":"product_tag-de-package","12":"product_tag-dunger","13":"product_tag-eu-only-de","14":"product_tag-retail-2-de","15":"product_tag-wholesale-de-de-2","16":"product_shipping_class-not-mailbox-de","18":"first","19":"outofstock","20":"taxable","21":"shipping-taxable","22":"purchasable","23":"product-type-simple","25":"catalog-layout-default","26":"columns-xs-1"},"bundled_by":[],"bundle_stock_status":"instock","bundle_stock_quantity":-612,"bundle_virtual":false,"bundle_layout":"","bundle_add_to_cart_form_location":"","bundle_editable_in_cart":false,"bundle_sold_individually_context":"","bundle_item_grouping":"","bundle_min_size":"","bundle_max_size":"","bundled_items":[],"bundle_sell_ids":[45090190],"acf":[],"gallery_images":[45103935,45077660,45103960,45103945,45103950,45103965,45103940,45103955,45103930,45103920,45103915],"_links":{"self":[{"href":"https:\/\/www.botanopia.com\/de\/wp-json\/wp\/v2\/product\/45065344","targetHints":{"allow":["GET"]}}],"collection":[{"href":"https:\/\/www.botanopia.com\/de\/wp-json\/wp\/v2\/product"}],"about":[{"href":"https:\/\/www.botanopia.com\/de\/wp-json\/wp\/v2\/types\/product"}],"replies":[{"embeddable":true,"href":"https:\/\/www.botanopia.com\/de\/wp-json\/wp\/v2\/comments?post=45065344"}],"wp:featuredmedia":[{"embeddable":true,"href":"https:\/\/www.botanopia.com\/de\/wp-json\/wp\/v2\/media\/45076870"}],"wp:attachment":[{"href":"https:\/\/www.botanopia.com\/de\/wp-json\/wp\/v2\/media?parent=45065344"}],"wp:term":[{"taxonomy":"product_brand","embeddable":true,"href":"https:\/\/www.botanopia.com\/de\/wp-json\/wp\/v2\/product_brand?post=45065344"},{"taxonomy":"product_cat","embeddable":true,"href":"https:\/\/www.botanopia.com\/de\/wp-json\/wp\/v2\/product_cat?post=45065344"},{"taxonomy":"product_tag","embeddable":true,"href":"https:\/\/www.botanopia.com\/de\/wp-json\/wp\/v2\/product_tag?post=45065344"},{"taxonomy":"giftcard-category","embeddable":true,"href":"https:\/\/www.botanopia.com\/de\/wp-json\/wp\/v2\/giftcard-category?post=45065344"}],"curies":[{"name":"wp","href":"https:\/\/api.w.org\/{rel}","templated":true}]}}