{"id":45065370,"date":"2019-05-05T14:04:50","date_gmt":"2019-05-05T12:04:50","guid":{"rendered":"https:\/\/www.botanopia.com\/shop\/unkategorisiert\/messingstutze-fur-kletterpflanzen\/"},"modified":"2026-01-09T12:31:22","modified_gmt":"2026-01-09T10:31:22","slug":"rankhilfe-fuer-kletterpflanzen-messing-gold","status":"publish","type":"product","link":"https:\/\/www.botanopia.com\/de\/shop\/geschenkideen\/geschenk-ideen-unter-25-euro\/rankhilfe-fuer-kletterpflanzen-messing-gold\/","title":{"rendered":"Rankhilfe f\u00fcr Kletterpflanzen &#8211; Gold"},"content":{"rendered":"<h3>M\u00f6glichkeiten eine Rankhilfe zu verwenden<\/h3>\n<p>Spaliere sind vielseitig. Sie k\u00f6nnen verwendet werden, um unansehnliche Details eines Hauses zu verdecken oder dekorative Akzente zu setzen. H\u00e4nge die Messingkette auf und kombiniere sie mit der richtigen Pflanze f\u00fcr deine Bed\u00fcrfnisse. Willst du mehr Gr\u00fcn? Traditionelle Kletterpflanzen wie gr\u00fcner Efeu oder eine Mini-Monstera eignen sich wunderbar. Du liebst Blumen? W\u00e4hle bl\u00fchende Reben wie Clematis, Jasmin oder Passionsfrucht. Empfehlenswerte Kletterpflanzen f\u00fcr drau\u00dfen sind Glyzinien oder Weinreben.<\/p>\n<h3>Guide deine Kletterpflanzen<\/h3>\n<p>Kletterpflanzen werden immer klettern, du musst sie nur anleiten. Wenn du dich f\u00fcr ein Pflanzenaccessoire wie diese schwarze Messingkette entscheidest, ist das wie eine liebevolle Wegdekoration f\u00fcr deine Kletter- oder H\u00e4ngepflanzen. Es ist nicht leicht, mit der Sch\u00f6nheit der Natur zu konkurrieren, aber wir denken, dass wir ein stilvolles St\u00fctzelement f\u00fcr deine Kletterpflanzen geschaffen haben. Wenn du nach etwas Ausgefallenerem suchst, ist unsere Messingkette auch in <a href=\"https:\/\/www.botanopia.com\/de\/shop\/geschenkideen\/geschenk-ideen-unter-25-euro\/rankhilfe-fuer-kletterpflanzen-messing-schwarz\/\">mattschwarzem Messing<\/a> erh\u00e4ltlich.<\/p>\n<h3>Eigenschaften unserer schwarzen Rankhilfe \u2013 Pflanzenst\u00fctze f\u00fcr Kletterpflanzen:<\/h3>\n<ul>\n<li>\u2013 Erschwingliches Design. Verleiht einem traditionellen Objekt ein wenig Pfiff.<\/li>\n<li>\u2013 Platzsparend. Vertikale Pflanzen sind perfekt f\u00fcr kleinere Wohnungen.<\/li>\n<li>\u2013 Modular. Kann zusammen mit deinen Pflanzen in die H\u00f6he wachsen.<\/li>\n<li>\u2013 Erh\u00e4ltlich in gl\u00e4nzendem Goldmessing oder in <a href=\"https:\/\/www.botanopia.com\/de\/shop\/geschenkideen\/geschenk-ideen-unter-25-euro\/rankhilfe-fuer-kletterpflanzen-messing-schwarz\/\">mattschwarzem Messing<\/a>.<\/li>\n<\/ul>\n<h3>Anleitungsvideo<\/h3>\n<p>Du fragst dich, wie die Montage abl\u00e4uft? Wir haben hier ein kleines Anleitungsvideo (im Video-Tab), damit der Zusammenbau verst\u00e4ndlich wird. Hier geht es um das sorgf\u00e4ltige Verbinden der Ringe, das Anbringen des Verschlusssystems am Ende und das Anbringen des kleinen Hakens, um das Spalier aufzuh\u00e4ngen.<\/p>\n","protected":false},"excerpt":{"rendered":"<p><strong>Lasse deine Pflanzen mit Stil nach den Sternen greifen! Wer h\u00e4tte gedacht, dass eine Rankhilfe so stilvoll sein kann? Diese goldgl\u00e4nzende Messingkette verleiht Ihren Kletterpflanzen ein neues Niveau an Stil und Halt.<\/p>\n<p><\/strong><\/p>\n<p>Als wir keine gute Kletterhilfe f\u00fcr unser modernes Zuhause finden konnten, haben wir unsere eigene kreiert. Dieses modulare Design erm\u00f6glicht es dir, eine gl\u00e4nzende Messingkette zu bauen, bei der du die Gr\u00f6\u00dfe selbst bestimmen kannst (bis zu 1,90cm). Indem du einen einfachen Nagel, eine Schraube oder eine Rei\u00dfzwecke hinzuf\u00fcgst, kannst du die Rankhilfe an der Wand aufh\u00e4ngen und schon kann es losgehen.<\/p>\n<p>Die St\u00fctze besteht aus Messing, ist mit einer Schutzbeschichtung \u00fcberzogen und kann sowohl im Innen- als auch im Au\u00dfenbereich verwendet werden. Das Naturmaterial wird mit der Zeit einen sch\u00f6nen Edelrost entwickeln, kann aber auch wieder auf Hochglanz poliert werden.<\/p>\n<p>Das Produkt ist auch in einem\u00a0<a class=\"\" href=\"https:\/\/www.botanopia.com\/de\/shop\/geschenkideen\/geschenk-ideen-unter-25-euro\/rankhilfe-fuer-kletterpflanzen-messing-schwarz\/\">eleganten Schwarz<\/a>\u00a0erh\u00e4ltlich.<\/p>\n","protected":false},"featured_media":45065622,"comment_status":"open","ping_status":"closed","template":"","meta":{"_acf_changed":false},"product_brand":[],"product_cat":[23000514,23001807,23000814,23001004,19000436],"product_tag":[23000995,23000844,23001795,23001049,23000691],"giftcard-category":[],"class_list":{"0":"post-45065370","1":"product","2":"type-product","3":"status-publish","4":"has-post-thumbnail","6":"product_cat-showall-de","7":"product_cat-fruehjahrs-bestseller","8":"product_cat-geschenk-ideen-unter-25-euro","9":"product_cat-universal-products-de","10":"product_cat-unsere-pflanzenstutzen","11":"product_tag-b2c-de","12":"product_tag-de-mailbox","13":"product_tag-retail-2-de","14":"product_tag-universal_en-de","15":"product_tag-wholesale-de-de-2","16":"product_shipping_class-mailbox-package-de-2","18":"first","19":"instock","20":"taxable","21":"shipping-taxable","22":"purchasable","23":"product-type-simple","25":"catalog-layout-default","26":"columns-xs-1"},"bundled_by":[],"bundle_stock_status":"instock","bundle_stock_quantity":-832,"bundle_virtual":false,"bundle_layout":"","bundle_add_to_cart_form_location":"","bundle_editable_in_cart":false,"bundle_sold_individually_context":"","bundle_item_grouping":"","bundle_min_size":"","bundle_max_size":"","bundled_items":[],"bundle_sell_ids":[45090404],"acf":[],"gallery_images":[45104617,45104682,45104677,45107032,45104642,45104622,45104647,45104667,45104662,45104652,45104672,45104612,45077605,45077494,6004900,6004896,45104692,45104697,45104687],"_links":{"self":[{"href":"https:\/\/www.botanopia.com\/de\/wp-json\/wp\/v2\/product\/45065370","targetHints":{"allow":["GET"]}}],"collection":[{"href":"https:\/\/www.botanopia.com\/de\/wp-json\/wp\/v2\/product"}],"about":[{"href":"https:\/\/www.botanopia.com\/de\/wp-json\/wp\/v2\/types\/product"}],"replies":[{"embeddable":true,"href":"https:\/\/www.botanopia.com\/de\/wp-json\/wp\/v2\/comments?post=45065370"}],"wp:featuredmedia":[{"embeddable":true,"href":"https:\/\/www.botanopia.com\/de\/wp-json\/wp\/v2\/media\/45065622"}],"wp:attachment":[{"href":"https:\/\/www.botanopia.com\/de\/wp-json\/wp\/v2\/media?parent=45065370"}],"wp:term":[{"taxonomy":"product_brand","embeddable":true,"href":"https:\/\/www.botanopia.com\/de\/wp-json\/wp\/v2\/product_brand?post=45065370"},{"taxonomy":"product_cat","embeddable":true,"href":"https:\/\/www.botanopia.com\/de\/wp-json\/wp\/v2\/product_cat?post=45065370"},{"taxonomy":"product_tag","embeddable":true,"href":"https:\/\/www.botanopia.com\/de\/wp-json\/wp\/v2\/product_tag?post=45065370"},{"taxonomy":"giftcard-category","embeddable":true,"href":"https:\/\/www.botanopia.com\/de\/wp-json\/wp\/v2\/giftcard-category?post=45065370"}],"curies":[{"name":"wp","href":"https:\/\/api.w.org\/{rel}","templated":true}]}}