{"id":45065400,"date":"2018-12-16T09:31:00","date_gmt":"2018-12-16T07:31:00","guid":{"rendered":"https:\/\/www.botanopia.com\/shop\/unkategorisiert\/aloe-wunschkarte-mit-umschlag-spotted-aloe\/"},"modified":"2026-02-01T00:00:05","modified_gmt":"2026-01-31T22:00:05","slug":"aloe-wunschkarte-mit-umschlag-spotted-aloe","status":"publish","type":"product","link":"https:\/\/www.botanopia.com\/de\/shop\/unsere-papeterie\/gruskarten\/aloe-wunschkarte-mit-umschlag-spotted-aloe\/","title":{"rendered":"Aloe Wunschkarte mit Umschlag &#8211; Spotted Aloe"},"content":{"rendered":"<p>1 Digitaldruck unserer originalen gefleckten Aloe (Aloe Greatheadii &#8220;Spotted Aloe&#8221;) Aquarell-Illustration, auf dickem Texturpapier. Die Karte ist innen leer und wird inklusive eines recycelten Umschlags aus Kraftpapier verschickt.<\/p>\n<p>Schicke den Pflanzenfanatikern in deinem Leben etwas gr\u00fcne Liebe oder rahme die Karte an der Wand ein, f\u00fcr einen Hauch von ewigem Gr\u00fcn.<\/p>\n<p>Die geschlossene Gr\u00f6\u00dfe ist A6 (14,85 x 10,5cm), mit einem Umschlag im Format C6.<\/p>\n<p>Schau dir auch unsere anderen 3 Kaktus-Designs aus der gleichen Serie an.<\/p>\n<p>&nbsp;<\/p>\n<p>&nbsp;<\/p>\n<p>&nbsp;<\/p>\n","protected":false},"excerpt":{"rendered":"<p>1 Digitaldruck unserer originalen gefleckten Aloe (Aloe Greatheadii &#8220;Spotted Aloe&#8221;) Aquarell-Illustration, auf dickem Texturpapier. Die Karte ist innen leer und wird inklusive eines recycelten Umschlags aus Kraftpapier verschickt.<\/p>\n<p>Schicke den Pflanzenfanatikern in deinem Leben etwas gr\u00fcne Liebe oder rahme die Karte an der Wand ein, f\u00fcr einen Hauch von ewigem Gr\u00fcn.<\/p>\n<p>Die geschlossene Gr\u00f6\u00dfe ist A6 (14,85 x 10,5cm), mit einem Umschlag im Format C6.<\/p>\n<p>Schau dir auch unsere anderen 3 Kaktus-Designs aus der gleichen Serie an.<\/p>\n<p>&nbsp;<\/p>\n","protected":false},"featured_media":45099637,"comment_status":"open","ping_status":"closed","template":"","meta":{"_acf_changed":false},"product_brand":[],"product_cat":[23001245,23000514,23001046,23000814,23001517,23001511,23001004,23000607],"product_tag":[23000995,23000844,23001795,23001049,23000691],"giftcard-category":[],"class_list":{"0":"post-45065400","1":"product","2":"type-product","3":"status-publish","4":"has-post-thumbnail","6":"product_cat-gruskarten","7":"product_cat-showall-de","8":"product_cat-geschenkideen-unter-15e","9":"product_cat-geschenk-ideen-unter-25-euro","10":"product_cat-kaarten-zonder-tekst-de","11":"product_cat-karten-mit-pflanzen-blumen","12":"product_cat-universal-products-de","13":"product_cat-unsere-papeterie","14":"product_tag-b2c-de","15":"product_tag-de-mailbox","16":"product_tag-retail-2-de","17":"product_tag-universal_en-de","18":"product_tag-wholesale-de-de-2","19":"product_shipping_class-mailbox-package-de-2","21":"first","22":"instock","23":"taxable","24":"shipping-taxable","25":"purchasable","26":"product-type-simple","28":"catalog-layout-default","29":"columns-xs-1"},"bundled_by":[],"bundle_stock_status":"outofstock","bundle_stock_quantity":-171,"bundle_virtual":false,"bundle_layout":"","bundle_add_to_cart_form_location":"","bundle_editable_in_cart":false,"bundle_sold_individually_context":"","bundle_item_grouping":"","bundle_min_size":"","bundle_max_size":"","bundled_items":[],"bundle_sell_ids":[45074923,45073195],"acf":[],"gallery_images":[45078393,45078388,45078397,45078384,45078343],"_links":{"self":[{"href":"https:\/\/www.botanopia.com\/de\/wp-json\/wp\/v2\/product\/45065400","targetHints":{"allow":["GET"]}}],"collection":[{"href":"https:\/\/www.botanopia.com\/de\/wp-json\/wp\/v2\/product"}],"about":[{"href":"https:\/\/www.botanopia.com\/de\/wp-json\/wp\/v2\/types\/product"}],"replies":[{"embeddable":true,"href":"https:\/\/www.botanopia.com\/de\/wp-json\/wp\/v2\/comments?post=45065400"}],"wp:featuredmedia":[{"embeddable":true,"href":"https:\/\/www.botanopia.com\/de\/wp-json\/wp\/v2\/media\/45099637"}],"wp:attachment":[{"href":"https:\/\/www.botanopia.com\/de\/wp-json\/wp\/v2\/media?parent=45065400"}],"wp:term":[{"taxonomy":"product_brand","embeddable":true,"href":"https:\/\/www.botanopia.com\/de\/wp-json\/wp\/v2\/product_brand?post=45065400"},{"taxonomy":"product_cat","embeddable":true,"href":"https:\/\/www.botanopia.com\/de\/wp-json\/wp\/v2\/product_cat?post=45065400"},{"taxonomy":"product_tag","embeddable":true,"href":"https:\/\/www.botanopia.com\/de\/wp-json\/wp\/v2\/product_tag?post=45065400"},{"taxonomy":"giftcard-category","embeddable":true,"href":"https:\/\/www.botanopia.com\/de\/wp-json\/wp\/v2\/giftcard-category?post=45065400"}],"curies":[{"name":"wp","href":"https:\/\/api.w.org\/{rel}","templated":true}]}}