{"id":45065403,"date":"2018-12-13T21:22:45","date_gmt":"2018-12-13T17:22:45","guid":{"rendered":"https:\/\/www.botanopia.com\/shop\/unkategorisiert\/geschenkkarte-per-e-mail-gesendet\/"},"modified":"2024-12-07T22:26:15","modified_gmt":"2024-12-07T20:26:15","slug":"botanopia-geschenkgutschein-digital","status":"publish","type":"product","link":"https:\/\/www.botanopia.com\/de\/shop\/showall-de\/botanopia-geschenkgutschein-digital\/","title":{"rendered":"Botanopia Geschenkgutschein (digital)"},"content":{"rendered":"<p>Du kannst dich zwischen unseren Produkten nicht entscheiden? Oder brauchst ein Last-Minute-Geschenk, das bestimmt gut ankommt? Dann ist ein Geschenkgutschein von Botanopia ganz sicher die richtige Wahl!<\/p>\n<p>W\u00e4hle einen Betrag f\u00fcr den Gutschein und erhalte den einzigartigen Geschenkcode per E-Mail, den der Empf\u00e4nger nach Belieben in unserem Shop verwenden kann.<\/p>\n<p>M\u00f6chtest du den Gutschein doch lieber als Geschenkkarte auf Papier? Kein Problem! Du kannst die Geschenkkarte <a href=\"https:\/\/www.botanopia.com\/wp-content\/uploads\/2021\/04\/gift-cards-to-print-DE-botanopia.pdf\">hier herunterladen<\/a>\u00a0und den per E-Mail gesendeten Code h\u00e4ndisch eintragen.<\/p>\n<p>Geschenkkarten sind ab dem Kaufdatum ein Jahr lang g\u00fcltig.<\/p>\n","protected":false},"excerpt":{"rendered":"<p>Du kannst dich zwischen unseren Produkten nicht entscheiden? Oder brauchst ein Last-Minute-Geschenk, das bestimmt gut ankommt? Dann ist ein Geschenkgutschein von Botanopia ganz sicher die richtige Wahl! W\u00e4hle einen Betrag f\u00fcr den Gutschein und erhalte den einzigartigen Geschenkcode per E-Mail, den der Empf\u00e4nger nach Belieben in unserem Shop verwenden kann. M\u00f6chtest du den Gutschein doch&hellip;<\/p>\n","protected":false},"featured_media":1003547,"comment_status":"open","ping_status":"closed","template":"","meta":{"_acf_changed":false},"product_brand":[],"product_cat":[23000514,19000433,23000811,23000808],"product_tag":[],"giftcard-category":[],"class_list":{"0":"post-45065403","1":"product","2":"type-product","3":"status-publish","4":"has-post-thumbnail","6":"product_cat-showall-de","7":"product_cat-geschenkboxen-und-bastelsets","8":"product_cat-gutscheinkarten","9":"product_cat-geschenkideen","11":"first","12":"instock","13":"virtual","14":"taxable","15":"purchasable","16":"product-type-gift-card","18":"catalog-layout-default","19":"columns-xs-1"},"bundled_by":[],"bundle_stock_status":"instock","bundle_stock_quantity":998,"bundle_virtual":false,"bundle_layout":"","bundle_add_to_cart_form_location":"","bundle_editable_in_cart":false,"bundle_sold_individually_context":"","bundle_item_grouping":"","bundle_min_size":"","bundle_max_size":"","bundled_items":[],"bundle_sell_ids":[],"acf":[],"gallery_images":[],"_links":{"self":[{"href":"https:\/\/www.botanopia.com\/de\/wp-json\/wp\/v2\/product\/45065403","targetHints":{"allow":["GET"]}}],"collection":[{"href":"https:\/\/www.botanopia.com\/de\/wp-json\/wp\/v2\/product"}],"about":[{"href":"https:\/\/www.botanopia.com\/de\/wp-json\/wp\/v2\/types\/product"}],"replies":[{"embeddable":true,"href":"https:\/\/www.botanopia.com\/de\/wp-json\/wp\/v2\/comments?post=45065403"}],"wp:featuredmedia":[{"embeddable":true,"href":"https:\/\/www.botanopia.com\/de\/wp-json\/wp\/v2\/media\/1003547"}],"wp:attachment":[{"href":"https:\/\/www.botanopia.com\/de\/wp-json\/wp\/v2\/media?parent=45065403"}],"wp:term":[{"taxonomy":"product_brand","embeddable":true,"href":"https:\/\/www.botanopia.com\/de\/wp-json\/wp\/v2\/product_brand?post=45065403"},{"taxonomy":"product_cat","embeddable":true,"href":"https:\/\/www.botanopia.com\/de\/wp-json\/wp\/v2\/product_cat?post=45065403"},{"taxonomy":"product_tag","embeddable":true,"href":"https:\/\/www.botanopia.com\/de\/wp-json\/wp\/v2\/product_tag?post=45065403"},{"taxonomy":"giftcard-category","embeddable":true,"href":"https:\/\/www.botanopia.com\/de\/wp-json\/wp\/v2\/giftcard-category?post=45065403"}],"curies":[{"name":"wp","href":"https:\/\/api.w.org\/{rel}","templated":true}]}}