{"id":45069195,"date":"2020-03-21T06:06:51","date_gmt":"2021-09-16T12:09:04","guid":{"rendered":"https:\/\/www.botanopia.com\/shop\/unkategorisiert\/glas-sprueh-flasche-fuer-deine-flaschen\/"},"modified":"2024-09-25T15:12:04","modified_gmt":"2024-09-25T13:12:04","slug":"glas-sprueh-flasche-fuer-pflanzen-250ml","status":"publish","type":"product","link":"https:\/\/www.botanopia.com\/de\/shop\/geschenkideen\/geschenkideen-unter-15e\/glas-sprueh-flasche-fuer-pflanzen-250ml\/","title":{"rendered":"Glas-Spr\u00fchflasche f\u00fcr Pflanzen &#8211; 250ml"},"content":{"rendered":"<p>Diese Flasche h\u00e4lt 250ml und ist aus Braunglas gefertigt, welches UV-Licht abweist. Wenn du vorhast dein eigenes Blattspray zu mischen, wird der dadurch der Inhalt von den Strahlen gesch\u00fctzt.<\/p>\n<p>Der Spr\u00fchkopf erzeugt einen feinen Nebel auf Ihren Pflanzen. Ein Golddruck-Aufkleber ist auf der Vorderseite der Flasche.<\/p>\n","protected":false},"excerpt":{"rendered":"<p>Mit dieser eleganten Spr\u00fchflasche h\u00e4ltst du deine Pflanzen stilvoll mit Feuchtigkeit versorgt. Durch das edle Design, muss sie nicht versteckt werden und f\u00fcgt sich harmonisch in deine Pflanzensammlung ein.<\/p>\n<p>Sie k\u00f6nnen sie mit Wasser bef\u00fcllen, die Bl\u00e4tter bespr\u00fchen und und so die Luftfeuchtigkeit Ihrer Pflanzen hoch halten und Staub von den Bl\u00e4ttern zu entfernen.<\/p>\n<p>Mithilfe der beiliegenden Rezeptkarte kannst du dein eigenes organisches Blattglanzspray mischen.<\/p>\n<p>Im Lieferumfang ist ein kleines Anleitungsheft enthalten, das Ihnen wichtige Tipps und Informationen zum Bespr\u00fchen Ihrer Zimmerpflanzen gibt.<\/p>\n<div id=\"gtx-trans\" style=\"position: absolute; left: -14px; top: 326px;\">\n<div class=\"gtx-trans-icon\"><\/div>\n<\/div>\n","protected":false},"featured_media":45078548,"comment_status":"open","ping_status":"closed","template":"","meta":{"_acf_changed":false},"product_brand":[],"product_cat":[23000514,23001046,23000814,23000616],"product_tag":[23000995,23000841,23000676],"giftcard-category":[],"class_list":{"0":"post-45069195","1":"product","2":"type-product","3":"status-publish","4":"has-post-thumbnail","6":"product_cat-showall-de","7":"product_cat-geschenkideen-unter-15e","8":"product_cat-geschenk-ideen-unter-25-euro","9":"product_cat-unsere-gartengeraete","10":"product_tag-b2c-de","11":"product_tag-de-package","12":"product_tag-retail-de","13":"product_shipping_class-not-mailbox-de","15":"first","16":"outofstock","17":"taxable","18":"shipping-taxable","19":"purchasable","20":"product-type-simple","22":"catalog-layout-default","23":"columns-xs-1"},"bundled_by":[],"bundle_stock_status":"outofstock","bundle_stock_quantity":0,"bundle_virtual":false,"bundle_layout":"","bundle_add_to_cart_form_location":"","bundle_editable_in_cart":false,"bundle_sold_individually_context":"","bundle_item_grouping":"","bundle_min_size":"","bundle_max_size":"","bundled_items":[],"bundle_sell_ids":[45069468,45073646],"acf":[],"gallery_images":[45078544,45078553,45078536,45078540],"_links":{"self":[{"href":"https:\/\/www.botanopia.com\/de\/wp-json\/wp\/v2\/product\/45069195","targetHints":{"allow":["GET"]}}],"collection":[{"href":"https:\/\/www.botanopia.com\/de\/wp-json\/wp\/v2\/product"}],"about":[{"href":"https:\/\/www.botanopia.com\/de\/wp-json\/wp\/v2\/types\/product"}],"replies":[{"embeddable":true,"href":"https:\/\/www.botanopia.com\/de\/wp-json\/wp\/v2\/comments?post=45069195"}],"wp:featuredmedia":[{"embeddable":true,"href":"https:\/\/www.botanopia.com\/de\/wp-json\/wp\/v2\/media\/45078548"}],"wp:attachment":[{"href":"https:\/\/www.botanopia.com\/de\/wp-json\/wp\/v2\/media?parent=45069195"}],"wp:term":[{"taxonomy":"product_brand","embeddable":true,"href":"https:\/\/www.botanopia.com\/de\/wp-json\/wp\/v2\/product_brand?post=45069195"},{"taxonomy":"product_cat","embeddable":true,"href":"https:\/\/www.botanopia.com\/de\/wp-json\/wp\/v2\/product_cat?post=45069195"},{"taxonomy":"product_tag","embeddable":true,"href":"https:\/\/www.botanopia.com\/de\/wp-json\/wp\/v2\/product_tag?post=45069195"},{"taxonomy":"giftcard-category","embeddable":true,"href":"https:\/\/www.botanopia.com\/de\/wp-json\/wp\/v2\/giftcard-category?post=45069195"}],"curies":[{"name":"wp","href":"https:\/\/api.w.org\/{rel}","templated":true}]}}