{"id":45069468,"date":"2018-05-02T11:45:51","date_gmt":"2018-05-02T09:45:51","guid":{"rendered":"https:\/\/www.botanopia.com\/shop\/unkategorisiert\/niemoel-bereit-zum-mischen-100ml\/"},"modified":"2026-04-22T10:27:25","modified_gmt":"2026-04-22T08:27:25","slug":"neemoel-rimulgan-bereit-zum-mischen-100ml","status":"publish","type":"product","link":"https:\/\/www.botanopia.com\/de\/shop\/biologischer-dunger-olie\/neemoel-rimulgan-bereit-zum-mischen-100ml\/","title":{"rendered":"Niem\u00f6l, bereit zum Mischen, 100ml"},"content":{"rendered":"<h3>Verwendung<\/h3>\n<p>Das perfekte Mischungsverh\u00e4ltnis von Wasser und Niem\u00f6l ist 1:100. Das hei\u00dft, 1 ml \u00d6l auf 100 ml Wasser. Verd\u00fcnne das Niem\u00f6l mit Wasser und benutze eine Spr\u00fchflasche, um es direkt auf die Bl\u00e4tter und den Boden zu spr\u00fchen. Wenn du die Mischung l\u00e4nger als einen Tag in der Flasche l\u00e4sst, nimmt ihre Wirksamkeit ab. Mische also nur die Menge, die du sofort verwendest.<\/p>\n<h3>Sanfter Schutz vor Insekten<\/h3>\n<p>Neem\u00f6l ist ein bekanntes Insektenschutzmittel. Es ist kein Gift, das sofort t\u00f6tet. Stattdessen unterbricht es bei den meisten Insekten ihren Hormon- und Fortpflanzungszyklus. Betrachte es als Geburtenkontrolle f\u00fcr Sch\u00e4dlinge. Du verhinderst die n\u00e4chste Generation von Ungeziefer. Bei anderen Insekten wirkt es als Abwehrmittel. In beiden F\u00e4llen bilden die Insekten keine Resistenzen, so dass sie auch in Zukunft f\u00fcr dich wirkungsvoll sein werden. Es sch\u00fctzt deine Pflanzen vor Insekten wie Thripsen, Milben, Wolll\u00e4usen, Schildl\u00e4usen und Blattl\u00e4usen, aber es wirkt auch gegen M\u00fccken und Raupen. Nicht b\u00f6se sein, sondern einfach freundlich sagen: Danke, aber nein danke zu Pflanzensch\u00e4dlingen.<\/p>\n<h3>Warum Niem\u00f6l f\u00fcr Pflanzen verwenden<\/h3>\n<ul>\n<li>&#8211; Ganz nat\u00fcrlich. Sicher f\u00fcr Haustiere, organisch und biologisch abbaubar.<\/li>\n<li>&#8211; Leicht zu mischende Formel \u2013 einfach Wasser hinzuf\u00fcgen und spr\u00fchen.<\/li>\n<li>&#8211; Einfach. Simple Behandlung und Vorbeugung gegen Pilze, Bakterien und Insekten.<\/li>\n<li>&#8211; Wirksam. Wirkt in allen Lebensstadien eines Insekts.<\/li>\n<\/ul>\n<p>Du brauchst eine Spr\u00fchflasche? <a href=\"https:\/\/www.botanopia.com\/de\/shop\/geschenkideen\/geschenk-ideen-unter-25-euro\/glas-sprueh-flasche-fuer-pflanzen-250ml\/\" target=\"_blank\" rel=\"noopener\">Wie w\u00e4re es mit diesem eleganten Modell?<\/a><\/p>\n","protected":false},"excerpt":{"rendered":"<p><strong>Hast du Probleme mit deiner Pflanze? Dieses Baum\u00f6l k\u00f6nnte die L\u00f6sung sein. Es stammt von Azadirachta indica, einem in S\u00fcdasien beheimateten Baum, und ist eine ganz nat\u00fcrliche Methode zur Vorbeugung und Behandlung von Pilzproblemen, Bakterien und Insekten <\/strong><\/p>\n<p>Niem\u00f6l wird aus den Samen des tropischen Niembaums gewonnen. Durch ein Kaltpressverfahren bleiben alle aktiven Eigenschaften des Baumes erhalten. Das \u00d6l wird dann mit Rimulgan (aus Rizinus\u00f6l) und \u00e4therischem Pfefferminz\u00f6l in Flaschen abgef\u00fcllt, um ein wirksames und einfach zu verwendendes Neem\u00f6l f\u00fcr Pflanzen zu erhalten.<\/p>\n<p>Alle unsere fl\u00fcssigen Produkte sind in Braunglasflaschen verpackt mit einem schlichten und elegantem Design. Eine 100-ml-Flasche reicht aus, um 10 Liter Pflanzenschutzspray herzustellen. Wir haben einen praktischen Messbecher beigelegt. Verwende eine Spr\u00fchflasche, um die Mischung auf die Erde und die Bl\u00e4tter deiner Pflanzen aufzutragen. Spr\u00fche es nicht auf die Bl\u00e4tter, wenn sie im direkten Sonnenlicht stehen.<\/p>\n<p>Neem\u00f6l ist eine gute nat\u00fcrliche Methode, um unerw\u00fcnschte Insekten in Schach zu halten, damit sie das Wachstum deiner Pflanzen nicht st\u00f6ren.<\/p>\n<p>Es kann auch zur Bek\u00e4mpfung von Pilzen wie Schimmel, Mehltau und Bakterien wie Feuerbrand eingesetzt werden.<\/p>\n","protected":false},"featured_media":45078049,"comment_status":"open","ping_status":"closed","template":"","meta":{"_acf_changed":false},"product_brand":[],"product_cat":[23001057,23000514,23001807,23001046,23000814],"product_tag":[23000995,23000841,23000628,23000990,23001795,23000691],"giftcard-category":[],"class_list":{"0":"post-45069468","1":"product","2":"type-product","3":"status-publish","4":"has-post-thumbnail","6":"product_cat-biologischer-dunger-olie","7":"product_cat-showall-de","8":"product_cat-fruehjahrs-bestseller","9":"product_cat-geschenkideen-unter-15e","10":"product_cat-geschenk-ideen-unter-25-euro","11":"product_tag-b2c-de","12":"product_tag-de-package","13":"product_tag-dunger","14":"product_tag-eu-only-de","15":"product_tag-retail-2-de","16":"product_tag-wholesale-de-de-2","17":"product_shipping_class-not-mailbox-de","19":"first","20":"outofstock","21":"taxable","22":"shipping-taxable","23":"purchasable","24":"product-type-simple","26":"catalog-layout-default","27":"columns-xs-1"},"bundled_by":[],"bundle_stock_status":"outofstock","bundle_stock_quantity":-2384,"bundle_virtual":false,"bundle_layout":"","bundle_add_to_cart_form_location":"","bundle_editable_in_cart":false,"bundle_sold_individually_context":"","bundle_item_grouping":"","bundle_min_size":"","bundle_max_size":"","bundled_items":[],"bundle_sell_ids":[45090190,45090169],"acf":[],"gallery_images":[45078053,45078061,45078057,45078045,45105197,45105187,45105192,45105202],"_links":{"self":[{"href":"https:\/\/www.botanopia.com\/de\/wp-json\/wp\/v2\/product\/45069468","targetHints":{"allow":["GET"]}}],"collection":[{"href":"https:\/\/www.botanopia.com\/de\/wp-json\/wp\/v2\/product"}],"about":[{"href":"https:\/\/www.botanopia.com\/de\/wp-json\/wp\/v2\/types\/product"}],"replies":[{"embeddable":true,"href":"https:\/\/www.botanopia.com\/de\/wp-json\/wp\/v2\/comments?post=45069468"}],"wp:featuredmedia":[{"embeddable":true,"href":"https:\/\/www.botanopia.com\/de\/wp-json\/wp\/v2\/media\/45078049"}],"wp:attachment":[{"href":"https:\/\/www.botanopia.com\/de\/wp-json\/wp\/v2\/media?parent=45069468"}],"wp:term":[{"taxonomy":"product_brand","embeddable":true,"href":"https:\/\/www.botanopia.com\/de\/wp-json\/wp\/v2\/product_brand?post=45069468"},{"taxonomy":"product_cat","embeddable":true,"href":"https:\/\/www.botanopia.com\/de\/wp-json\/wp\/v2\/product_cat?post=45069468"},{"taxonomy":"product_tag","embeddable":true,"href":"https:\/\/www.botanopia.com\/de\/wp-json\/wp\/v2\/product_tag?post=45069468"},{"taxonomy":"giftcard-category","embeddable":true,"href":"https:\/\/www.botanopia.com\/de\/wp-json\/wp\/v2\/giftcard-category?post=45069468"}],"curies":[{"name":"wp","href":"https:\/\/api.w.org\/{rel}","templated":true}]}}