{"id":45074959,"date":"2020-03-21T06:06:51","date_gmt":"2020-03-21T04:06:51","guid":{"rendered":"https:\/\/www.botanopia.com\/shop\/unkategorisiert\/the-good-snips-bonsai\/"},"modified":"2026-04-13T03:23:39","modified_gmt":"2026-04-13T01:23:39","slug":"the-good-snips-bonsai-baumschere","status":"publish","type":"product","link":"https:\/\/www.botanopia.com\/de\/shop\/unsere-gartengeraete\/the-good-snips-bonsai-baumschere\/","title":{"rendered":"The Good Snips &#8211; Bonsai-Baumschere"},"content":{"rendered":"<p>Werde zum Garten Ninja mit diesen s\u00fc\u00dfen Stutzscheren f\u00fcr deinen Bonsai.<\/p>\n<p>Das Design ist von den traditionellen japanischen Scheren inspiriert. Die Klingen aus Kohlenstoffstahl sind sehr pr\u00e4zise &#8211; perfekt f\u00fcr die Formgebung deiner Pflanzen oder das Schneiden von Stecklingen.<\/p>\n<p>Es eignet sich zudem perfekt als Zusatzgeschenk f\u00fcr alle Pflanzenliebhaber. Hol einen Knipser f\u00fcr dich un deine Liebsten<\/p>\n<p>So bleiben sie scharf und rostfrei: Wische die Klingen nach Gebrauch einfach mit ein wenig Pflanzen\u00f6l auf einem Lappen ab.<\/p>\n<p>Gesamtl\u00e4nge : 10,5 cm (4.13 in)<\/p>\n","protected":false},"excerpt":{"rendered":"<p>Diese kleinen Bonsai-Scheren sind optimal f\u00fcr das Stutzen und Beschneiden deiner kleineren Pflanzen im Garten und im Haus.<\/p>\n<p>Die scharfen Klingen sind aus Kohlenstoffstahl gefertigt.<\/p>\n<ul>\n<li><strong>&#8211; Ergonomischer Griff,<\/strong> liegt gut in der Handfl\u00e4che.<\/li>\n<li><strong>&#8211; Einzigartiges Design:<\/strong> das urspr\u00fcngliche Design der Gartenschere ist klar erkennbar. Es ist zudem unwahrscheinlich, dass die Knipser f\u00fcr andere nicht g\u00e4rtnerische T\u00e4tigkeiten <s>gestolen<\/s> ehm,&#8221;ausgeborgt&#8221; werden. Sie bleiben immer brav in deiner botanischen Werkzeugbox<\/li>\n<li><strong>&#8211; Pr\u00e4zise<\/strong>: die Pr\u00e4zisionsspitze der Klingen ist ideal f\u00fcr das Beschneiden von Bl\u00e4ttern, aber auch f\u00fcr N\u00e4hgarn und andere Schneidarbeiten im Haushalt<\/li>\n<li><strong>&#8211; Einfach Aufzubewahren:<\/strong> sehr kompaktes Design.<\/li>\n<\/ul>\n","protected":false},"featured_media":45074943,"comment_status":"open","ping_status":"closed","template":"","meta":{"_acf_changed":false},"product_brand":[],"product_cat":[23000616,23000514,23001793,23001807,23001046,23000814,23001004],"product_tag":[23000995,23000841,23001795,23001049,23000691],"giftcard-category":[],"class_list":{"0":"post-45074959","1":"product","2":"type-product","3":"status-publish","4":"has-post-thumbnail","6":"product_cat-unsere-gartengeraete","7":"product_cat-showall-de","8":"product_cat-ausverkauf","9":"product_cat-fruehjahrs-bestseller","10":"product_cat-geschenkideen-unter-15e","11":"product_cat-geschenk-ideen-unter-25-euro","12":"product_cat-universal-products-de","13":"product_tag-b2c-de","14":"product_tag-de-package","15":"product_tag-retail-2-de","16":"product_tag-universal_en-de","17":"product_tag-wholesale-de-de-2","18":"product_shipping_class-mailbox-package-de-2","20":"first","21":"outofstock","22":"sale","23":"taxable","24":"shipping-taxable","25":"purchasable","26":"product-type-simple","28":"catalog-layout-default","29":"columns-xs-1"},"bundled_by":[],"bundle_stock_status":"instock","bundle_stock_quantity":-3716,"bundle_virtual":false,"bundle_layout":"","bundle_add_to_cart_form_location":"","bundle_editable_in_cart":false,"bundle_sold_individually_context":"","bundle_item_grouping":"","bundle_min_size":"","bundle_max_size":"","bundled_items":[],"bundle_sell_ids":[45090698,45090190],"acf":[],"gallery_images":[45105441,45078822,45105436,45074935],"_links":{"self":[{"href":"https:\/\/www.botanopia.com\/de\/wp-json\/wp\/v2\/product\/45074959","targetHints":{"allow":["GET"]}}],"collection":[{"href":"https:\/\/www.botanopia.com\/de\/wp-json\/wp\/v2\/product"}],"about":[{"href":"https:\/\/www.botanopia.com\/de\/wp-json\/wp\/v2\/types\/product"}],"replies":[{"embeddable":true,"href":"https:\/\/www.botanopia.com\/de\/wp-json\/wp\/v2\/comments?post=45074959"}],"wp:featuredmedia":[{"embeddable":true,"href":"https:\/\/www.botanopia.com\/de\/wp-json\/wp\/v2\/media\/45074943"}],"wp:attachment":[{"href":"https:\/\/www.botanopia.com\/de\/wp-json\/wp\/v2\/media?parent=45074959"}],"wp:term":[{"taxonomy":"product_brand","embeddable":true,"href":"https:\/\/www.botanopia.com\/de\/wp-json\/wp\/v2\/product_brand?post=45074959"},{"taxonomy":"product_cat","embeddable":true,"href":"https:\/\/www.botanopia.com\/de\/wp-json\/wp\/v2\/product_cat?post=45074959"},{"taxonomy":"product_tag","embeddable":true,"href":"https:\/\/www.botanopia.com\/de\/wp-json\/wp\/v2\/product_tag?post=45074959"},{"taxonomy":"giftcard-category","embeddable":true,"href":"https:\/\/www.botanopia.com\/de\/wp-json\/wp\/v2\/giftcard-category?post=45074959"}],"curies":[{"name":"wp","href":"https:\/\/api.w.org\/{rel}","templated":true}]}}