{"id":45079497,"date":"2021-09-09T14:35:21","date_gmt":"2021-09-09T12:35:21","guid":{"rendered":"https:\/\/www.botanopia.com\/?post_type=product&#038;p=45079497"},"modified":"2026-03-25T09:33:00","modified_gmt":"2026-03-25T07:33:00","slug":"goldene-gestickte-broschen-3-kleine-insekten","status":"publish","type":"product","link":"https:\/\/www.botanopia.com\/de\/shop\/gestickte-broschen-pins\/goldene-gestickte-broschen-3-kleine-insekten\/","title":{"rendered":"Goldene gestickte Broschen &#8211; 3 kleine Insekten"},"content":{"rendered":"<h3>Wie man sie verwendet<\/h3>\n<p>Jede Wanze ist mit einer kleinen Anstecknadel versehen, so dass du sie an jedes beliebige Kleidungsst\u00fcck anbringen kannst. Achte aber darauf, sie zu entfernen, bevor sie in der Waschmaschine landen!<\/p>\n<h3>Flecken oder L\u00f6cher in deiner Lieblingskleidung kaschieren<\/h3>\n<p>Ist dir ein kleines Malheur auf deiner besten Bluse oder deinem gem\u00fctlichsten Pullover passiert? Flecken von Tomatenso\u00dfe auf deinem wei\u00dfen T-Shirt? Verdecke sie mit diesen h\u00fcbschen Anstecknadeln, und niemand wird es merken. Es sieht nat\u00fcrlicher aus, wenn du mehrere K\u00e4fer um die Stelle herum anordnest.<\/p>\n<h3>Je mehr, desto lustiger<\/h3>\n<p>Bienen und andere n\u00fctzliche Best\u00e4uberinsekten sind durch den Einsatz von Pestiziden bedroht. Ihre Population nimmt schnell ab. Nutze diese h\u00fcbschen Pins als Gespr\u00e4chsanlass, um das Bewusstsein daf\u00fcr zu sch\u00e4rfen.<\/p>\n","protected":false},"excerpt":{"rendered":"<p><strong>Sie m\u00f6gen winzig sein, aber sie haben einen gro\u00dfen Einfluss auf dein Outfit!<\/strong><\/p>\n<p>Dieses Set aus 3 bestickten Broschen wird mit Metallfaden hergestellt. Das Verfahren ist ziemlich magisch: Wir sticken sie auf einen speziellen Stoff, der sich im Wasser aufl\u00f6st. Nach dem Waschen sind nur noch zarte, goldene K\u00e4fer \u00fcbrig.<\/p>\n<p>Sie sind perfekt, um einem schlichten Hemd, einer Krawatte oder einer Tasche ein wenig Spa\u00df und Glanz zu verleihen. Du kannst sie auch verwenden, um einen kleinen Fleck oder ein Loch in deinem Lieblingspulli zu kaschieren. Das wird unser kleines Geheimnis bleiben. Du kannst sie f\u00fcr einen Statement-Look aneinanderreihen oder sie an verschiedene Kleidungsst\u00fccke heften &#8211; das bleibt dir \u00fcberlassen.<\/p>\n<p>Die Broschen sind in einer schicken Pappschachtel verpackt, fertig zum Verschenken.<\/p>\n<p>Insekten sind nicht dein Ding? Wir haben auch Anstecker mit <a href=\"https:\/\/www.botanopia.com\/de\/shop\/gestickte-broschen-pins\/goldene-broschen-mit-stickerei-3-tropische-blaetter-aroids\/\">tropischen Bl\u00e4ttern<\/a>, die dir gefallen k\u00f6nnten.<\/p>\n","protected":false},"featured_media":45088212,"comment_status":"open","ping_status":"closed","template":"","meta":{"_acf_changed":false},"product_brand":[],"product_cat":[23001054,23000514,23001807,23000814,19000437],"product_tag":[23000995,23001795,23000691],"giftcard-category":[],"class_list":{"0":"post-45079497","1":"product","2":"type-product","3":"status-publish","4":"has-post-thumbnail","6":"product_cat-gestickte-broschen-pins","7":"product_cat-showall-de","8":"product_cat-fruehjahrs-bestseller","9":"product_cat-geschenk-ideen-unter-25-euro","10":"product_cat-unsere-pflanzen-accessoires","11":"product_tag-b2c-de","12":"product_tag-retail-2-de","13":"product_tag-wholesale-de-de-2","14":"product_shipping_class-mailbox-package-de-2","16":"first","17":"instock","18":"taxable","19":"shipping-taxable","20":"purchasable","21":"product-type-simple","23":"catalog-layout-default","24":"columns-xs-1"},"bundled_by":[],"bundle_stock_status":"instock","bundle_stock_quantity":-702,"bundle_virtual":false,"bundle_layout":"","bundle_add_to_cart_form_location":"","bundle_editable_in_cart":false,"bundle_sold_individually_context":"","bundle_item_grouping":"","bundle_min_size":"","bundle_max_size":"","bundled_items":[],"bundle_sell_ids":[],"acf":[],"gallery_images":[45089666,45079931,45088220,45079407,45079431,45106327,45079443,45079705,45079701,45079773,45081132,45116787],"_links":{"self":[{"href":"https:\/\/www.botanopia.com\/de\/wp-json\/wp\/v2\/product\/45079497","targetHints":{"allow":["GET"]}}],"collection":[{"href":"https:\/\/www.botanopia.com\/de\/wp-json\/wp\/v2\/product"}],"about":[{"href":"https:\/\/www.botanopia.com\/de\/wp-json\/wp\/v2\/types\/product"}],"replies":[{"embeddable":true,"href":"https:\/\/www.botanopia.com\/de\/wp-json\/wp\/v2\/comments?post=45079497"}],"wp:featuredmedia":[{"embeddable":true,"href":"https:\/\/www.botanopia.com\/de\/wp-json\/wp\/v2\/media\/45088212"}],"wp:attachment":[{"href":"https:\/\/www.botanopia.com\/de\/wp-json\/wp\/v2\/media?parent=45079497"}],"wp:term":[{"taxonomy":"product_brand","embeddable":true,"href":"https:\/\/www.botanopia.com\/de\/wp-json\/wp\/v2\/product_brand?post=45079497"},{"taxonomy":"product_cat","embeddable":true,"href":"https:\/\/www.botanopia.com\/de\/wp-json\/wp\/v2\/product_cat?post=45079497"},{"taxonomy":"product_tag","embeddable":true,"href":"https:\/\/www.botanopia.com\/de\/wp-json\/wp\/v2\/product_tag?post=45079497"},{"taxonomy":"giftcard-category","embeddable":true,"href":"https:\/\/www.botanopia.com\/de\/wp-json\/wp\/v2\/giftcard-category?post=45079497"}],"curies":[{"name":"wp","href":"https:\/\/api.w.org\/{rel}","templated":true}]}}