{"id":45081866,"date":"2021-09-09T14:35:21","date_gmt":"2021-09-09T12:35:21","guid":{"rendered":"https:\/\/www.botanopia.com\/shop\/unkategorisiert\/gestickte-eukalyptusbluten-brosche\/"},"modified":"2026-04-03T17:54:06","modified_gmt":"2026-04-03T15:54:06","slug":"gestickte-eukalyptusbluten-brosche","status":"publish","type":"product","link":"https:\/\/www.botanopia.com\/de\/shop\/gestickte-broschen-pins\/gestickte-eukalyptusbluten-brosche\/","title":{"rendered":"Gestickte Eukalyptusbl\u00fcten Brosche"},"content":{"rendered":"<p style=\"font-weight: 400;\"><strong>Wie man sie benutzt<\/strong><\/p>\n<p style=\"font-weight: 400;\">Nichts leichter als das. Entferne die Anstecknadel auf der R\u00fcckseite der Brosche, so dass du sie an jedes beliebige Kleidungsst\u00fcck anstecken und auf der anderen Seite des Stoffes befestigen kannst. Vergiss aber nicht, die Brosche zu entfernen, bevor du dein Kleidungsst\u00fcck w\u00e4schst!<\/p>\n<p style=\"font-weight: 400;\"><strong>Verstecke Flecken oder L\u00f6cher in deinen Lieblingskleidungsst\u00fccken.<\/strong><\/p>\n<p style=\"font-weight: 400;\">Hast du etwas Tomatenso\u00dfe auf deine beste wei\u00dfe Bluse versch\u00fcttet? Oder hat sich eine Motte durch deinen kuscheligen Wollpullover gefressen? Decke all dies mit dieser h\u00fcbschen Brosche ab, und niemand wird es bemerken. Wir verraten es ganz bestimmt nicht, wenn du es auch nicht tust.<\/p>\n<p style=\"font-weight: 400;\"><strong>Teil des Clubs<\/strong><\/p>\n<p><span style=\"font-weight: 400;\">Bist du ein absolute Pflanzenfan oder kennst du eine Person, die es ist? Dies ist das perfekte Geschenk, um deine Liebe zu allen Pflanzen auf die eleganteste Weise zu zeigen. Gie\u00dfen ist nicht n\u00f6tig!<\/span><\/p>\n","protected":false},"excerpt":{"rendered":"<div>\n<p><strong>Bringe einen Hauch von Natur in jedes deiner Outfits!<\/strong><\/p>\n<\/div>\n<div>\n<p>Diese Brosche wurde vom zarten Frauenhaarfarn mit seinen f\u00e4cherf\u00f6rmigen Bl\u00e4ttchen inspiriert. Dieser Farn ist zu Hause vielleicht nicht ganz einfach am Leben zu erhalten, aber diese Brosche braucht keinerlei Pflege.<\/p>\n<\/div>\n<div>\n<p>Stecke sie einfach an eine Jacke oder einen Schal und pr\u00e4sentiere deine Liebe zu Pflanzen auf die eleganteste Art und Weise.<\/p>\n<\/div>\n<div>\n<p>Der Herstellungsprozess ist fast so magisch wie die Natur selbst: Wir sticken die Bl\u00e4tter auf einen speziellen Stoff, der sich in Wasser aufl\u00f6st. Nach einer gr\u00fcndlichen Sp\u00fclung *puff* ist der Hintergrund verschwunden und die Bl\u00e4tter k\u00f6nnen sich frei und nat\u00fcrlich bewegen. Genau wie eine echte Pflanze, aber f\u00fcr immer. Wenn du neugierig bist, kannst du dir unter der \u00dcberschrift &#8222;Video&#8220; unseren Prozess genauer ansehen.<\/p>\n<\/div>\n<div>\n<p>Jede Brosche ist mit einer goldenen Anstecknadel versehen und wird in einer schicken schwarzen Schachtel verschickt.<\/p>\n<\/div>\n","protected":false},"featured_media":45088245,"comment_status":"open","ping_status":"closed","template":"","meta":{"_acf_changed":false},"product_brand":[],"product_cat":[23001054,23000514,23000814,23001004,19000437],"product_tag":[23000995,23000676,23000691],"giftcard-category":[],"class_list":{"0":"post-45081866","1":"product","2":"type-product","3":"status-publish","4":"has-post-thumbnail","6":"product_cat-gestickte-broschen-pins","7":"product_cat-showall-de","8":"product_cat-geschenk-ideen-unter-25-euro","9":"product_cat-universal-products-de","10":"product_cat-unsere-pflanzen-accessoires","11":"product_tag-b2c-de","12":"product_tag-retail-de","13":"product_tag-wholesale-de-de-2","14":"product_shipping_class-mailbox-package-de-2","16":"first","17":"instock","18":"taxable","19":"shipping-taxable","20":"purchasable","21":"product-type-simple","23":"catalog-layout-default","24":"columns-xs-1"},"bundled_by":[],"bundle_stock_status":"instock","bundle_stock_quantity":-424,"bundle_virtual":false,"bundle_layout":"","bundle_add_to_cart_form_location":"","bundle_editable_in_cart":false,"bundle_sold_individually_context":"","bundle_item_grouping":"","bundle_min_size":"","bundle_max_size":"","bundled_items":[],"bundle_sell_ids":[45065360,45065354],"acf":[],"gallery_images":[45081942,45081278,45105756,45088245,45081934,45105751,45081950,45081938,45081132,45116869],"_links":{"self":[{"href":"https:\/\/www.botanopia.com\/de\/wp-json\/wp\/v2\/product\/45081866","targetHints":{"allow":["GET"]}}],"collection":[{"href":"https:\/\/www.botanopia.com\/de\/wp-json\/wp\/v2\/product"}],"about":[{"href":"https:\/\/www.botanopia.com\/de\/wp-json\/wp\/v2\/types\/product"}],"replies":[{"embeddable":true,"href":"https:\/\/www.botanopia.com\/de\/wp-json\/wp\/v2\/comments?post=45081866"}],"wp:featuredmedia":[{"embeddable":true,"href":"https:\/\/www.botanopia.com\/de\/wp-json\/wp\/v2\/media\/45088245"}],"wp:attachment":[{"href":"https:\/\/www.botanopia.com\/de\/wp-json\/wp\/v2\/media?parent=45081866"}],"wp:term":[{"taxonomy":"product_brand","embeddable":true,"href":"https:\/\/www.botanopia.com\/de\/wp-json\/wp\/v2\/product_brand?post=45081866"},{"taxonomy":"product_cat","embeddable":true,"href":"https:\/\/www.botanopia.com\/de\/wp-json\/wp\/v2\/product_cat?post=45081866"},{"taxonomy":"product_tag","embeddable":true,"href":"https:\/\/www.botanopia.com\/de\/wp-json\/wp\/v2\/product_tag?post=45081866"},{"taxonomy":"giftcard-category","embeddable":true,"href":"https:\/\/www.botanopia.com\/de\/wp-json\/wp\/v2\/giftcard-category?post=45081866"}],"curies":[{"name":"wp","href":"https:\/\/api.w.org\/{rel}","templated":true}]}}