{"id":45092921,"date":"2019-10-22T17:13:46","date_gmt":"2019-10-22T15:13:46","guid":{"rendered":"https:\/\/www.botanopia.com\/?post_type=product&#038;p=45092921"},"modified":"2026-01-09T12:32:40","modified_gmt":"2026-01-09T10:32:40","slug":"mini-pflanzenstutze-hoop-gold","status":"publish","type":"product","link":"https:\/\/www.botanopia.com\/de\/shop\/unsere-pflanzenstutzen\/mini-pflanzenstutze-hoop-gold\/","title":{"rendered":"Mini-Pflanzenst\u00fctze &#8211; Hoop &#8211; Gold"},"content":{"rendered":"<p>Die Rankhilfe Hoop ist f\u00fcr alle deine kleinen Pflanzen, die etwas Hilfe von au\u00dferhalb gebrauchen k\u00f6nnen. <\/p>\n<p>Wir haben auch 3 andere Mini-Designs: Pompom, Bump und Perch. Sie haben alle eine grafische Form und eine starke Pers\u00f6nlichkeit.<\/p>\n<p>Welche deiner Pflanzen kann ein wenig Unterst\u00fctzung gebrauchen? Lass deine gr\u00fcnen Lieblinge nicht h\u00e4ngen! (zumindest nicht immer)<\/p>\n","protected":false},"excerpt":{"rendered":"<p>St\u00fctze deine Pflanzen stilvoll mit unserer schwarzen Rankhilfe! <\/p>\n<p>Bring einen dekorativen und funktionalen Touch in dein gr\u00fcnes Zuhause. Du kannst sie sowohl im Garten als auch in einem Topf in deinem Haus oder auf deinem Balkon verwenden. Wo auch immer sie steht ist die Rankhilfe ein Schmuckst\u00fcck in deinen Pflanzen.<\/p>\n<p>Sie sind aus recyceltem Aluminium hergestellt und rosten daher nicht.<\/p>\n<p>Die St\u00fctze wird am besten in Pflanzent\u00f6pfen zwischen 7 und 30cm H\u00f6he verwendet.<\/p>\n<p>Schau dir auch die anderen 3 Designs aus der gleichen Serie an! Doch etwas Gr\u00f6\u00dferes gef\u00e4llig? Vielleicht sind unsere <a href=\"https:\/\/www.botanopia.com\/shop\/unsere-pflanzenstutzen\/set-von-4-rankhilfen\/?lang=de\">gro\u00dfen goldenen Rankhilfen<\/a> das Richtige f\u00fcr dich.<\/p>\n","protected":false},"featured_media":45076806,"comment_status":"open","ping_status":"closed","template":"","meta":{"_acf_changed":false},"product_brand":[],"product_cat":[19000436,23000514,23001807,23001046,23001004],"product_tag":[23000844,23000629,23000676,23001049,23000691],"giftcard-category":[],"class_list":{"0":"post-45092921","1":"product","2":"type-product","3":"status-publish","4":"has-post-thumbnail","6":"product_cat-unsere-pflanzenstutzen","7":"product_cat-showall-de","8":"product_cat-fruehjahrs-bestseller","9":"product_cat-geschenkideen-unter-15e","10":"product_cat-universal-products-de","11":"product_tag-de-mailbox","12":"product_tag-rankhilfen","13":"product_tag-retail-de","14":"product_tag-universal_en-de","15":"product_tag-wholesale-de-de-2","16":"product_shipping_class-mailbox-package-de-2","18":"first","19":"instock","20":"taxable","21":"shipping-taxable","22":"purchasable","23":"product-type-simple","25":"catalog-layout-default","26":"columns-xs-1"},"bundled_by":[],"bundle_stock_status":"instock","bundle_stock_quantity":-468,"bundle_virtual":false,"bundle_layout":"","bundle_add_to_cart_form_location":"","bundle_editable_in_cart":false,"bundle_sold_individually_context":"","bundle_item_grouping":"","bundle_min_size":"","bundle_max_size":"","bundled_items":[],"bundle_sell_ids":[45065370,41061709],"acf":[],"gallery_images":[45104404,45104434,45104354,45104314,45117296,45104329],"_links":{"self":[{"href":"https:\/\/www.botanopia.com\/de\/wp-json\/wp\/v2\/product\/45092921","targetHints":{"allow":["GET"]}}],"collection":[{"href":"https:\/\/www.botanopia.com\/de\/wp-json\/wp\/v2\/product"}],"about":[{"href":"https:\/\/www.botanopia.com\/de\/wp-json\/wp\/v2\/types\/product"}],"replies":[{"embeddable":true,"href":"https:\/\/www.botanopia.com\/de\/wp-json\/wp\/v2\/comments?post=45092921"}],"wp:featuredmedia":[{"embeddable":true,"href":"https:\/\/www.botanopia.com\/de\/wp-json\/wp\/v2\/media\/45076806"}],"wp:attachment":[{"href":"https:\/\/www.botanopia.com\/de\/wp-json\/wp\/v2\/media?parent=45092921"}],"wp:term":[{"taxonomy":"product_brand","embeddable":true,"href":"https:\/\/www.botanopia.com\/de\/wp-json\/wp\/v2\/product_brand?post=45092921"},{"taxonomy":"product_cat","embeddable":true,"href":"https:\/\/www.botanopia.com\/de\/wp-json\/wp\/v2\/product_cat?post=45092921"},{"taxonomy":"product_tag","embeddable":true,"href":"https:\/\/www.botanopia.com\/de\/wp-json\/wp\/v2\/product_tag?post=45092921"},{"taxonomy":"giftcard-category","embeddable":true,"href":"https:\/\/www.botanopia.com\/de\/wp-json\/wp\/v2\/giftcard-category?post=45092921"}],"curies":[{"name":"wp","href":"https:\/\/api.w.org\/{rel}","templated":true}]}}