{"id":45106552,"date":"2024-11-26T17:26:20","date_gmt":"2024-11-26T15:26:20","guid":{"rendered":"https:\/\/www.botanopia.com\/shop\/unkategorisiert\/angebot-set-aus-5-arch-pflanzenstutzen-fruhere-farbserie\/"},"modified":"2025-02-16T20:33:53","modified_gmt":"2025-02-16T18:33:53","slug":"angebot-set-aus-5-arch-pflanzenstutzen-fruhere-farbserie","status":"publish","type":"product","link":"https:\/\/www.botanopia.com\/de\/shop\/unsere-pflanzenstutzen\/angebot-set-aus-5-arch-pflanzenstutzen-fruhere-farbserie\/","title":{"rendered":"ANGEBOT: Set aus 5 Arch-Pflanzenst\u00fctzen \u2013 Fr\u00fchere Farbserie"},"content":{"rendered":"<div class=\"flex max-w-full flex-col flex-grow\">\n<div class=\"min-h-8 text-message flex w-full flex-col items-end gap-2 whitespace-normal break-words [.text-message+&amp;]:mt-5\" dir=\"auto\" data-message-author-role=\"assistant\" data-message-id=\"7ee534f1-9f30-4d1c-b2e4-7846a95c76f8\" data-message-model-slug=\"gpt-4o\">\n<div class=\"flex w-full flex-col gap-1 empty:hidden first:pt-[3px]\">\n<div class=\"markdown prose w-full break-words dark:prose-invert light\">\n<p><strong>Endlich eine Pflanzenst\u00fctze, die du stolz zeigen kannst!<\/strong><br \/>\nKeine gr\u00fcnen Plastikst\u00fctzen mehr, die du am liebsten verstecken w\u00fcrdest. Diese hier unterst\u00fctzt deine Pflanze stilvoll und elegant.<\/p>\n<p><strong>Praktisch und dekorativ<\/strong> sorgt sie f\u00fcr eine originelle und elegante gr\u00fcne Oase.<\/p>\n<p>Mit dem Modell &#8222;Arch&#8220; nimmst du den kurvigen Weg \u2013 und deine Pflanze wird es lieben, sich daran entlangzuwinden!<\/p>\n<\/div>\n<\/div>\n<\/div>\n<\/div>\n<div id=\"gtx-trans\" style=\"position: absolute; left: 76px; top: 278.109px;\">\n<div class=\"gtx-trans-icon\"><\/div>\n<\/div>\n","protected":false},"excerpt":{"rendered":"<p>Unterst\u00fctze deine Pflanzen mit Stil mit unseren goldenen Pflanzenst\u00fctzen, B-Ware Edition!<br \/>\nDieses Set aus 5 Arch-Pflanzenst\u00fctzen stammt aus einer fr\u00fcheren Farbserie: etwas dunkler und weniger gleichm\u00e4\u00dfig als unsere regul\u00e4ren Arch-St\u00fctzen. Sie sind absolut funktional, passen aber nicht genau zu den anderen Modellen in der Kollektion.<\/p>\n<p><strong>Deshalb bieten wir sie dir zu einem super Preis an!<\/strong><\/p>\n<p>Sie bestehen aus recyceltem Aluminium und rosten daher nie.<\/p>\n<p><strong>Ma\u00dfe einer Pflanzenst\u00fctze:<\/strong><\/p>\n<ul>\n<li>H\u00f6he: 700 mm<\/li>\n<li>L\u00e4nge: 209 mm<\/li>\n<li>St\u00e4rke: 5 mm<\/li>\n<\/ul>\n<p>Am besten geeignet f\u00fcr Pflanzent\u00f6pfe, die mindestens 30 cm hoch sind. Bei kleineren T\u00f6pfen k\u00f6nnten sie instabil sein, da die Erdschicht zu flach ist.<\/p>\n<p><strong>Hinweis:<\/strong> <strong>Der Verkauf von reduzierten Artikeln ist endg\u00fcltig und vom Umtausch ausgeschlossen.<\/strong><\/p>\n","protected":false},"featured_media":45076858,"comment_status":"closed","ping_status":"closed","template":"","meta":{"_acf_changed":false},"product_brand":[],"product_cat":[19000436,23000514,23001793],"product_tag":[23000629,23000691],"giftcard-category":[],"class_list":{"0":"post-45106552","1":"product","2":"type-product","3":"status-publish","4":"has-post-thumbnail","6":"product_cat-unsere-pflanzenstutzen","7":"product_cat-showall-de","8":"product_cat-ausverkauf","9":"product_tag-rankhilfen","10":"product_tag-wholesale-de-de-2","12":"first","13":"outofstock","14":"sale","15":"taxable","16":"shipping-taxable","17":"purchasable","18":"product-type-simple","20":"catalog-layout-default","21":"columns-xs-1"},"bundled_by":[],"bundle_stock_status":"instock","bundle_stock_quantity":-10,"bundle_virtual":false,"bundle_layout":"","bundle_add_to_cart_form_location":"","bundle_editable_in_cart":false,"bundle_sold_individually_context":"","bundle_item_grouping":"","bundle_min_size":"","bundle_max_size":"","bundled_items":[],"bundle_sell_ids":[],"acf":[],"gallery_images":[45107116,45104188,45104027,45103987,45104017,45104107,45104087,45109813],"_links":{"self":[{"href":"https:\/\/www.botanopia.com\/de\/wp-json\/wp\/v2\/product\/45106552","targetHints":{"allow":["GET"]}}],"collection":[{"href":"https:\/\/www.botanopia.com\/de\/wp-json\/wp\/v2\/product"}],"about":[{"href":"https:\/\/www.botanopia.com\/de\/wp-json\/wp\/v2\/types\/product"}],"replies":[{"embeddable":true,"href":"https:\/\/www.botanopia.com\/de\/wp-json\/wp\/v2\/comments?post=45106552"}],"wp:featuredmedia":[{"embeddable":true,"href":"https:\/\/www.botanopia.com\/de\/wp-json\/wp\/v2\/media\/45076858"}],"wp:attachment":[{"href":"https:\/\/www.botanopia.com\/de\/wp-json\/wp\/v2\/media?parent=45106552"}],"wp:term":[{"taxonomy":"product_brand","embeddable":true,"href":"https:\/\/www.botanopia.com\/de\/wp-json\/wp\/v2\/product_brand?post=45106552"},{"taxonomy":"product_cat","embeddable":true,"href":"https:\/\/www.botanopia.com\/de\/wp-json\/wp\/v2\/product_cat?post=45106552"},{"taxonomy":"product_tag","embeddable":true,"href":"https:\/\/www.botanopia.com\/de\/wp-json\/wp\/v2\/product_tag?post=45106552"},{"taxonomy":"giftcard-category","embeddable":true,"href":"https:\/\/www.botanopia.com\/de\/wp-json\/wp\/v2\/giftcard-category?post=45106552"}],"curies":[{"name":"wp","href":"https:\/\/api.w.org\/{rel}","templated":true}]}}