{"id":45107500,"date":"2022-10-20T16:20:37","date_gmt":"2022-10-20T14:20:37","guid":{"rendered":"https:\/\/www.botanopia.com\/?post_type=product&#038;p=45107500"},"modified":"2026-03-18T09:14:22","modified_gmt":"2026-03-18T07:14:22","slug":"regenbogen-aufkleber-kreiere-uberall-regenbogen-bleib-wild-8-mini-aufkleber","status":"publish","type":"product","link":"https:\/\/www.botanopia.com\/de\/shop\/unsere-papeterie\/sonnenfanger-regenbogenmacher-aufkleber\/regenbogen-aufkleber-kreiere-uberall-regenbogen-bleib-wild-8-mini-aufkleber\/","title":{"rendered":"Regenbogen Aufkleber &#8211; kreiere \u00fcberall Regenb\u00f6gen (Bleib Wild, 8 Mini-Aufkleber)"},"content":{"rendered":"<p>Schauen Sie sich die Registerkarte \u201eVideo\u201c an, um unsere Anweisungen zum Anbringen Ihres Aufklebers an Ihrem Fenster zu erhalten.<\/p>\n<p>Dieses Modell enth\u00e4lt 8 Mini-Aufkleber mit einem Durchmesser von jeweils 3 cm (1,2 Zoll) und wird in einer stabilen Verpackung mit h\u00fcbschen metallischen Akzenten geliefert.<\/p>\n<p>Der Aufkleber hinterl\u00e4sst keine R\u00fcckst\u00e4nde auf Ihrem Glas. Wenn Sie vorsichtig sind, k\u00f6nnen Sie es sogar in ein anderes Fenster verschieben, wenn Sie Ihre Meinung ge\u00e4ndert haben.<\/p>\n","protected":false},"excerpt":{"rendered":"<p><strong>Erschaffe deine eigene \ud83c\udf08 Magie zu Hause mit diesen besonderen Aufklebern.<\/strong><\/p>\n<p>Wenn die Sonne auf dein Fenster f\u00e4llt, l\u00e4sst sie wundersch\u00f6ne Regenb\u00f6gen an deinen W\u00e4nden tanzen. Sie ver\u00e4ndern und bewegen sich mit den Jahreszeiten, je nachdem wie sich die Sonne am Himmel dreht.<\/p>\n<p>Es ist eine Freude, sie mit jedem Sonnenstrahl auftauchen zu sehen und sie an unerwarteten Orten in deinem Zimmer zu entdecken.<\/p>\n<p>Hast du als Kind schon immer mit Prismen gespielt, um einen Lichtstrahl in einen kleinen Regenbogen zu zerteilen? Diese Aufkleber nutzen das gleiche Prinzip, sind aber viel praktischer und spielerischer.<\/p>\n<p>Die Aufkleber sind aus spezieller Beugungsfolie gefertigt und mit 10 sch\u00f6nen Motiven bedruckt. Welches wirst du w\u00e4hlen?<\/p>\n","protected":false},"featured_media":45087770,"comment_status":"open","ping_status":"closed","template":"","meta":{"_acf_changed":false},"product_brand":[],"product_cat":[23001234,23000514,23001802,23001807,23001046,23000814,23001004,23000607],"product_tag":[23000995,23000844,23000676,23001049,23000691],"giftcard-category":[],"class_list":{"0":"post-45107500","1":"product","2":"type-product","3":"status-publish","4":"has-post-thumbnail","6":"product_cat-sonnenfanger-regenbogenmacher-aufkleber","7":"product_cat-showall-de","8":"product_cat-aufkleber","9":"product_cat-fruehjahrs-bestseller","10":"product_cat-geschenkideen-unter-15e","11":"product_cat-geschenk-ideen-unter-25-euro","12":"product_cat-universal-products-de","13":"product_cat-unsere-papeterie","14":"product_tag-b2c-de","15":"product_tag-de-mailbox","16":"product_tag-retail-de","17":"product_tag-universal_en-de","18":"product_tag-wholesale-de-de-2","19":"product_shipping_class-mailbox-package-de-2","21":"first","22":"outofstock","23":"taxable","24":"shipping-taxable","25":"purchasable","26":"product-type-simple","28":"catalog-layout-default","29":"columns-xs-1"},"bundled_by":[],"bundle_stock_status":"outofstock","bundle_stock_quantity":-2873,"bundle_virtual":false,"bundle_layout":"","bundle_add_to_cart_form_location":"","bundle_editable_in_cart":false,"bundle_sold_individually_context":"","bundle_item_grouping":"","bundle_min_size":"","bundle_max_size":"","bundled_items":[],"bundle_sell_ids":[],"acf":[],"gallery_images":[45105299,45105349,45087778,45087766,45087774,45087782,45105339,45105304,45105309,45095958,45095933,45095938,45095948,45105269,45117433,45117428,45117423],"_links":{"self":[{"href":"https:\/\/www.botanopia.com\/de\/wp-json\/wp\/v2\/product\/45107500","targetHints":{"allow":["GET"]}}],"collection":[{"href":"https:\/\/www.botanopia.com\/de\/wp-json\/wp\/v2\/product"}],"about":[{"href":"https:\/\/www.botanopia.com\/de\/wp-json\/wp\/v2\/types\/product"}],"replies":[{"embeddable":true,"href":"https:\/\/www.botanopia.com\/de\/wp-json\/wp\/v2\/comments?post=45107500"}],"wp:featuredmedia":[{"embeddable":true,"href":"https:\/\/www.botanopia.com\/de\/wp-json\/wp\/v2\/media\/45087770"}],"wp:attachment":[{"href":"https:\/\/www.botanopia.com\/de\/wp-json\/wp\/v2\/media?parent=45107500"}],"wp:term":[{"taxonomy":"product_brand","embeddable":true,"href":"https:\/\/www.botanopia.com\/de\/wp-json\/wp\/v2\/product_brand?post=45107500"},{"taxonomy":"product_cat","embeddable":true,"href":"https:\/\/www.botanopia.com\/de\/wp-json\/wp\/v2\/product_cat?post=45107500"},{"taxonomy":"product_tag","embeddable":true,"href":"https:\/\/www.botanopia.com\/de\/wp-json\/wp\/v2\/product_tag?post=45107500"},{"taxonomy":"giftcard-category","embeddable":true,"href":"https:\/\/www.botanopia.com\/de\/wp-json\/wp\/v2\/giftcard-category?post=45107500"}],"curies":[{"name":"wp","href":"https:\/\/api.w.org\/{rel}","templated":true}]}}