{"id":45107885,"date":"2020-04-06T16:37:28","date_gmt":"2020-04-06T14:37:28","guid":{"rendered":"https:\/\/www.botanopia.com\/?post_type=product&#038;p=45107885"},"modified":"2026-03-24T19:05:23","modified_gmt":"2026-03-24T17:05:23","slug":"pflanzunterlage-fur-urbanes-gartnern-veganes-schwarzes-band","status":"publish","type":"product","link":"https:\/\/www.botanopia.com\/de\/shop\/geschenkideen\/geschenkideen-unter-50-euro\/pflanzunterlage-fur-urbanes-gartnern-veganes-schwarzes-band\/","title":{"rendered":"Pflanzunterlage f\u00fcr urbanes G\u00e4rtnern &#8211; Veganes schwarzes Band"},"content":{"rendered":"<h3>Ordnung halten<\/h3>\n<p>Dank deiner Pflanzunterlage sind nach deinem urbanen G\u00e4rtnern nur noch deine H\u00e4nde schmutzig. Keine Erde, kein Wasser und keine schmutzigen Flecken mehr in deinem sch\u00f6nen Zuhause. Das Umtopfen im Haus ist bei weitem die schmutzigste Aufgabe, aber du kannst diese praktische Matte auch f\u00fcr alle anderen Aufgaben der Pflanzenpflege verwenden. Denk an das Vermehren, Pflanzen, Beschneiden und Bespr\u00fchen. Es gibt nichts, was dich davon abh\u00e4lt, deinen Pflanzen die Pflege zukommen zu lassen, die sie verdienen!<\/p>\n<h3>Die Vorteile von Unterlagen beim G\u00e4rtnern<\/h3>\n<p>&#8211; Wasserdicht und UV-best\u00e4ndig. Die Plane ist f\u00fcr die Ewigkeit gemacht.<\/p>\n<p>&#8211; Sp\u00fclmaschinenfest. Halte dich an das Kaltprogramm f\u00fcr eine gr\u00fcndliche Reinigung.<\/p>\n<p>&#8211; Topfmatte f\u00fcr den Innenbereich. Macht das Umpflanzen deiner Pflanzen schnell, sauber und einfach.<\/p>\n<p><strong>N\u00fctzliche Details<\/strong><\/p>\n<p>Maschinenwaschbar.<\/p>\n<p>Hergestellt in den Niederlanden. Hergestellt aus wasserdichtem und UV-best\u00e4ndigem recyceltem Polyestergewebe.<\/p>\n<p>Flache Gr\u00f6\u00dfe: 66x56cmGr\u00f6\u00dfe<\/p>\n<p>mit gefalteten Ecken: 56x46cm (Der Rand ist 5 cm hoch)<\/p>\n<p>Zum einfachen Verstauen aufrollen.<\/br><\/br><\/br><\/br><\/br><\/p>\n","protected":false},"excerpt":{"rendered":"<p><strong>Du m\u00f6chtest gerne Zeit mit deinen Pflanzen verbringen, hast aber keine Lust auf die Aufr\u00e4umarbeiten? Wir haben f\u00fcr dich eine praktische Topfplane entworfen \u2013 das perfekte urbane Gartenzubeh\u00f6r, um all deine Aktivit\u00e4ten zur Pflege der Zimmerpflanzen beisammenzuhalten <\/strong><\/p>\n<p>Die Plane (56&#215;46 cm) besteht aus recyceltem Polyester, einem robusten und absolut wasserdichten Material. Du kannst sie ganz einfach auf deiner Arbeitsplatte, deinem Tisch oder sogar deinem Fu\u00dfboden ausrollen, ohne dass du dir Sorgen machen musst, dass alles dreckig wird. Die R\u00e4nder sind leicht erh\u00f6ht, um Wasser, Erde und verirrte Bl\u00e4tter zur\u00fcckzuhalten.<\/p>\n<p>Wenn du mit der Gartenarbeit fertig bist, nimmst du die Matte einfach in die Hand und leerst die Abf\u00e4lle in den M\u00fclleimer, dann rollst du sie zur kompakten Aufbewahrung zusammen. Wir haben einen kleinen Riemen angebracht, mit dem du die Matte zu einem h\u00fcbschen Paket zusammenschn\u00fcren kannst. Du kannst sogar dein Werkzeug darin verstauen, damit du dein Urban Gardening Kit beim n\u00e4chsten Mal in einem Rutsch ausrollen kannst.<\/p>\n<p>Gut zu wissen: Wir haben zwei Variationen der Topfplane im Angebot: W\u00e4hle zwischen einem Lederband oder einer veganen Variante.<\/p>\n","protected":false},"featured_media":45072464,"comment_status":"open","ping_status":"closed","template":"","meta":{"_acf_changed":false},"product_brand":[],"product_cat":[23000514,23001807,23001004,23000616,23000817],"product_tag":[],"giftcard-category":[],"class_list":{"0":"post-45107885","1":"product","2":"type-product","3":"status-publish","4":"has-post-thumbnail","6":"product_cat-showall-de","7":"product_cat-fruehjahrs-bestseller","8":"product_cat-universal-products-de","9":"product_cat-unsere-gartengeraete","10":"product_cat-geschenkideen-unter-50-euro","11":"product_shipping_class-not-mailbox-de","13":"first","14":"instock","15":"taxable","16":"shipping-taxable","17":"purchasable","18":"product-type-simple","20":"catalog-layout-default","21":"columns-xs-1"},"bundled_by":[],"bundle_stock_status":"instock","bundle_stock_quantity":-76,"bundle_virtual":false,"bundle_layout":"","bundle_add_to_cart_form_location":"","bundle_editable_in_cart":false,"bundle_sold_individually_context":"","bundle_item_grouping":"","bundle_min_size":"","bundle_max_size":"","bundled_items":[],"bundle_sell_ids":[],"acf":[],"gallery_images":[45105244,45078129,45078125],"_links":{"self":[{"href":"https:\/\/www.botanopia.com\/de\/wp-json\/wp\/v2\/product\/45107885","targetHints":{"allow":["GET"]}}],"collection":[{"href":"https:\/\/www.botanopia.com\/de\/wp-json\/wp\/v2\/product"}],"about":[{"href":"https:\/\/www.botanopia.com\/de\/wp-json\/wp\/v2\/types\/product"}],"replies":[{"embeddable":true,"href":"https:\/\/www.botanopia.com\/de\/wp-json\/wp\/v2\/comments?post=45107885"}],"wp:featuredmedia":[{"embeddable":true,"href":"https:\/\/www.botanopia.com\/de\/wp-json\/wp\/v2\/media\/45072464"}],"wp:attachment":[{"href":"https:\/\/www.botanopia.com\/de\/wp-json\/wp\/v2\/media?parent=45107885"}],"wp:term":[{"taxonomy":"product_brand","embeddable":true,"href":"https:\/\/www.botanopia.com\/de\/wp-json\/wp\/v2\/product_brand?post=45107885"},{"taxonomy":"product_cat","embeddable":true,"href":"https:\/\/www.botanopia.com\/de\/wp-json\/wp\/v2\/product_cat?post=45107885"},{"taxonomy":"product_tag","embeddable":true,"href":"https:\/\/www.botanopia.com\/de\/wp-json\/wp\/v2\/product_tag?post=45107885"},{"taxonomy":"giftcard-category","embeddable":true,"href":"https:\/\/www.botanopia.com\/de\/wp-json\/wp\/v2\/giftcard-category?post=45107885"}],"curies":[{"name":"wp","href":"https:\/\/api.w.org\/{rel}","templated":true}]}}