{"id":45108077,"date":"2021-06-21T17:46:49","date_gmt":"2021-06-21T15:46:49","guid":{"rendered":"https:\/\/www.botanopia.com\/?post_type=product&#038;p=45108077"},"modified":"2026-02-06T12:29:03","modified_gmt":"2026-02-06T10:29:03","slug":"4er-set-mini-pflanzenstutzen-schwarz","status":"publish","type":"product","link":"https:\/\/www.botanopia.com\/de\/shop\/unsere-pflanzenstutzen\/4er-set-mini-pflanzenstutzen-schwarz\/","title":{"rendered":"4er Set Mini-Pflanzenst\u00fctzen &#8211; Schwarz"},"content":{"rendered":"<h3>Verspieltes Pflanzenzubeh\u00f6r <\/h3>\n<p>Wir haben uns einfach nicht inspiriert gef\u00fchlt, als wir in unserem \u00f6rtlichen Gartencenter nach Pflanzenst\u00fctzen gesucht haben. Deshalb haben wir eine pfiffige Alternative zu den sperrigen Moosstangen und gr\u00fcnen Plastikst\u00e4ben entwickelt. Wir haben dieses Set aus 4 verspielten und dekorativen Pflanzenst\u00e4ben entworfen, die deinem Haus und Garten einen h\u00fcbschen Touch verleihen. Es gibt sie in zwei Gr\u00f6\u00dfen, f\u00fcr Pflanzen bis zu 70 cm oder 30 cm.<\/p>\n<h3>Kleine Ver\u00e4nderung, gro\u00dfe Wirkung<\/h3>\n<p>Wer denkt, dass kleine Pflanzen nicht wichtig sind, kann jetzt den Raum verlassen! Egal, ob du sie klein gekauft hast oder sie selbst aus Stecklingen gezogen hast, kleine Pflanzen bringen viel Freude. Sie sind vielleicht noch nicht gro\u00df und m\u00e4chtig, aber auch sie haben Liebe und Aufmerksamkeit verdient. Wickle ihre erforschenden Zweige und kleinen Bl\u00e4tter um die 4 goldenen Mini-Pflanzenpf\u00e4hle und beobachte, wie sie mit einer kleinen goldenen St\u00fctze stolz geradestehen. Sie werden im Handumdrehen gro\u00df und stark werden.<\/p>\n<h3>Vorteile unseres Minispalier-Sets<\/h3>\n<p>&#8211; Einzigartige, originelle Designs, mit denen deine Pflanzen garantiert herausstechen.<\/p>\n<p>&#8211; Langlebig. Hergestellt aus recyceltem Aluminium <\/p>\n<p>&#8211; 4 verschiedene Formen, die zu verschiedenen Pflanzen passen, inklusive Klettverschluss.<\/p>\n<p>&#8211; Ein tolles Geschenk f\u00fcr jeden Pflanzenliebhaber.<\/p>\n","protected":false},"excerpt":{"rendered":"<p><strong>Zauberhafte Formen aus recyceltem Aluminium, um deine kleinen Pflanzen zu st\u00fctzen. Diese Mini-Pflanzenst\u00fctzen sind f\u00fcr deine kleinen Lieblinge in Schwarz und Gold erh\u00e4ltlich. Sie werden in einem 4er-Set geliefert, jedes St\u00fcck mit einem anderen Design <\/strong><\/p>\n<p>Kombiniere deine Liebe zu Dekoration und Pflanzen mit unseren 4 Mini-Pflanzenpf\u00e4hlen, die in Schwarz oder Gold erh\u00e4ltlich sind. Mit ihren verspielten Formen und zwei verschiedenen Farben passen sie perfekt zu deinem Zuhause. Dekorativ, funktional und ein wunderbares Geschenk f\u00fcr jeden Pflanzenliebhaber<\/p>\n<p>Diese h\u00fcbschen Pflanzenst\u00fctzen sind ca. 30 cm hoch und eignen sich am besten f\u00fcr kleinere Blument\u00f6pfe mit einer H\u00f6he zwischen 7 und 20 cm. Sie sind aus recyceltem Aluminium hergestellt, sodass du dir keine Sorgen um Rost machen musst. Verwende sie im Haus oder in deinem Garten, um ihnen den letzten Schliff zu geben.<\/p>\n<p>Sind diese Minis zu klein f\u00fcr deinen Garten? Dann schau dir unsere <a href=\"https:\/\/www.botanopia.com\/shop\/our-gift-ideas\/our-gift-ideas-under-50-euros\/set-of-4-gold-plant-stakes-70cm\/\" target=\"_blank\" rel=\"noopener\">70 cm<\/a> hohen <a href=\"https:\/\/www.botanopia.com\/shop\/our-gift-ideas\/our-gift-ideas-under-50-euros\/set-of-4-gold-plant-stakes-70cm\/\" target=\"_blank\" rel=\"noopener\">Pflanzenst\u00fctzen<\/a> an, die es in Gold gibt<\/p>\n","protected":false},"featured_media":45076786,"comment_status":"open","ping_status":"closed","template":"","meta":{"_acf_changed":false},"product_brand":[],"product_cat":[19000436,23000514,23001793,23001807,23001004,23000817],"product_tag":[23000995,23000844,23000629,23000676,23001049],"giftcard-category":[],"class_list":{"0":"post-45108077","1":"product","2":"type-product","3":"status-publish","4":"has-post-thumbnail","6":"product_cat-unsere-pflanzenstutzen","7":"product_cat-showall-de","8":"product_cat-ausverkauf","9":"product_cat-fruehjahrs-bestseller","10":"product_cat-universal-products-de","11":"product_cat-geschenkideen-unter-50-euro","12":"product_tag-b2c-de","13":"product_tag-de-mailbox","14":"product_tag-rankhilfen","15":"product_tag-retail-de","16":"product_tag-universal_en-de","17":"product_shipping_class-mailbox-package-de-2","19":"first","20":"outofstock","21":"taxable","22":"shipping-taxable","23":"purchasable","24":"product-type-simple","26":"catalog-layout-default","27":"columns-xs-1"},"bundled_by":[],"bundle_stock_status":"instock","bundle_stock_quantity":-69,"bundle_virtual":false,"bundle_layout":"","bundle_add_to_cart_form_location":"","bundle_editable_in_cart":false,"bundle_sold_individually_context":"","bundle_item_grouping":"","bundle_min_size":"","bundle_max_size":"","bundled_items":[],"bundle_sell_ids":[],"acf":[],"gallery_images":[45076810,45078322,45076782,45076778,45076774,45076770,45076790,45076798,45076806,45076794,45076670,45076762,45067665],"_links":{"self":[{"href":"https:\/\/www.botanopia.com\/de\/wp-json\/wp\/v2\/product\/45108077","targetHints":{"allow":["GET"]}}],"collection":[{"href":"https:\/\/www.botanopia.com\/de\/wp-json\/wp\/v2\/product"}],"about":[{"href":"https:\/\/www.botanopia.com\/de\/wp-json\/wp\/v2\/types\/product"}],"replies":[{"embeddable":true,"href":"https:\/\/www.botanopia.com\/de\/wp-json\/wp\/v2\/comments?post=45108077"}],"wp:featuredmedia":[{"embeddable":true,"href":"https:\/\/www.botanopia.com\/de\/wp-json\/wp\/v2\/media\/45076786"}],"wp:attachment":[{"href":"https:\/\/www.botanopia.com\/de\/wp-json\/wp\/v2\/media?parent=45108077"}],"wp:term":[{"taxonomy":"product_brand","embeddable":true,"href":"https:\/\/www.botanopia.com\/de\/wp-json\/wp\/v2\/product_brand?post=45108077"},{"taxonomy":"product_cat","embeddable":true,"href":"https:\/\/www.botanopia.com\/de\/wp-json\/wp\/v2\/product_cat?post=45108077"},{"taxonomy":"product_tag","embeddable":true,"href":"https:\/\/www.botanopia.com\/de\/wp-json\/wp\/v2\/product_tag?post=45108077"},{"taxonomy":"giftcard-category","embeddable":true,"href":"https:\/\/www.botanopia.com\/de\/wp-json\/wp\/v2\/giftcard-category?post=45108077"}],"curies":[{"name":"wp","href":"https:\/\/api.w.org\/{rel}","templated":true}]}}