{"id":45111416,"date":"2019-07-04T16:45:28","date_gmt":"2019-07-04T14:45:28","guid":{"rendered":"https:\/\/www.botanopia.com\/?post_type=product&#038;p=45111416"},"modified":"2026-01-09T12:32:26","modified_gmt":"2026-01-09T10:32:26","slug":"handgemachte-traubenseife-100-olivenol-wein","status":"publish","type":"product","link":"https:\/\/www.botanopia.com\/de\/shop\/geschenkideen\/geschenkideen-unter-50-euro\/handgemachte-traubenseife-100-olivenol-wein\/","title":{"rendered":"Handgemachte Traubenseife &#8211; 100% Oliven\u00f6l \u2013 Wein"},"content":{"rendered":"<h3>Riecht nach Sommer<\/h3>\n<p>Deine Suche nach einem originellen Geschenk endet hier, denn diese handgemachte Traubenseife ist eine herrlich duftende \u00dcberraschung! Wir haben alle Trauben in unsere edle schwarzen Geschenkverpackung umh\u00fcllt, und der Farbkontrast wirkt wunderbar in Kombination. Wenn du den Deckel der Schachtel anhebst, umh\u00fcllt dich ein zarter, weicher Duft, der sofort eine sch\u00f6nes und angenehmes Erlebnis erzeugt. F\u00fcge eine nette Notiz hinzu, um dieses kleine Seifenpaket zu einem s\u00fc\u00dfen Geschenk f\u00fcr jedermann zu machen.<\/p>\n<h3>Vorteile der Naturseife<\/h3>\n<p>&#8211; Dekorativ und originell, mit einem zarten Duft.<\/p>\n<p>&#8211; Sanft zur Haut. Hergestellt mit 100% Oliven\u00f6l, ohne unerw\u00fcnschte Konservierungsstoffe.<\/p>\n<p>&#8211; Aus nachhaltiger Produktion. Sorgf\u00e4ltig hergestellt aus lokalen Zutaten in einem kleinen Familienbetrieb.<\/p>\n<p>&#8211; Handgefertigt. Mit Sorgfalt von erfahrenen H\u00e4nden hergestellt.<\/p>\n<h3>Inhaltsstoffe:<\/h3>\n<p>Oliven\u00f6l*, Natriumhydroxid, Wasser, Duftstoffe. Gewicht: ca. 100 g.<\/p>\n<p>Farbstoff (je nach Modell) :<\/p>\n<p>Wei\u00df: kein Farbstoff<\/p>\n<p>Gr\u00fcn: Chlorophyll CI75810<\/p>\n<p>Schwarz: pflanzliche Holzkohle CI77268<\/p>\n<p>*Kaltgepresstes, natives Oliven\u00f6l.<\/p>\n<p>Enth\u00e4lt keine:<\/p>\n<p>Parabene, Phthalate, SLS, Konservierungsstoffe.<\/p>\n<p>Dies ist eine vegane Seife, die keine tierischen Fette enth\u00e4lt und nicht an Tieren getestet wird.<\/p>\n","protected":false},"excerpt":{"rendered":"<p><strong>Mit dieser handgefertigten Traubenseife kannst du deine H\u00e4nde nach der Gartenarbeit wunderbar reinigen. Du kannst sie an der kleinen Schnur aufh\u00e4ngen, damit du sie leicht erreichen kannst und sie so dein Waschbecken dekoriert <\/strong><\/p>\n<p>Die sanften veganen Seifen verleihen deinen H\u00e4nden nach dem Gebrauch ein geschmeidiges Gef\u00fchl und verleihen dem Raum, in dem du sie aufbewahrst, einen zarten Duft.<\/p>\n<p>Da sie aus 100% Oliven\u00f6ll hergestellt werden, sind sie besonders hautvertr\u00e4glich. Sie sind frei von Parabenen, Phthalaten, SLS und Konservierungsstoffen. Du kannst sie zum Reinigen deiner H\u00e4nde verwenden, aber auch f\u00fcr dein Gesicht und deinen K\u00f6rper, wenn du m\u00f6chtest.<\/p>\n<p>Die Seifen sind in vier verschiedenen Farben erh\u00e4ltlich: rot, wei\u00df, gr\u00fcn und schwarz. Da die Trauben handgefertigt sind, sehen sie alle etwas anders aus und sind somit einzigartig.<\/p>\n<p>Damit die Traubenseife lange h\u00e4lt, solltest du sie zwischen den Anwendungen gut trocknen lassen. Sie sind daf\u00fcr gedacht, an der Schnur aufgeh\u00e4ngt zu werden, aber du kannst sie auch auf ein gut abgetrocknetes Tablett legen. Lege sie hin wie ein St\u00fcck Obst!<\/p>\n","protected":false},"featured_media":45111768,"comment_status":"open","ping_status":"closed","template":"","meta":{"_acf_changed":false},"product_brand":[],"product_cat":[23000514,23001807,23001061,23001004,23000616,23000817],"product_tag":[],"giftcard-category":[],"class_list":{"0":"post-45111416","1":"product","2":"type-product","3":"status-publish","4":"has-post-thumbnail","6":"product_cat-showall-de","7":"product_cat-fruehjahrs-bestseller","8":"product_cat-seifen","9":"product_cat-universal-products-de","10":"product_cat-unsere-gartengeraete","11":"product_cat-geschenkideen-unter-50-euro","12":"product_shipping_class-not-mailbox-de","14":"first","15":"instock","16":"taxable","17":"shipping-taxable","18":"purchasable","19":"product-type-simple","21":"catalog-layout-default","22":"columns-xs-1"},"bundled_by":[],"bundle_stock_status":"instock","bundle_stock_quantity":-321,"bundle_virtual":false,"bundle_layout":"","bundle_add_to_cart_form_location":"","bundle_editable_in_cart":false,"bundle_sold_individually_context":"","bundle_item_grouping":"","bundle_min_size":"","bundle_max_size":"","bundled_items":[],"bundle_sell_ids":[],"acf":[],"gallery_images":[45111773,45096310,45111604,45111614,45117360,45105168,45105173,45105178,45117342],"_links":{"self":[{"href":"https:\/\/www.botanopia.com\/de\/wp-json\/wp\/v2\/product\/45111416","targetHints":{"allow":["GET"]}}],"collection":[{"href":"https:\/\/www.botanopia.com\/de\/wp-json\/wp\/v2\/product"}],"about":[{"href":"https:\/\/www.botanopia.com\/de\/wp-json\/wp\/v2\/types\/product"}],"replies":[{"embeddable":true,"href":"https:\/\/www.botanopia.com\/de\/wp-json\/wp\/v2\/comments?post=45111416"}],"wp:featuredmedia":[{"embeddable":true,"href":"https:\/\/www.botanopia.com\/de\/wp-json\/wp\/v2\/media\/45111768"}],"wp:attachment":[{"href":"https:\/\/www.botanopia.com\/de\/wp-json\/wp\/v2\/media?parent=45111416"}],"wp:term":[{"taxonomy":"product_brand","embeddable":true,"href":"https:\/\/www.botanopia.com\/de\/wp-json\/wp\/v2\/product_brand?post=45111416"},{"taxonomy":"product_cat","embeddable":true,"href":"https:\/\/www.botanopia.com\/de\/wp-json\/wp\/v2\/product_cat?post=45111416"},{"taxonomy":"product_tag","embeddable":true,"href":"https:\/\/www.botanopia.com\/de\/wp-json\/wp\/v2\/product_tag?post=45111416"},{"taxonomy":"giftcard-category","embeddable":true,"href":"https:\/\/www.botanopia.com\/de\/wp-json\/wp\/v2\/giftcard-category?post=45111416"}],"curies":[{"name":"wp","href":"https:\/\/api.w.org\/{rel}","templated":true}]}}