{"id":45112993,"date":"2025-07-17T14:10:12","date_gmt":"2025-07-17T12:10:12","guid":{"rendered":"https:\/\/www.botanopia.com\/shop\/unkategorisiert\/botanische-blumenpresse-leineneinband-goldpragung\/"},"modified":"2026-02-06T12:29:03","modified_gmt":"2026-02-06T10:29:03","slug":"botanische-blumenpresse-leineneinband-goldpragung","status":"publish","type":"product","link":"https:\/\/www.botanopia.com\/de\/shop\/geschenkideen\/geschenk-ideen-unter-25-euro\/botanische-blumenpresse-leineneinband-goldpragung\/","title":{"rendered":"Botanische Blumenpresse \u2013 Leineneinband &#038; Goldpr\u00e4gung"},"content":{"rendered":"<p>Die Botanische Blumenpresse \u2013 ein wundersch\u00f6ner Weg, die Natur zu bewahren.<\/p>\n<p>Wie ein stilvolles Buch gestaltet, mit Leineneinband und Goldpr\u00e4gung. Gro\u00dfz\u00fcgiges Format (19 \u00d7 25 cm) auch f\u00fcr gr\u00f6\u00dfere Bl\u00fcten.<\/p>\n<p>8 Kartonlagen, 16 L\u00f6schbl\u00e4tter und Messingschrauben sorgen f\u00fcr gleichm\u00e4\u00dfigen Druck. Inklusive Videoanleitung und Inspirationsgalerie. Natur bewahren, Blume f\u00fcr Blume.<\/p>\n","protected":false},"excerpt":{"rendered":"<p>Die Botanische Blumenpresse. Erhalte die Sch\u00f6nheit der Natur mit einer Presse im Look eines Coffee-Table-Books mit Leineneinband und goldenen Details.<\/p>\n<p>Enth\u00e4lt 8 Lagen Karton und 16 L\u00f6schpapiere f\u00fcr perfekte Ergebnisse. Mit Videoanleitung und Ideengalerie, damit deine Kreativit\u00e4t erbl\u00fcht.<\/p>\n","protected":false},"featured_media":45112065,"comment_status":"open","ping_status":"closed","template":"","meta":{"_acf_changed":false},"product_brand":[],"product_cat":[23000514,23001819,23000814,23001004],"product_tag":[],"giftcard-category":[],"class_list":{"0":"post-45112993","1":"product","2":"type-product","3":"status-publish","4":"has-post-thumbnail","6":"product_cat-showall-de","7":"product_cat-diy-kits-fur-pflanzenliebhabe","8":"product_cat-geschenk-ideen-unter-25-euro","9":"product_cat-universal-products-de","10":"product_shipping_class-not-mailbox-de","12":"first","13":"instock","14":"taxable","15":"shipping-taxable","16":"purchasable","17":"product-type-simple","19":"catalog-layout-default","20":"columns-xs-1"},"bundled_by":[],"bundle_stock_status":"instock","bundle_stock_quantity":-1785,"bundle_virtual":false,"bundle_layout":"","bundle_add_to_cart_form_location":"","bundle_editable_in_cart":false,"bundle_sold_individually_context":"","bundle_item_grouping":"","bundle_min_size":"","bundle_max_size":"","bundled_items":[],"bundle_sell_ids":[],"acf":[],"gallery_images":[45112045,45112070,45112055,45112060,45112050,45112035,45112040,45113752,45113757,45113762,45113777],"_links":{"self":[{"href":"https:\/\/www.botanopia.com\/de\/wp-json\/wp\/v2\/product\/45112993","targetHints":{"allow":["GET"]}}],"collection":[{"href":"https:\/\/www.botanopia.com\/de\/wp-json\/wp\/v2\/product"}],"about":[{"href":"https:\/\/www.botanopia.com\/de\/wp-json\/wp\/v2\/types\/product"}],"replies":[{"embeddable":true,"href":"https:\/\/www.botanopia.com\/de\/wp-json\/wp\/v2\/comments?post=45112993"}],"wp:featuredmedia":[{"embeddable":true,"href":"https:\/\/www.botanopia.com\/de\/wp-json\/wp\/v2\/media\/45112065"}],"wp:attachment":[{"href":"https:\/\/www.botanopia.com\/de\/wp-json\/wp\/v2\/media?parent=45112993"}],"wp:term":[{"taxonomy":"product_brand","embeddable":true,"href":"https:\/\/www.botanopia.com\/de\/wp-json\/wp\/v2\/product_brand?post=45112993"},{"taxonomy":"product_cat","embeddable":true,"href":"https:\/\/www.botanopia.com\/de\/wp-json\/wp\/v2\/product_cat?post=45112993"},{"taxonomy":"product_tag","embeddable":true,"href":"https:\/\/www.botanopia.com\/de\/wp-json\/wp\/v2\/product_tag?post=45112993"},{"taxonomy":"giftcard-category","embeddable":true,"href":"https:\/\/www.botanopia.com\/de\/wp-json\/wp\/v2\/giftcard-category?post=45112993"}],"curies":[{"name":"wp","href":"https:\/\/api.w.org\/{rel}","templated":true}]}}