{"id":45116089,"date":"2026-02-03T18:11:17","date_gmt":"2026-02-03T16:11:17","guid":{"rendered":"https:\/\/www.botanopia.com\/?post_type=product&#038;p=45116089"},"modified":"2026-03-24T18:40:49","modified_gmt":"2026-03-24T16:40:49","slug":"bestickte-tigermotten-brosche","status":"publish","type":"product","link":"https:\/\/www.botanopia.com\/de\/shop\/gestickte-broschen-pins\/bestickte-tigermotten-brosche\/","title":{"rendered":"Bestickte Tigermotten-Brosche"},"content":{"rendered":"<p class=\"p1\">Auff\u00e4llig, grafisch und voller Charakter. Diese bestickte Tigermotten-Brosche zeigt den starken Kontrast von schwarz-wei\u00dfen Fl\u00fcgeln mit einer leuchtend pinken Unterseite, die erst im Flug sichtbar wird. Ein echtes Statement-Piece.<\/p>\n<p class=\"p3\"><b>Symbolik und Bedeutung<\/b><b><\/b><\/p>\n<p class=\"p1\">Die Tigermotte steht f\u00fcr Selbstbewusstsein, Individualit\u00e4t und Transformation. Das kontrastreiche Muster und der unerwartete Farbakzent verleihen der Brosche einen modernen, leicht rebellischen Charakter. Perfekt f\u00fcr alle, die Accessoires mit Bedeutung lieben.<\/p>\n<p class=\"p3\"><b>Der Herstellungsprozess<\/b><b><\/b><\/p>\n<p class=\"p1\">Der Herstellungsprozess ist fast magisch. Jede Fl\u00fcgelstruktur wird auf einen wasserl\u00f6slichen Stoff gestickt. Nach dem Auswaschen verschwindet die Basis und es bleibt nur das detaillierte Stickmuster zur\u00fcck. Das Ergebnis ist leicht, flexibel und voller Struktur.<\/p>\n<p class=\"p3\"><b>Verpackung und Geschenkidee<\/b><b><\/b><\/p>\n<p class=\"p1\">Die Brosche wird auf einer schwarzen Karte in einer schwarz-goldenen Box aus recycelbarem Karton pr\u00e4sentiert. Hochwertig und ideal als Geschenk, zum Beispiel zum Geburtstag oder Muttertag. Entworfen und hergestellt in den Niederlanden.<\/p>\n<p class=\"p3\"><b>Anwendung<\/b><b><\/b><\/p>\n<p class=\"p1\">Nimm die R\u00fcckseite der Nadel ab, stecke die Brosche durch den Stoff und fixiere sie auf der R\u00fcckseite. Vor dem Waschen immer entfernen.<\/p>\n","protected":false},"excerpt":{"rendered":"<p class=\"p1\"><strong>Setz ein Statement mit einem Hauch wilder Eleganz.<\/strong><\/p>\n<p class=\"p1\">Diese grafische Brosche ist von einer nordamerikanischen Tigermotte inspiriert, mit kontrastreichen schwarz-wei\u00dfen Fl\u00fcgeln und einem leuchtenden Pink, das erst im Flug sichtbar wird. Ein \u00fcberraschendes Detail, das f\u00fcr Selbstbewusstsein, Individualit\u00e4t und Ver\u00e4nderung steht.<\/p>\n<p class=\"p1\">Perfekt f\u00fcr dich, wenn du gerne aus der Reihe tanzt. Trag sie an deiner Jeansjacke, deinem Blazer oder Strickteil und gib deinem Outfit eine moderne, k\u00fcnstlerische Note.<\/p>\n<p class=\"p1\">Der Herstellungsprozess ist fast genauso faszinierend wie die Natur selbst. Die Fl\u00fcgel werden auf einen speziellen Stoff gestickt, der sich in Wasser aufl\u00f6st. Nach dem Aussp\u00fclen bleibt nur das feine Stickmuster \u00fcbrig, leicht und beweglich. Wie eine Motte, eingefangen f\u00fcr immer.<\/p>\n<p class=\"p1\">Jede Brosche hat eine sichere Nadel und wird in einer schwarz-goldenen Geschenkbox geliefert.<\/p>\n<p>&nbsp;<\/p>\n<div id=\"gtx-trans\" style=\"position: absolute; left: -29px; top: -10px;\">\n<div class=\"gtx-trans-icon\"><\/div>\n<\/div>\n","protected":false},"featured_media":45116392,"comment_status":"open","ping_status":"closed","template":"","meta":{"_acf_changed":false},"product_brand":[],"product_cat":[23001054,23001807,19000437,23000514,23000817,23001004],"product_tag":[23000995,23001795,23000691],"giftcard-category":[],"class_list":{"0":"post-45116089","1":"product","2":"type-product","3":"status-publish","4":"has-post-thumbnail","6":"product_cat-gestickte-broschen-pins","7":"product_cat-fruehjahrs-bestseller","8":"product_cat-unsere-pflanzen-accessoires","9":"product_cat-showall-de","10":"product_cat-geschenkideen-unter-50-euro","11":"product_cat-universal-products-de","12":"product_tag-b2c-de","13":"product_tag-retail-2-de","14":"product_tag-wholesale-de-de-2","15":"product_shipping_class-mailbox-package-de-2","17":"first","18":"outofstock","19":"taxable","20":"shipping-taxable","21":"purchasable","22":"product-type-simple","24":"catalog-layout-default","25":"columns-xs-1"},"bundled_by":[],"bundle_stock_status":"outofstock","bundle_stock_quantity":-10,"bundle_virtual":false,"bundle_layout":"","bundle_add_to_cart_form_location":"","bundle_editable_in_cart":false,"bundle_sold_individually_context":"","bundle_item_grouping":"","bundle_min_size":"","bundle_max_size":"","bundled_items":[],"bundle_sell_ids":[45081867,45079326],"acf":[],"gallery_images":[45116422,45116642,45116607,45116612,45116412,45116377,45116407,45116427,45116417,45116432,45081132,45116842],"_links":{"self":[{"href":"https:\/\/www.botanopia.com\/de\/wp-json\/wp\/v2\/product\/45116089","targetHints":{"allow":["GET"]}}],"collection":[{"href":"https:\/\/www.botanopia.com\/de\/wp-json\/wp\/v2\/product"}],"about":[{"href":"https:\/\/www.botanopia.com\/de\/wp-json\/wp\/v2\/types\/product"}],"replies":[{"embeddable":true,"href":"https:\/\/www.botanopia.com\/de\/wp-json\/wp\/v2\/comments?post=45116089"}],"wp:featuredmedia":[{"embeddable":true,"href":"https:\/\/www.botanopia.com\/de\/wp-json\/wp\/v2\/media\/45116392"}],"wp:attachment":[{"href":"https:\/\/www.botanopia.com\/de\/wp-json\/wp\/v2\/media?parent=45116089"}],"wp:term":[{"taxonomy":"product_brand","embeddable":true,"href":"https:\/\/www.botanopia.com\/de\/wp-json\/wp\/v2\/product_brand?post=45116089"},{"taxonomy":"product_cat","embeddable":true,"href":"https:\/\/www.botanopia.com\/de\/wp-json\/wp\/v2\/product_cat?post=45116089"},{"taxonomy":"product_tag","embeddable":true,"href":"https:\/\/www.botanopia.com\/de\/wp-json\/wp\/v2\/product_tag?post=45116089"},{"taxonomy":"giftcard-category","embeddable":true,"href":"https:\/\/www.botanopia.com\/de\/wp-json\/wp\/v2\/giftcard-category?post=45116089"}],"curies":[{"name":"wp","href":"https:\/\/api.w.org\/{rel}","templated":true}]}}