{"id":1303,"date":"2018-04-14T12:38:17","date_gmt":"2018-04-14T12:38:17","guid":{"rendered":"http:\/\/botanopia.com\/telechargements\/"},"modified":"2026-01-09T12:46:53","modified_gmt":"2026-01-09T10:46:53","slug":"telechargements","status":"publish","type":"page","link":"https:\/\/www.botanopia.com\/fr\/telechargements\/","title":{"rendered":"Conseils et outils de vente"},"content":{"rendered":"<div class=\"wpb-content-wrapper\"><p>[vc_row][vc_column][vc_column_text][\/vc_column_text][\/vc_column][\/vc_row][vc_row][vc_column][vc_column_text][\/vc_column_text][\/vc_column][\/vc_row][vc_row][vc_column][vc_column_text][\/vc_column_text][\/vc_column][\/vc_row][vc_row][vc_column][vc_column_text][\/vc_column_text][\/vc_column][\/vc_row][vc_row el_class=\u00a0\u00bbwc-row\u00a0\u00bb][vc_column][vc_column_text]<\/p>\n<p style=\"text-align: center;\"><span style=\"text-align: center;\">Si vous \u00eates revendeur et souhaitez consulter nos conseils de vente, merci de <a href=\"http:\/\/botanopia.com\/index.php\/wholesale-log-in-page\/\" target=\"_blank\" rel=\"noopener\">vous connecter \u00e0 votre compte<\/a> wholesale pour y acc\u00e9der.<\/span><\/p>\n\n<p>[vc_row][vc_column][vc_column_text]<\/p>\n<h3>Nous nous effor\u00e7ons toujours de vous accompagner dans la vente des produits Botanopia dans votre propre magasin.<br \/>\nVoici quelques conseils importants, des outils et des informations techniques concernant nos produits.<\/h3>\n<p>Quelque chose vous manque ? <a href=\"mailto:info@botanopia.com\">Faites-le nous savoir !<\/a><\/p>\n<p>Vous cherchez des photos \u00e0 t\u00e9l\u00e9charger ? <a href=\"https:\/\/staging.botanopia.com\/bibliotheque-dimages\/?lang=fr\" target=\"_blank\" rel=\"noopener\">Cliquez ici.<\/a>[\/vc_column_text][\/vc_column][\/vc_row][vc_row][vc_column width=\u00a0\u00bb1\/2&Prime;][vc_column_text]<\/p>\n<h3>Vid\u00e9o des conseils de pr\u00e9sentation<\/h3>\n<p>Nous avons compil\u00e9 nos meilleurs conseils de pr\u00e9sentation et de vente dans cette courte vid\u00e9o. N&rsquo;oubliez pas de la regarder et de vous en servir dans votre propre magasin pour maximiser vos ventes de produits Botanopia ![\/vc_column_text][vc_video link=\u00a0\u00bbhttps:\/\/vimeo.com\/378985311&Prime;][\/vc_column][vc_column width=\u00a0\u00bb1\/2&Prime;][vc_column_text]<\/p>\n<h3>Notre manuel du revendeur Botanopia<\/h3>\n<p>Pour de nombreuses informations, de l&rsquo;aide et des conseils de vente, consultez <a href=\"https:\/\/staging.botanopia.com\/wp-content\/uploads\/2019\/04\/Botanopia-reseller-manual-FR.pdf\" target=\"_blank\" rel=\"noopener\">notre manuel du revendeur Botanopia.<\/a> Il est rempli de conseils sur l&rsquo;entretien des plantes, de r\u00e9ponses \u00e0 la plupart des questions de vos clients et d&rsquo;id\u00e9es de pr\u00e9sentation.[\/vc_column_text][vc_single_image image=\u00a0\u00bb8013915&Prime; img_size=\u00a0\u00bb\u00a0\u00bb onclick=\u00a0\u00bbcustom_link\u00a0\u00bb link=\u00a0\u00bbhttps:\/\/www.botanopia.com\/wp-content\/uploads\/2019\/04\/Botanopia-reseller-manual-EN.pdf\u00a0\u00bb][\/vc_column][\/vc_row][vc_row][vc_column width=\u00a0\u00bb1\/2&Prime;][vc_column_text css=\u00a0\u00bb\u00a0\u00bb]<\/p>\n<h3>Codes-barres et informations techniques sur les produits<\/h3>\n<p>Vous recherchez des informations techniques telles que les codes EAN\/barres, les mat\u00e9riaux et les dimensions des produits, ou d&rsquo;autres informations, <a href=\"https:\/\/docs.google.com\/spreadsheets\/d\/1Y3wPNbTBIX5VpuTfauWmGqHDOz6pKNDVuwSOtXMtJXo\/edit?usp=sharing\" target=\"_blank\" rel=\"noopener\">les voici.<\/a>[\/vc_column_text][vc_single_image image=\u00a0\u00bb45082883&Prime; img_size=\u00a0\u00bb\u00a0\u00bb onclick=\u00a0\u00bbcustom_link\u00a0\u00bb link=\u00a0\u00bbhttps:\/\/docs.google.com\/spreadsheets\/d\/1tymF_1cf37hbaZikfuEyeOZxOPxEOgHxeTExvGi-GCc\/edit?usp=sharing\u00a0\u00bb][\/vc_column][vc_column width=\u00a0\u00bb1\/2&Prime;][vc_column_text]<\/p>\n<h3>Visite virtuelle du salon professionnel<\/h3>\n<p><span class=\"hardreadability\"><span data-offset-key=\"a4td6-0-0\">Il est parfois difficile d&rsquo;avoir une bonne id\u00e9e des tailles des produits en ligne et il est rare de voir la v\u00e9rit\u00e9 brute non retouch\u00e9e.<\/span><\/span><span data-offset-key=\"a4td6-1-0\"> Dans cette vid\u00e9o, nous te emmenons \u00e0 notre dernier salon \u00e0 Vijfhuizen, aux Pays-Bas. Tu verras l&rsquo;ensemble du stand avec tous nos produits et une ou deux phrases expliquant chacun d&rsquo;eux. Alors d\u00e9tends-toi et profite !<\/span><br \/>[\/vc_column_text][vc_video link=\u00a0\u00bbhttps:\/\/vimeo.com\/630116298&Prime; align=\u00a0\u00bbright\u00a0\u00bb][\/vc_column][\/vc_row][vc_row][vc_column][vc_column_text][\/vc_column_text][\/vc_column][\/vc_row][vc_row][vc_column][vc_column_text][\/vc_column_text][\/vc_column][\/vc_row][vc_row][vc_column][vc_column_text][\/vc_column_text][\/vc_column][\/vc_row][vc_row][\/vc_row][vc_column][\/vc_column][vc_column_text]<\/p>\n<p>&nbsp;<\/p>\n<div id=\"gtx-trans\" style=\"position: absolute; left: 85px; top: 86px;\">\n<div class=\"gtx-trans-icon\"><\/div>\n<p><\/div>\n<p>[\/vc_column_text]<\/p>\n<\/div>","protected":false},"excerpt":{"rendered":"<p>[vc_row][vc_column][vc_column_text] [vc_row][vc_column][vc_column_text] Nous nous effor\u00e7ons toujours de vous accompagner dans la vente des produits Botanopia dans votre propre magasin. Voici quelques conseils importants, des outils et des informations techniques concernant nos produits. Quelque chose vous manque ? Faites-le nous savoir ! Vous cherchez des photos \u00e0 t\u00e9l\u00e9charger ? Cliquez ici.[\/vc_column_text][\/vc_column][\/vc_row][vc_row][vc_column width=\u00a0\u00bb1\/2&Prime;][vc_column_text] Vid\u00e9o des conseils de&hellip;<\/p>\n","protected":false},"author":1,"featured_media":0,"parent":0,"menu_order":0,"comment_status":"closed","ping_status":"closed","template":"","meta":{"_acf_changed":false,"footnotes":""},"class_list":["post-1303","page","type-page","status-publish","hentry"],"acf":[],"_links":{"self":[{"href":"https:\/\/www.botanopia.com\/fr\/wp-json\/wp\/v2\/pages\/1303","targetHints":{"allow":["GET"]}}],"collection":[{"href":"https:\/\/www.botanopia.com\/fr\/wp-json\/wp\/v2\/pages"}],"about":[{"href":"https:\/\/www.botanopia.com\/fr\/wp-json\/wp\/v2\/types\/page"}],"author":[{"embeddable":true,"href":"https:\/\/www.botanopia.com\/fr\/wp-json\/wp\/v2\/users\/1"}],"replies":[{"embeddable":true,"href":"https:\/\/www.botanopia.com\/fr\/wp-json\/wp\/v2\/comments?post=1303"}],"version-history":[{"count":0,"href":"https:\/\/www.botanopia.com\/fr\/wp-json\/wp\/v2\/pages\/1303\/revisions"}],"wp:attachment":[{"href":"https:\/\/www.botanopia.com\/fr\/wp-json\/wp\/v2\/media?parent=1303"}],"curies":[{"name":"wp","href":"https:\/\/api.w.org\/{rel}","templated":true}]}}