{"id":369,"date":"2017-02-25T19:11:42","date_gmt":"2017-02-25T19:11:42","guid":{"rendered":"http:\/\/botanopia.com\/index.php\/contact\/"},"modified":"2022-08-04T20:41:35","modified_gmt":"2022-08-04T18:41:35","slug":"contact","status":"publish","type":"page","link":"https:\/\/www.botanopia.com\/fr\/contact\/","title":{"rendered":"Contact"},"content":{"rendered":"<div class=\"wpb-content-wrapper\"><p>[vc_row full_width=&#8221;stretch_row_content_no_spaces&#8221;][vc_column][\/vc_column][\/vc_row][vc_row][vc_column][vc_custom_heading text=&#8221;Contacte-nous avec le formulaire ci-dessous&#8221; font_container=&#8221;tag:h4|font_size:24|text_align:left&#8221; use_theme_fonts=&#8221;yes&#8221; el_class=&#8221;xlarge&#8221;][vc_empty_space][vc_column_text]<\/p>\n<h4>Tu cherches des infos pour grossistes ? <a href=\"http:\/\/botanopia.com\/revendeurs\/?lang=fr\" target=\"_blank\" rel=\"noopener\">C&#8217;est l\u00e0.<\/a> Tu cherches un point de vente pr\u00e8s de chez toi ? <a href=\"http:\/\/botanopia.com\/points-de-vente-2\/?lang=fr\" target=\"_blank\" rel=\"noopener\">Par ici.<\/a><\/h4>\n<p>[\/vc_column_text][lab_contact_form name_title=&#8221;Nom:&#8221; email_title=&#8221;E-mail:&#8221; show_subject_field=&#8221;&#8221; submit_title=&#8221;Envoyer le message&#8221; submit_success=&#8221;Merci #, message envoy\u00e9!&#8221; alert_errors=&#8221;yes&#8221; email_receiver=&#8221;info@botanopia.com&#8221;][vc_column_text]<\/p>\n<h4>A noter: en tant que micro-entreprise, nous ne sommes pas actuellement en mesure de proposer de service client par t\u00e9l\u00e9phone. Mais nous r\u00e9pondons aux emails tr\u00e8s rapidement !<\/h4>\n<p>[\/vc_column_text][vc_column_text]<em><strong>www.botanopia.com<\/strong><\/em> est g\u00e9r\u00e9 et exploit\u00e9 par<\/p>\n<p><strong><em>Botanopia B.V., <\/em><br \/>\n<\/strong><em>U.J. Klarenstraat 37, <\/em><em>1066XK Amsterdam. <\/em><br \/>\n<em>kvk: 83571442 VAT: NL862920966B01<\/em><\/p>\n<div id=\"gtx-trans\" style=\"position: absolute; left: 148px; top: 125.531px;\">\n<div class=\"gtx-trans-icon\"><\/div>\n<\/div>\n<p>[\/vc_column_text][\/vc_column][\/vc_row][vc_row][vc_column][lab_button title=&#8221;Tu n&#8217;aimes pas les formulaires? Envoie un email directement.&#8221; type=&#8221;standard&#8221; link=&#8221;url:mailto%3A%20info%40botanopia.com|target:%20_blank|&#8221;][\/vc_column][\/vc_row]<\/p>\n<\/div>","protected":false},"excerpt":{"rendered":"<p>[vc_row full_width=&#8221;stretch_row_content_no_spaces&#8221;][vc_column][\/vc_column][\/vc_row][vc_row][vc_column][vc_custom_heading text=&#8221;Contacte-nous avec le formulaire ci-dessous&#8221; font_container=&#8221;tag:h4|font_size:24|text_align:left&#8221; use_theme_fonts=&#8221;yes&#8221; el_class=&#8221;xlarge&#8221;][vc_empty_space][vc_column_text] Tu cherches des infos pour grossistes ? C&#8217;est l\u00e0. Tu cherches un point de vente pr\u00e8s de chez toi ? Par ici. [\/vc_column_text][lab_contact_form name_title=&#8221;Nom:&#8221; email_title=&#8221;E-mail:&#8221; show_subject_field=&#8221;&#8221; submit_title=&#8221;Envoyer le message&#8221; submit_success=&#8221;Merci #, message envoy\u00e9!&#8221; alert_errors=&#8221;yes&#8221; email_receiver=&#8221;info@botanopia.com&#8221;][vc_column_text] A noter: en tant que micro-entreprise, nous ne sommes pas&hellip;<\/p>\n","protected":false},"author":1,"featured_media":0,"parent":0,"menu_order":5,"comment_status":"closed","ping_status":"closed","template":"","meta":{"_acf_changed":false,"footnotes":""},"class_list":["post-369","page","type-page","status-publish","hentry"],"acf":[],"_links":{"self":[{"href":"https:\/\/www.botanopia.com\/fr\/wp-json\/wp\/v2\/pages\/369","targetHints":{"allow":["GET"]}}],"collection":[{"href":"https:\/\/www.botanopia.com\/fr\/wp-json\/wp\/v2\/pages"}],"about":[{"href":"https:\/\/www.botanopia.com\/fr\/wp-json\/wp\/v2\/types\/page"}],"author":[{"embeddable":true,"href":"https:\/\/www.botanopia.com\/fr\/wp-json\/wp\/v2\/users\/1"}],"replies":[{"embeddable":true,"href":"https:\/\/www.botanopia.com\/fr\/wp-json\/wp\/v2\/comments?post=369"}],"version-history":[{"count":0,"href":"https:\/\/www.botanopia.com\/fr\/wp-json\/wp\/v2\/pages\/369\/revisions"}],"wp:attachment":[{"href":"https:\/\/www.botanopia.com\/fr\/wp-json\/wp\/v2\/media?parent=369"}],"curies":[{"name":"wp","href":"https:\/\/api.w.org\/{rel}","templated":true}]}}