{"id":45072652,"date":"2022-02-14T11:55:25","date_gmt":"2022-02-14T09:55:25","guid":{"rendered":"https:\/\/www.botanopia.com\/download-to-do\/"},"modified":"2025-02-26T14:12:36","modified_gmt":"2025-02-26T12:12:36","slug":"bibliotheque-d-images","status":"publish","type":"page","link":"https:\/\/www.botanopia.com\/fr\/bibliotheque-d-images\/","title":{"rendered":"Biblioth\u00e8que d\u2019images"},"content":{"rendered":"<\/p>\n<h3 style=\"text-align: center;\">Si vous \u00eates un revendeur et que vous souhaitez t\u00e9l\u00e9charger nos images et notre mat\u00e9riel de marketing,<br \/>\n<a class=\"\" href=\"https:\/\/www.botanopia.com\/fr\/identifiez-vous\/\">veuillez vous connecter<\/a>\u00a0avec votre compte de grossiste pour y acc\u00e9der.<\/h3>\n<p>&nbsp;<br \/>\n\n\n","protected":false},"excerpt":{"rendered":"Si vous \u00eates un revendeur et que vous souhaitez t\u00e9l\u00e9charger nos images et notre mat\u00e9riel de marketing, veuillez vous connecter\u00a0avec votre compte de grossiste pour y acc\u00e9der. &nbsp;","protected":false},"author":1,"featured_media":0,"parent":0,"menu_order":0,"comment_status":"closed","ping_status":"closed","template":"","meta":{"_acf_changed":false,"footnotes":""},"class_list":["post-45072652","page","type-page","status-publish","hentry"],"acf":[],"_links":{"self":[{"href":"https:\/\/www.botanopia.com\/fr\/wp-json\/wp\/v2\/pages\/45072652","targetHints":{"allow":["GET"]}}],"collection":[{"href":"https:\/\/www.botanopia.com\/fr\/wp-json\/wp\/v2\/pages"}],"about":[{"href":"https:\/\/www.botanopia.com\/fr\/wp-json\/wp\/v2\/types\/page"}],"author":[{"embeddable":true,"href":"https:\/\/www.botanopia.com\/fr\/wp-json\/wp\/v2\/users\/1"}],"replies":[{"embeddable":true,"href":"https:\/\/www.botanopia.com\/fr\/wp-json\/wp\/v2\/comments?post=45072652"}],"version-history":[{"count":0,"href":"https:\/\/www.botanopia.com\/fr\/wp-json\/wp\/v2\/pages\/45072652\/revisions"}],"wp:attachment":[{"href":"https:\/\/www.botanopia.com\/fr\/wp-json\/wp\/v2\/media?parent=45072652"}],"curies":[{"name":"wp","href":"https:\/\/api.w.org\/{rel}","templated":true}]}}