{"id":45080861,"date":"2022-11-08T17:56:22","date_gmt":"2022-11-08T15:56:22","guid":{"rendered":"https:\/\/www.botanopia.com\/arcs-en-ciel\/"},"modified":"2022-11-22T15:58:47","modified_gmt":"2022-11-22T13:58:47","slug":"arcs-en-ciel","status":"publish","type":"page","link":"https:\/\/www.botanopia.com\/fr\/arcs-en-ciel\/","title":{"rendered":"Arcs-en-ciel"},"content":{"rendered":"<div class=\"wpb-content-wrapper\"><p>[vc_row][vc_column][vc_column_text]<\/p>\r\n<h2>Youpi, tu as un autocollant arc-en-ciel magique !<\/h2>\r\n<p>Regarde la vid\u00e9o ci-dessous pour apprendre comment l&rsquo;appliquer au mieux sur tes fen\u00eatres. Nous avons de nombreux conseils et astuces pour t&rsquo;aider \u00e0 obtenir les meilleurs effets arc-en-ciel dans ta maison.<\/p>\r\n<p>[\/vc_column_text][vc_video link=\u00a0\u00bbhttps:\/\/vimeo.com\/768484724&Prime;][\/vc_column][\/vc_row][vc_row][vc_column][vc_column_text]<\/p>\r\n<p>Tu aimes les arcs-en-ciel ? Nous avons une collection de <a href=\"https:\/\/www.botanopia.com\/fr\/shop\/idees-cadeaux\/idees-cadeaux-a-moins-de-25e\/sticker-createur-darc-en-ciel\/\">magnifiques autocollants arc-en-ciel avec diff\u00e9rents motifs<\/a>, le cadeau parfait pour tous ceux qui ont besoin d&rsquo;un peu plus de magie dans leur vie.<\/p>\r\n<p>[\/vc_column_text][\/vc_column][\/vc_row][vc_row][vc_column width=\u00a0\u00bb1\/4&Prime;][vc_single_image image=\u00a0\u00bb45080740&Prime; img_size=\u00a0\u00bbfull\u00a0\u00bb onclick=\u00a0\u00bbcustom_link\u00a0\u00bb link=\u00a0\u00bbhttps:\/\/www.botanopia.com\/fr\/shop\/idees-cadeaux\/idees-cadeaux-a-moins-de-25e\/sticker-createur-darc-en-ciel\/\u00a0\u00bb][\/vc_column][vc_column width=\u00a0\u00bb1\/4&Prime;][vc_single_image image=\u00a0\u00bb45080744&Prime; img_size=\u00a0\u00bbfull\u00a0\u00bb onclick=\u00a0\u00bbcustom_link\u00a0\u00bb link=\u00a0\u00bbhttps:\/\/www.botanopia.com\/fr\/shop\/idees-cadeaux\/idees-cadeaux-a-moins-de-25e\/sticker-createur-darc-en-ciel\/\u00a0\u00bb][\/vc_column][vc_column width=\u00a0\u00bb1\/4&Prime;][vc_single_image image=\u00a0\u00bb45080739&Prime; img_size=\u00a0\u00bbfull\u00a0\u00bb onclick=\u00a0\u00bbcustom_link\u00a0\u00bb link=\u00a0\u00bbhttps:\/\/www.botanopia.com\/fr\/shop\/idees-cadeaux\/idees-cadeaux-a-moins-de-25e\/sticker-createur-darc-en-ciel\/\u00a0\u00bb][\/vc_column][vc_column width=\u00a0\u00bb1\/4&Prime;][vc_single_image image=\u00a0\u00bb45080758&Prime; img_size=\u00a0\u00bbfull\u00a0\u00bb onclick=\u00a0\u00bbcustom_link\u00a0\u00bb link=\u00a0\u00bbhttps:\/\/www.botanopia.com\/fr\/shop\/idees-cadeaux\/idees-cadeaux-a-moins-de-25e\/sticker-createur-darc-en-ciel\/\u00a0\u00bb][\/vc_column][\/vc_row][vc_row][vc_column][vc_column_text]<\/p>\r\n<h2>\u00c0 l&rsquo;aide ! Mon autocollant ne marche pas ?<\/h2>\r\n<p>Tu n&rsquo;as pas encore obtenu de beaux arcs-en-ciel dans ta chambre ?<\/p>\r\n<p>Regarde la vid\u00e9o ci-dessous avec tous nos conseils pour t&rsquo;aider.<\/p>\r\n<p>Mais ne t&rsquo;inqui\u00e8te pas, ton autocollant <u>fonctionnera toujours<\/u>. Tout est une question de placement.<\/p>\r\n<p>[\/vc_column_text][vc_video link=\u00a0\u00bbhttps:\/\/vimeo.com\/773307047&Prime;][\/vc_column][\/vc_row][vc_row][vc_column][vc_column_text]<\/p>\r\n<p>&nbsp;<\/p>\r\n<h2>[\/vc_column_text][\/vc_column][\/vc_row]<!-- \/wp:post-content --><\/h2><!-- \/wp:freeform --><\/div>","protected":false},"excerpt":{"rendered":"<p>[vc_row][vc_column][vc_column_text] Youpi, tu as un autocollant arc-en-ciel magique ! Regarde la vid\u00e9o ci-dessous pour apprendre comment l&rsquo;appliquer au mieux sur tes fen\u00eatres. Nous avons de nombreux conseils et astuces pour t&rsquo;aider \u00e0 obtenir les meilleurs effets arc-en-ciel dans ta maison. [\/vc_column_text][vc_video link=\u00a0\u00bbhttps:\/\/vimeo.com\/768484724&Prime;][\/vc_column][\/vc_row][vc_row][vc_column][vc_column_text] Tu aimes les arcs-en-ciel ? Nous avons une collection de magnifiques autocollants arc-en-ciel&hellip;<\/p>\n","protected":false},"author":32002033,"featured_media":0,"parent":0,"menu_order":0,"comment_status":"closed","ping_status":"closed","template":"","meta":{"_acf_changed":false,"footnotes":""},"class_list":["post-45080861","page","type-page","status-publish","hentry"],"acf":[],"_links":{"self":[{"href":"https:\/\/www.botanopia.com\/fr\/wp-json\/wp\/v2\/pages\/45080861","targetHints":{"allow":["GET"]}}],"collection":[{"href":"https:\/\/www.botanopia.com\/fr\/wp-json\/wp\/v2\/pages"}],"about":[{"href":"https:\/\/www.botanopia.com\/fr\/wp-json\/wp\/v2\/types\/page"}],"author":[{"embeddable":true,"href":"https:\/\/www.botanopia.com\/fr\/wp-json\/wp\/v2\/users\/32002033"}],"replies":[{"embeddable":true,"href":"https:\/\/www.botanopia.com\/fr\/wp-json\/wp\/v2\/comments?post=45080861"}],"version-history":[{"count":0,"href":"https:\/\/www.botanopia.com\/fr\/wp-json\/wp\/v2\/pages\/45080861\/revisions"}],"wp:attachment":[{"href":"https:\/\/www.botanopia.com\/fr\/wp-json\/wp\/v2\/media?parent=45080861"}],"curies":[{"name":"wp","href":"https:\/\/api.w.org\/{rel}","templated":true}]}}