{"id":45113418,"date":"2025-10-02T17:58:14","date_gmt":"2025-10-02T15:58:14","guid":{"rendered":"https:\/\/www.botanopia.com\/stickers-rainbow-maker-personnalises\/"},"modified":"2025-10-03T18:13:11","modified_gmt":"2025-10-03T16:13:11","slug":"stickers-rainbow-maker-personnalises","status":"publish","type":"page","link":"https:\/\/www.botanopia.com\/fr\/stickers-rainbow-maker-personnalises\/","title":{"rendered":"Stickers Rainbow Maker personnalis\u00e9s"},"content":{"rendered":"<div class=\"wpb-content-wrapper\"><p>[vc_row full_width=&#8221;stretch_row_content&#8221; css=&#8221;.vc_custom_1726400000000{background-color: #f9fafb !important;}&#8221;][vc_column][vc_row_inner content_placement=&#8221;middle&#8221;][vc_column_inner width=&#8221;2\/3&#8243;][vc_custom_heading text=&#8221;Stickers Rainbow Maker personnalis\u00e9s&#8221; font_container=&#8221;tag:h1|text_align:left&#8221; use_theme_fonts=&#8221;yes&#8221; css=&#8221;.vc_custom_1758291137627{margin-bottom: 40px !important;}&#8221; el_class=&#8221;tiempos-headline&#8221;][vc_column_text css=&#8221;&#8221;]<\/p>\n<p data-start=\"3180\" data-end=\"3461\">Apporte un peu de lumi\u00e8re, de couleur et de magie \u00e0 ton marque ou ton \u00e9v\u00e9nement avec des <strong>stickers rainbow maker personnalis\u00e9s<\/strong>. Nos best-sellers transforment la lumi\u00e8re du soleil en arcs-en-ciel sur les murs, les fen\u00eatres et le sol \u2014 et maintenant tu peux cr\u00e9er ta propre version.<\/p>\n<p><\/p>\n<p data-start=\"3463\" data-end=\"3660\">Que tu veuilles c\u00e9l\u00e9brer une occasion sp\u00e9ciale, cr\u00e9er du merchandising personnalis\u00e9 ou offrir un cadeau unique \u00e0 tes clients, on t\u2019aide \u00e0 concevoir et produire des stickers qui brillent vraiment.<\/p>\n<p>[\/vc_column_text][vc_btn title=&#8221;Demande ton devis personnalis\u00e9&#8221; style=&#8221;flat&#8221; shape=&#8221;square&#8221; color=&#8221;black&#8221; align=&#8221;left&#8221; css=&#8221;&#8221; link=&#8221;url:%23custom-quote|&#8221;][\/vc_column_inner][vc_column_inner width=&#8221;1\/3&#8243;][vc_single_image image=&#8221;45113365&#8243; img_size=&#8221;full&#8221; alignment=&#8221;center&#8221; style=&#8221;vc_box_shadow&#8221; css=&#8221;&#8221;][\/vc_column_inner][\/vc_row_inner][\/vc_column][\/vc_row][vc_row css=&#8221;.vc_custom_1726400002000{padding-top:60px;padding-bottom:60px;}&#8221;][vc_column][vc_custom_heading text=&#8221;Qu\u2019est-ce qui est possible ?&#8221; font_container=&#8221;tag:h2|text_align:center&#8221; use_theme_fonts=&#8221;yes&#8221; css=&#8221;.vc_custom_1759421603115{margin-bottom: 20px !important;}&#8221;][vc_column_text css=&#8221;.vc_custom_1759421646365{margin-bottom: 40px !important;}&#8221;]<\/p>\n<p style=\"text-align: center;\">En bref : <em>tout<\/em>. Tu peux choisir :<\/p>\n<p>[\/vc_column_text][vc_row_inner equal_height=&#8221;yes&#8221;][vc_column_inner width=&#8221;1\/3&#8243;][vc_cta h2=&#8221;Forme et taille&#8221; h2_font_container=&#8221;tag:h4|text_align:left&#8221; h2_use_theme_fonts=&#8221;yes&#8221; add_icon=&#8221;top&#8221; i_type=&#8221;fontawesome&#8221; i_icon_fontawesome=&#8221;fas fa-crop&#8221; css=&#8221;&#8221; use_custom_fonts_h2=&#8221;true&#8221; i_el_class=&#8221;text-left&#8221; el_class=&#8221;icon-box&#8221;]Des petits carr\u00e9s aux grandes pi\u00e8ces originales.[\/vc_cta][\/vc_column_inner][vc_column_inner width=&#8221;1\/3&#8243;][vc_cta h2=&#8221;Design&#8221; h2_font_container=&#8221;tag:h4|text_align:left&#8221; h2_use_theme_fonts=&#8221;yes&#8221; add_icon=&#8221;top&#8221; i_type=&#8221;fontawesome&#8221; i_icon_fontawesome=&#8221;far fa-object-group&#8221; css=&#8221;&#8221; use_custom_fonts_h2=&#8221;true&#8221; i_el_class=&#8221;text-left&#8221; el_class=&#8221;icon-box&#8221;]Envoie-nous ton visuel, laisse-nous cr\u00e9er depuis z\u00e9ro, ou collabore avec nous pour donner vie \u00e0 ton id\u00e9e.[\/vc_cta][\/vc_column_inner][vc_column_inner width=&#8221;1\/3&#8243;][vc_cta h2=&#8221;Emballage&#8221; h2_font_container=&#8221;tag:h4|text_align:left&#8221; h2_use_theme_fonts=&#8221;yes&#8221; add_icon=&#8221;top&#8221; i_type=&#8221;fontawesome&#8221; i_icon_fontawesome=&#8221;fas fa-box&#8221; css=&#8221;&#8221; use_custom_fonts_h2=&#8221;true&#8221; i_el_class=&#8221;text-left&#8221; el_class=&#8221;icon-box&#8221;]Cartes individuelles, sets, cartes support personnalis\u00e9es avec ton logo, emballage retail\u2026 on s\u2019adapte \u00e0 tes besoins.[\/vc_cta][\/vc_column_inner][\/vc_row_inner][\/vc_column][\/vc_row][vc_row full_width=&#8221;stretch_row_content&#8221; css=&#8221;.vc_custom_1758297156396{background-color: #fafbfc !important;}&#8221;][vc_column][vc_custom_heading text=&#8221;Quelques id\u00e9es pour t\u2019inspirer&#8221; font_container=&#8221;tag:h2|text_align:center&#8221; use_theme_fonts=&#8221;yes&#8221; css=&#8221;.vc_custom_1758022848379{margin-bottom: 40px !important;}&#8221;][vc_row_inner][vc_column_inner width=&#8221;1\/2&#8243;][vc_cta h2=&#8221;\u00c9v\u00e9nements d\u2019entreprise &#038; lancements&#8221; h2_font_container=&#8221;tag:h4|text_align:left&#8221; h2_use_theme_fonts=&#8221;yes&#8221; add_icon=&#8221;top&#8221; i_type=&#8221;fontawesome&#8221; i_icon_fontawesome=&#8221;far fa-calendar-check&#8221; css=&#8221;&#8221; use_custom_fonts_h2=&#8221;true&#8221; i_el_class=&#8221;text-left&#8221; el_class=&#8221;icon-box&#8221;]Un cadeau color\u00e9 qui laisse une impression durable.[\/vc_cta][\/vc_column_inner][vc_column_inner width=&#8221;1\/2&#8243;][vc_cta h2=&#8221;Occasions sp\u00e9ciales&#8221; h2_font_container=&#8221;tag:h4|text_align:left&#8221; h2_use_theme_fonts=&#8221;yes&#8221; add_icon=&#8221;top&#8221; i_type=&#8221;fontawesome&#8221; i_icon_fontawesome=&#8221;fas fa-glass-cheers&#8221; css=&#8221;&#8221; use_custom_fonts_h2=&#8221;true&#8221; i_el_class=&#8221;text-left&#8221; el_class=&#8221;icon-box&#8221;]Anniversaires, f\u00eates ou jalons m\u00e9ritent une touche d\u2019arc-en-ciel.[\/vc_cta][\/vc_column_inner][\/vc_row_inner][vc_row_inner][vc_column_inner width=&#8221;1\/2&#8243;][vc_cta h2=&#8221;Collaborations retail&#8221; h2_font_container=&#8221;tag:h4|text_align:left&#8221; h2_use_theme_fonts=&#8221;yes&#8221; add_icon=&#8221;top&#8221; i_type=&#8221;fontawesome&#8221; i_icon_fontawesome=&#8221;fas fa-compress-arrows-alt&#8221; css=&#8221;&#8221; use_custom_fonts_h2=&#8221;true&#8221; i_el_class=&#8221;text-left&#8221; el_class=&#8221;icon-box&#8221;]Propose \u00e0 tes clients un design exclusif, disponible uniquement chez toi.[\/vc_cta][\/vc_column_inner][vc_column_inner width=&#8221;1\/2&#8243;][vc_cta h2=&#8221;Campagnes cr\u00e9atives&#8221; h2_font_container=&#8221;tag:h4|text_align:left&#8221; h2_use_theme_fonts=&#8221;yes&#8221; add_icon=&#8221;top&#8221; i_type=&#8221;fontawesome&#8221; i_icon_fontawesome=&#8221;fas fa-laptop-code&#8221; css=&#8221;&#8221; use_custom_fonts_h2=&#8221;true&#8221; i_el_class=&#8221;text-left&#8221; el_class=&#8221;icon-box&#8221;]Fais briller ton message, litt\u00e9ralement.[\/vc_cta][\/vc_column_inner][\/vc_row_inner][\/vc_column][\/vc_row][vc_row css=&#8221;.vc_custom_1726400004000{padding-top:60px;padding-bottom:60px;}&#8221;][vc_column][vc_custom_heading text=&#8221;Collaborations pr\u00e9c\u00e9dentes&#8221; font_container=&#8221;tag:h2|text_align:center&#8221; use_theme_fonts=&#8221;yes&#8221; css=&#8221;.vc_custom_1758022839998{margin-bottom: 40px !important;}&#8221;][vc_row_inner][vc_column_inner width=&#8221;1\/2&#8243;][vc_column_text css=&#8221;&#8221;]<\/p>\n<h4>\u201cRays of Optimism\u201d pour Liganova<\/h4>\n<p>Un design audacieux et lumineux, cr\u00e9\u00e9 par et pour l\u2019agence.[\/vc_column_text][vc_gallery type=&#8221;image_grid&#8221; images=&#8221;45113375,45113390,45113370,45113380,45113385&#8243; css=&#8221;&#8221; lazy_load=&#8221;yes&#8221;][\/vc_column_inner][vc_column_inner width=&#8221;1\/2&#8243;][vc_column_text css=&#8221;&#8221;]<\/p>\n<h4>\u201cAlocasia Frydek\u201d pour PLNTS.com<\/h4>\n<p>Un design inspir\u00e9 des plantes pour f\u00eater leurs 5 ans, imagin\u00e9 chez Botanopia.[\/vc_column_text][vc_gallery type=&#8221;image_grid&#8221; images=&#8221;45113405,45113400,45113395&#8243; css=&#8221;&#8221; lazy_load=&#8221;yes&#8221;][\/vc_column_inner][\/vc_row_inner][\/vc_column][\/vc_row][vc_row full_width=&#8221;stretch_row_content&#8221; css=&#8221;.vc_custom_1758297156396{background-color: #fafbfc !important;}&#8221;][vc_column][vc_custom_heading text=&#8221;Comment \u00e7a marche&#8221; font_container=&#8221;tag:h2|text_align:center&#8221; use_theme_fonts=&#8221;yes&#8221; css=&#8221;.vc_custom_1758297396539{margin-bottom: 40px !important;}&#8221;][vc_row_inner][vc_column_inner width=&#8221;1\/3&#8243;][vc_cta h2=&#8221;1. Partage ton id\u00e9e&#8221; h2_font_container=&#8221;tag:h4|text_align:left&#8221; h2_use_theme_fonts=&#8221;yes&#8221; add_icon=&#8221;top&#8221; i_type=&#8221;fontawesome&#8221; i_icon_fontawesome=&#8221;fas fa-lightbulb&#8221; css=&#8221;&#8221; use_custom_fonts_h2=&#8221;true&#8221; i_el_class=&#8221;text-left&#8221; el_class=&#8221;icon-box&#8221;]Dis-nous ce que tu imagines (ou pas, on adore brainstormer).[\/vc_cta][\/vc_column_inner][vc_column_inner width=&#8221;1\/3&#8243;][vc_cta h2=&#8221;2. Re\u00e7ois un devis&#8221; h2_font_container=&#8221;tag:h4|text_align:left&#8221; h2_use_theme_fonts=&#8221;yes&#8221; add_icon=&#8221;top&#8221; i_type=&#8221;fontawesome&#8221; i_icon_fontawesome=&#8221;fas fa-hand-holding-usd&#8221; css=&#8221;&#8221; use_custom_fonts_h2=&#8221;true&#8221; i_el_class=&#8221;text-left&#8221; el_class=&#8221;icon-box&#8221;]Le prix d\u00e9pend de la taille, de la quantit\u00e9 et de la complexit\u00e9 du design.[\/vc_cta][\/vc_column_inner][vc_column_inner width=&#8221;1\/3&#8243;][vc_cta h2=&#8221;3. Valide ton design&#8221; h2_font_container=&#8221;tag:h4|text_align:left&#8221; h2_use_theme_fonts=&#8221;yes&#8221; add_icon=&#8221;top&#8221; i_type=&#8221;fontawesome&#8221; i_icon_fontawesome=&#8221;fas fa-thumbs-up&#8221; css=&#8221;&#8221; use_custom_fonts_h2=&#8221;true&#8221; i_el_class=&#8221;text-left&#8221; el_class=&#8221;icon-box&#8221;]Que ce soit le tien ou le n\u00f4tre, tu verras toujours une maquette avant production.[\/vc_cta][\/vc_column_inner][\/vc_row_inner][vc_row_inner][vc_column_inner width=&#8221;1\/2&#8243;][vc_cta h2=&#8221;4. Production&#8221; h2_font_container=&#8221;tag:h4|text_align:left&#8221; h2_use_theme_fonts=&#8221;yes&#8221; add_icon=&#8221;top&#8221; i_type=&#8221;fontawesome&#8221; i_icon_fontawesome=&#8221;fas fa-rainbow&#8221; css=&#8221;&#8221; use_custom_fonts_h2=&#8221;true&#8221; i_el_class=&#8221;text-left&#8221; el_class=&#8221;icon-box&#8221;]Une fois valid\u00e9, on donne vie \u00e0 tes rainbow makers.[\/vc_cta][\/vc_column_inner][vc_column_inner width=&#8221;1\/2&#8243;][vc_cta h2=&#8221;5. Livraison&#8221; h2_font_container=&#8221;tag:h4|text_align:left&#8221; h2_use_theme_fonts=&#8221;yes&#8221; add_icon=&#8221;top&#8221; i_type=&#8221;fontawesome&#8221; i_icon_fontawesome=&#8221;fas fa-shipping-fast&#8221; css=&#8221;&#8221; use_custom_fonts_h2=&#8221;true&#8221; i_el_class=&#8221;text-left&#8221; el_class=&#8221;icon-box&#8221;]Emball\u00e9 et exp\u00e9di\u00e9 selon tes besoins, pr\u00eat \u00e0 briller.[\/vc_cta][\/vc_column_inner][\/vc_row_inner][\/vc_column][\/vc_row][vc_row css=&#8221;.vc_custom_1726400006000{padding-top:60px;padding-bottom:60px;}&#8221;][vc_column][vc_custom_heading text=&#8221;FAQ&#8221; font_container=&#8221;tag:h2|text_align:center&#8221; use_theme_fonts=&#8221;yes&#8221; css=&#8221;.vc_custom_1758022873139{margin-bottom: 40px !important;}&#8221;][vc_tta_accordion spacing=&#8221;8&#8243; c_icon=&#8221;chevron&#8221; c_position=&#8221;right&#8221; active_section=&#8221;1&#8243; no_fill=&#8221;true&#8221; collapsible_all=&#8221;true&#8221;][vc_tta_section title=&#8221;Commande minimum ?&#8221; tab_id=&#8221;faq_min_order&#8221;][vc_column_text]500 pi\u00e8ces.[\/vc_column_text][\/vc_tta_section][vc_tta_section title=&#8221;Toutes les formes et tailles possibles ?&#8221; tab_id=&#8221;faq_size_shape&#8221;][vc_column_text]Oui, cercles classiques ou formes d\u00e9coup\u00e9es sur mesure.[\/vc_column_text][\/vc_tta_section][vc_tta_section title=&#8221;D\u00e9lais de production ?&#8221; tab_id=&#8221;faq_lead_time&#8221;][vc_column_text]En moyenne 4 \u00e0 6 semaines apr\u00e8s validation du design. Si tu es press\u00e9, on fera notre possible.[\/vc_column_text][\/vc_tta_section][vc_tta_section title=&#8221;Faut-il fournir le design ?&#8221; tab_id=&#8221;faq_design&#8221;][vc_column_text]Pas forc\u00e9ment. Tu peux nous envoyer ton visuel, tes id\u00e9es, ou nous laisser tout cr\u00e9er.[\/vc_column_text][\/vc_tta_section][vc_tta_section title=&#8221;Quel est le prix ?&#8221; tab_id=&#8221;faq_price&#8221;][vc_column_text]Il d\u00e9pend de la taille, de la quantit\u00e9 et du design. Chaque projet est unique, on t\u2019enverra un devis personnalis\u00e9.[\/vc_column_text][\/vc_tta_section][\/vc_tta_accordion][\/vc_column][\/vc_row][vc_row full_width=&#8221;stretch_row_content&#8221; css=&#8221;.vc_custom_1758817694147{padding-top: 40px !important;padding-bottom: 40px !important;background-color: #fafbfc !important;}&#8221; el_id=&#8221;custom-quote&#8221;][vc_column][vc_custom_heading text=&#8221;Pr\u00eat \u00e0 te lancer ?&#8221; font_container=&#8221;tag:h2|text_align:center&#8221; use_theme_fonts=&#8221;yes&#8221; css=&#8221;.vc_custom_1758817458011{margin-bottom: 20px !important;}&#8221;][vc_row_inner][vc_column_inner][vc_column_text css=&#8221;.vc_custom_1759507814369{margin-bottom: 40px !important;}&#8221; align=&#8221;center&#8221; el_class=&#8221;text-center&#8221;]Pour te faire un devis rapide et pr\u00e9cis, indique-nous :[\/vc_column_text][vc_column_text css=&#8221;&#8221; align=&#8221;center&#8221;]\r\n    \r\n    <style>\r\n        .mb-3 { margin-bottom: 25px !important; }\r\n        .custom-sticker-form input, .custom-sticker-form textarea { border-color: rgba(0, 0, 0, .25); border-radius:3px; }\r\n        .custom-sticker-form input { height:45px; }\r\n        .custom-sticker-form textarea { height:100px; }\r\n        .custom-sticker-form label { font-weight:bold; font-size:16px; }\r\n        .custom-sticker-form .btn.btn-primary { background:#000; padding:18px 50px; line-height:1; font-weight:700; text-transform:uppercase; border-radius:3px; }\r\n    <\/style>\r\n\r\n    <form method=\"post\" enctype=\"multipart\/form-data\" action=\"\/fr\/wp-json\/wp\/v2\/pages\/45113418\" class=\"custom-sticker-form needs-validation\">\r\n        <input type=\"hidden\" id=\"custom_sticker_form_nonce\" name=\"custom_sticker_form_nonce\" value=\"9ca158679c\" \/><input type=\"hidden\" name=\"_wp_http_referer\" value=\"\/fr\/wp-json\/wp\/v2\/pages\/45113418\" \/>        <input type=\"hidden\" name=\"custom_sticker_form_submitted\" value=\"1\">\r\n        <input type=\"hidden\" name=\"form_start_time\" value=\"1777210325\">\r\n\r\n        <div class=\"row\">\r\n            <div class=\"col-md-6 mb-3\">\r\n                <label for=\"first\" class=\"form-label\">Pr\u00e9nom *<\/label>\r\n                <input type=\"text\" class=\"form-control\" id=\"first\" name=\"first\"\r\n                       required\r\n                       value=\"\"\r\n                       placeholder=\"Pr\u00e9nom\">\r\n            <\/div>\r\n            <div class=\"col-md-6 mb-3\">\r\n                <label for=\"last\" class=\"form-label\">Nom *<\/label>\r\n                <input type=\"text\" class=\"form-control\" id=\"last\" name=\"last\"\r\n                       required\r\n                       value=\"\"\r\n                       placeholder=\"Nom\">\r\n            <\/div>\r\n        <\/div>\r\n\r\n        <div class=\"row\">\r\n            <div class=\"col-md-6 mb-3\">\r\n                <label for=\"company\" class=\"form-label\">Entreprise *<\/label>\r\n                <input type=\"text\" class=\"form-control\" id=\"company\" name=\"company\"\r\n                    required\r\n                    value=\"\"\r\n                    placeholder=\"Entreprise\">\r\n            <\/div>\r\n\r\n            <div style=\"position:absolute;left:-9999px;top:-9999px;\">\r\n                <input type=\"text\" name=\"hp_contact\" autocomplete=\"off\">\r\n            <\/div>\r\n\r\n            <div class=\"col-md-6 mb-3\">\r\n                <label for=\"email\" class=\"form-label\">E-mail de contact *<\/label>\r\n                <input type=\"email\" class=\"form-control\" id=\"email\" name=\"email\"\r\n                       required\r\n                       value=\"\"\r\n                       placeholder=\"E-mail de contact\">\r\n            <\/div>\r\n        <\/div>\r\n\r\n        <div class=\"row\">\r\n            <div class=\"col-md-4 mb-3\">\r\n                <label for=\"quantity\" class=\"form-label\">Quantit\u00e9 souhait\u00e9e *<\/label>\r\n                <input type=\"number\" class=\"form-control\" id=\"quantity\" name=\"quantity\"\r\n                       required\r\n                       value=\"\"\r\n                       placeholder=\"Minimum 500 pi\u00e8ces\">\r\n            <\/div>\r\n            <div class=\"col-md-4 mb-3\">\r\n                <label for=\"size\" class=\"form-label\">Taille de l\u2019autocollant *<\/label>\r\n                <input type=\"text\" class=\"form-control\" id=\"size\" name=\"size\"\r\n                       required\r\n                       value=\"\"\r\n                       placeholder=\"Une estimation suffit\">\r\n            <\/div>\r\n            <div class=\"col-md-4 mb-3\">\r\n                <label for=\"shape\" class=\"form-label\">Forme *<\/label>\r\n                <input type=\"text\" class=\"form-control\" id=\"shape\" name=\"shape\"\r\n                       required\r\n                       value=\"\"\r\n                       placeholder=\"Rond, carr\u00e9, personnalis\u00e9\u2026\">\r\n            <\/div>\r\n        <\/div>\r\n\r\n        <div class=\"row\">\r\n            <div class=\"col-md-4 mb-3\">\r\n                <label for=\"design\" class=\"form-label\">T\u00e9l\u00e9verse ton design (max. 5 Mo)<\/label>\r\n                <input type=\"file\" class=\"form-control\" id=\"design\" name=\"design\" accept=\".pdf,.png,.jpg,.jpeg,.ai\">\r\n            <\/div>\r\n\r\n            <div class=\"col-md-4 mb-3\">\r\n                <label for=\"packaging\" class=\"form-label\">Pr\u00e9f\u00e9rences d\u2019emballage *<\/label>\r\n                <input type=\"text\" class=\"form-control\" id=\"packaging\" name=\"packaging\"\r\n                       required\r\n                       value=\"\"\r\n                       placeholder=\"Cartes individuelles, ensembles, emballage de marque, aucun\">\r\n            <\/div>\r\n\r\n            <div class=\"col-md-4 mb-3\">\r\n                <label for=\"deadline\" class=\"form-label\">Date d'\u00e9ch\u00e9ance *<\/label>\r\n                <input type=\"text\" class=\"form-control\" id=\"deadline\" name=\"deadline\"\r\n                    required\r\n                    value=\"\"\r\n                    placeholder=\"Si applicable\">\r\n            <\/div>\r\n        <\/div>\r\n\r\n        <div class=\"mb-3\">\r\n            <label for=\"shipping\" class=\"form-label\">Adresse de livraison *<\/label>\r\n            <input type=\"text\" class=\"form-control\" id=\"shipping\" name=\"shipping\"\r\n                   required\r\n                   value=\"\"\r\n                   placeholder=\"Pour le devis de livraison\">\r\n        <\/div>\r\n\r\n        <div class=\"mb-3\">\r\n            <label for=\"notes\" class=\"form-label\">Notes sur le design<\/label>\r\n            <textarea class=\"form-control\" id=\"notes\" name=\"notes\"\r\n                      placeholder=\"D\u00e9cris ton id\u00e9e \/ veux-tu qu\u2019on fasse le design ?\"><\/textarea>\r\n        <\/div>\r\n\r\n        <button type=\"submit\" class=\"btn btn-primary\">Soumettre<\/button>\r\n    <\/form>\r\n\r\n    <script>\r\n        \/\/ Localized messages from PHP\r\n        const StickerFormMsgs = {\r\n            fileTooLarge: \"Fichier sup\u00e9rieur \u00e0 5 Mo\",\r\n            invalidType: \"Type du fichier non valide\",\r\n            minQuantity: \"La quantit\u00e9 minimale est de 500 pi\u00e8ces.\"\r\n        };\r\n\r\n        \/\/ File upload validation\r\n        document.getElementById('design')?.addEventListener('change', function () {\r\n            const maxSize = 5 * 1024 * 1024;\r\n            const allowedExt = ['pdf','png','jpg','jpeg','ai'];\r\n            const file = this.files[0];\r\n            if (!file) return;\r\n            if (file.size > maxSize) { alert(StickerFormMsgs.fileTooLarge); this.value=''; return; }\r\n            const ext = file.name.split('.').pop().toLowerCase();\r\n            if (!allowedExt.includes(ext)) { alert(StickerFormMsgs.invalidType); this.value=''; }\r\n        });\r\n\r\n        \/\/ Quantity validation\r\n        document.getElementById('quantity')?.addEventListener('blur', function () {\r\n            const qty = parseInt(this.value);\r\n            if (qty && qty < 500) {\r\n                alert(StickerFormMsgs.minQuantity);\r\n                this.focus();\r\n            }\r\n        });\r\n\r\n        \/\/ Form submission validation\r\n        document.querySelector('.custom-sticker-form')?.addEventListener('submit', function(e) {\r\n            const qty = parseInt(document.getElementById('quantity')?.value);\r\n            if (qty && qty < 500) {\r\n                e.preventDefault();\r\n                alert(StickerFormMsgs.minQuantity);\r\n                document.getElementById('quantity')?.focus();\r\n                return false;\r\n            }\r\n        });\r\n    <\/script>\r\n\r\n    [\/vc_column_text][\/vc_column_inner][\/vc_row_inner][\/vc_column][\/vc_row]<\/p>\n<\/div>","protected":false},"excerpt":{"rendered":"<p>[vc_row full_width=&#8221;stretch_row_content&#8221; css=&#8221;.vc_custom_1726400000000{background-color: #f9fafb !important;}&#8221;][vc_column][vc_row_inner content_placement=&#8221;middle&#8221;][vc_column_inner width=&#8221;2\/3&#8243;][vc_custom_heading text=&#8221;Stickers Rainbow Maker personnalis\u00e9s&#8221; font_container=&#8221;tag:h1|text_align:left&#8221; use_theme_fonts=&#8221;yes&#8221; css=&#8221;.vc_custom_1758291137627{margin-bottom: 40px !important;}&#8221; el_class=&#8221;tiempos-headline&#8221;][vc_column_text css=&#8221;&#8221;] Apporte un peu de lumi\u00e8re, de couleur et de magie \u00e0 ton marque ou ton \u00e9v\u00e9nement avec des stickers rainbow maker personnalis\u00e9s. Nos best-sellers transforment la lumi\u00e8re du soleil en arcs-en-ciel sur les murs, les fen\u00eatres et&hellip;<\/p>\n","protected":false},"author":32003413,"featured_media":45113365,"parent":0,"menu_order":0,"comment_status":"closed","ping_status":"closed","template":"","meta":{"_acf_changed":false,"footnotes":""},"class_list":["post-45113418","page","type-page","status-publish","has-post-thumbnail","hentry"],"acf":[],"_links":{"self":[{"href":"https:\/\/www.botanopia.com\/fr\/wp-json\/wp\/v2\/pages\/45113418","targetHints":{"allow":["GET"]}}],"collection":[{"href":"https:\/\/www.botanopia.com\/fr\/wp-json\/wp\/v2\/pages"}],"about":[{"href":"https:\/\/www.botanopia.com\/fr\/wp-json\/wp\/v2\/types\/page"}],"author":[{"embeddable":true,"href":"https:\/\/www.botanopia.com\/fr\/wp-json\/wp\/v2\/users\/32003413"}],"replies":[{"embeddable":true,"href":"https:\/\/www.botanopia.com\/fr\/wp-json\/wp\/v2\/comments?post=45113418"}],"version-history":[{"count":0,"href":"https:\/\/www.botanopia.com\/fr\/wp-json\/wp\/v2\/pages\/45113418\/revisions"}],"wp:featuredmedia":[{"embeddable":true,"href":"https:\/\/www.botanopia.com\/fr\/wp-json\/wp\/v2\/media\/45113365"}],"wp:attachment":[{"href":"https:\/\/www.botanopia.com\/fr\/wp-json\/wp\/v2\/media?parent=45113418"}],"curies":[{"name":"wp","href":"https:\/\/api.w.org\/{rel}","templated":true}]}}