{"id":1373,"date":"2018-05-02T11:45:51","date_gmt":"2018-05-02T09:45:51","guid":{"rendered":"http:\/\/botanopia.com\/product\/sprout-taille-large\/"},"modified":"2026-02-19T17:36:11","modified_gmt":"2026-02-19T15:36:11","slug":"sprout-taille-large","status":"publish","type":"product","link":"https:\/\/www.botanopia.com\/fr\/shop\/idees-cadeaux\/idees-cadeaux-a-moins-de-15e\/sprout-taille-large\/","title":{"rendered":"Coupelle de germination taille L"},"content":{"rendered":"<h3>Utilisation d&rsquo;une coupelle de germination<\/h3>\n<p>Remplis ta maison de plantes de mani\u00e8re ludique et abordable en bouturant tes plantes pr\u00e9f\u00e9r\u00e9es. Tu peux aussi faire pousser pleins de plantes originales \u00e0 partir de leur noyau.<\/p>\n<p>Il suffit d&rsquo;un peu de patience en attendant que les racines poussent. Nous avons r\u00e9alis\u00e9 une vid\u00e9o \u00e9tape par \u00e9tape sur la propagation de <a href=\"https:\/\/www.botanopia.com\/fr\/cultiver-dans-l-eau\/\">nombreuses plantes diff\u00e9rentes ici<\/a>. Tu peux voir un aper\u00e7u du r\u00e9sultat de plein de plantes diff\u00e9rentes \u00e0 faire pousser sur ta coupelle taille L (sur l&rsquo;onglet vid\u00e9o). \u00c0 ton tour pour faire pousser ces plantes \u00e0 la maison.<\/p>\n<h3>Mets tes plantes en vedette<\/h3>\n<p>Apr\u00e8s avoir fait pousser les racines de tes graines ou de tes plantes, tu peux les rempoter et lib\u00e9rer ta coupelle pour recommencer le processus de pousse. Tu peux aussi choisir de continuer \u00e0 faire pousser les plantes dans l&rsquo;eau, sur la coupelle, ce qui te permet d&rsquo;admirer la magie de la nature en direct. Utilise la coupelle pour mettre en valeur tes plantes grasses et tes cactus pour une fa\u00e7on originale de d\u00e9corer ton int\u00e9rieur.<\/p>\n<h3>Caract\u00e9ristiques de notre coupelle de germination<\/h3>\n<p>&#8211; Fait en porcelaine. Un mat\u00e9riau tr\u00e8s durable.<\/p>\n<p>&#8211; Passe au lave-vaisselle. Facile \u00e0 nettoyer.<\/p>\n<p>&#8211; polyvalent : ta coupelle de germination s&rsquo;adapte \u00e0 presque tous les verres ou bocaux. Une excellente mani\u00e8re de recycler tes r\u00e9cipients en verre.<\/p>\n<p>&#8211; Existe aussi en<a href=\"https:\/\/www.botanopia.com\/fr\/shop\/idees-cadeaux\/idees-cadeaux-a-moins-de-25e\/sprout-taille-s\/\"> taille S<\/a>, pour faire pousser tes petites graines.<\/p>\n<p>&#8211; Voici ce \u00e0 quoi tu peux t&rsquo;attendre lorsque tu ouvres la bo\u00eete :<\/p>\n<p><span class=\"image-placeholder video video-vimeo\" style=\"padding-bottom:56.25000000%\"><iframe loading=\"lazy\" src=\"https:\/\/player.vimeo.com\/video\/343828640?title=0&#038;byline=0&#038;portrait=0&#038;width=560&#038;height=315\" width=\"560\" height=\"315\" frameborder=\"0\" webkitallowfullscreen mozallowfullscreen allowfullscreen><\/iframe><\/span><\/p>\n","protected":false},"excerpt":{"rendered":"<p><strong>Il est temps de faire pousser ton jardin int\u00e9rieur ! Utilise cette coupelle de germination et de propagation en porcelaine faite \u00e0 la main de taille L pour transformer tes verres en couveuse pour tes boutures. Fais pousser de nouvelles plantes! <\/strong><\/p>\n<p>Ce design t\u2019aide dans tes aventures de jardinage et de bouturage de nouvelles plantes de fa\u00e7on d\u00e9corative et ludique. Place simplement l&rsquo;\u00e9l\u00e9gant c\u00f4ne de propagation en porcelaine sur n&rsquo;importe quel verre ou bocal et place ton noyau ou ton bulbe dessus. La coupelle le maintiendra confortablement en suspension au-dessus de l&rsquo;eau pendant que les racines font leur chemin dans l\u2019eau pour pousser.<\/p>\n<p>Ce produit original de Botanopia est fabriqu\u00e9 en porcelaine pour le rendre tr\u00e8s durable et facilement r\u00e9utilisable. Il passe au lave-vaisselle, est facile \u00e0 nettoyer et est fabriqu\u00e9 \u00e0 la main dans un petit studio de c\u00e9ramique en R\u00e9publique tch\u00e8que. Nous l\u2019exp\u00e9dions dans une belle bo\u00eete-cadeau noire. Des instructions d\u00e9taill\u00e9es pour la germination et la propagation sont incluses pour te permettre de commencer tout de suite.<\/p>\n<p>Cette taille de bob\u00e8che est parfaite pour faire pousser tes noyaux de mangue ou d&rsquo;avocat que tu aurais autrement jet\u00e9s, mettre en valeur tes cactus ou m\u00eame aider tes bulbes de fleurs \u00e0 fleurir. Commande la<a href=\"https:\/\/www.botanopia.com\/fr\/shop\/idees-cadeaux\/idees-cadeaux-a-moins-de-25e\/sprout-taille-s\/\"> taille S<\/a> si tu veux faire pousser des graines plus petites comme les glands et les amandes.<\/p>\n","protected":false},"featured_media":45104924,"comment_status":"open","ping_status":"closed","template":"","meta":{"_acf_changed":false},"product_brand":[],"product_cat":[23001806,23001045,23000813,14000277,23001002,23000515],"product_tag":[23000994,23000843,23000648,23001796,23001009,23000690],"giftcard-category":[],"class_list":{"0":"post-1373","1":"product","2":"type-product","3":"status-publish","4":"has-post-thumbnail","6":"product_cat-bestsellers-de-printemps","7":"product_cat-idees-cadeaux-a-moins-de-15e","8":"product_cat-idees-cadeaux-a-moins-de-25e","9":"product_cat-nos-coupelles-de-germination","10":"product_cat-universal-products-fr","11":"product_cat-tous-les-produits","12":"product_tag-b2c-fr","13":"product_tag-fr-mailbox","14":"product_tag-our-germination-plates-fr","15":"product_tag-retail-2-fr","16":"product_tag-universal_en-fr","17":"product_tag-wholesale-fr-fr-2","18":"product_shipping_class-mailbox-package-fr-2","20":"first","21":"instock","22":"taxable","23":"shipping-taxable","24":"purchasable","25":"product-type-simple","27":"catalog-layout-default","28":"columns-xs-1"},"bundled_by":[],"bundle_stock_status":"instock","bundle_stock_quantity":-561,"bundle_virtual":false,"bundle_layout":"","bundle_add_to_cart_form_location":"","bundle_editable_in_cart":false,"bundle_sold_individually_context":"","bundle_item_grouping":"","bundle_min_size":"","bundle_max_size":"","bundled_items":[],"bundle_sell_ids":[45090698,45090750],"acf":[],"gallery_images":[45104919,45077706,45104964,45104969,45104949,45104984,45104959,45104974,45104954,45104979,45104944,45104989,45104994,45104934,45104939,45104929,45104881],"_links":{"self":[{"href":"https:\/\/www.botanopia.com\/fr\/wp-json\/wp\/v2\/product\/1373","targetHints":{"allow":["GET"]}}],"collection":[{"href":"https:\/\/www.botanopia.com\/fr\/wp-json\/wp\/v2\/product"}],"about":[{"href":"https:\/\/www.botanopia.com\/fr\/wp-json\/wp\/v2\/types\/product"}],"replies":[{"embeddable":true,"href":"https:\/\/www.botanopia.com\/fr\/wp-json\/wp\/v2\/comments?post=1373"}],"wp:featuredmedia":[{"embeddable":true,"href":"https:\/\/www.botanopia.com\/fr\/wp-json\/wp\/v2\/media\/45104924"}],"wp:attachment":[{"href":"https:\/\/www.botanopia.com\/fr\/wp-json\/wp\/v2\/media?parent=1373"}],"wp:term":[{"taxonomy":"product_brand","embeddable":true,"href":"https:\/\/www.botanopia.com\/fr\/wp-json\/wp\/v2\/product_brand?post=1373"},{"taxonomy":"product_cat","embeddable":true,"href":"https:\/\/www.botanopia.com\/fr\/wp-json\/wp\/v2\/product_cat?post=1373"},{"taxonomy":"product_tag","embeddable":true,"href":"https:\/\/www.botanopia.com\/fr\/wp-json\/wp\/v2\/product_tag?post=1373"},{"taxonomy":"giftcard-category","embeddable":true,"href":"https:\/\/www.botanopia.com\/fr\/wp-json\/wp\/v2\/giftcard-category?post=1373"}],"curies":[{"name":"wp","href":"https:\/\/api.w.org\/{rel}","templated":true}]}}