{"id":3003871,"date":"2018-12-16T09:25:03","date_gmt":"2018-12-16T07:25:03","guid":{"rendered":"http:\/\/botanopia.com\/?post_type=product&#038;p=3003871"},"modified":"2026-02-01T00:00:05","modified_gmt":"2026-01-31T22:00:05","slug":"carte-de-voeux-cactus-pilosocereus-avec-enveloppe","status":"publish","type":"product","link":"https:\/\/www.botanopia.com\/fr\/shop\/papeterie\/cartes-de-voeux\/carte-de-voeux-cactus-pilosocereus-avec-enveloppe\/","title":{"rendered":"Carte de v\u0153ux cactus (Pilosocereus) avec enveloppe"},"content":{"rendered":"<p>1 carte de voeux (impression num\u00e9rique) \u00e0 l&#8217;aquarelle de notre cactus (Pilosocereus Pachycladus), sur papier \u00e9pais textur\u00e9. Vierge \u00e0 l&#8217;int\u00e9rieur et livr\u00e9e avec une enveloppe en kraft recycl\u00e9.<\/p>\n<p>Utilisez-la pour envoyer un peu d&#8217;amour vert aux fans de plantes de votre entourage, ou encadrez-la pour mettre au mur une touche de verdure qui ne peut pas faner.<\/p>\n<p>La taille ferm\u00e9e est A6 (14,85 x 10,5cm), avec une enveloppe de taille C6.<\/p>\n<p>D\u00e9couvrez nos 3 autres mod\u00e8les de cactus de la m\u00eame s\u00e9rie, l&#8217;<a href=\"http:\/\/botanopia.com\/shop\/papeterie\/carte-de-voeux-aloes-chandelier-avec-enveloppe\/?lang=fr\" target=\"_blank\" rel=\"noopener\">Alo\u00e8s Chandelier<\/a>, l&#8217;<a href=\"http:\/\/botanopia.com\/shop\/papeterie\/carte-de-voeux-aloes-tachete-avec-enveloppe\/?lang=fr\" target=\"_blank\" rel=\"noopener\">Alo\u00e8s tachet\u00e9<\/a> et le <a href=\"https:\/\/www.botanopia.com\/fr\/shop\/idees-cadeaux\/idees-cadeaux-a-moins-de-25e\/carte-de-voeux-cactus-opuntia-avec-enveloppe\/\">cactus (Opuntia)<\/a>.<\/p>\n","protected":false},"excerpt":{"rendered":"<p>1 carte de v\u0153ux (impression num\u00e9rique) \u00e0 l&#8217;aquarelle de notre cactus (Pilosocereus Pachycladus), sur papier \u00e9pais textur\u00e9. Vierge \u00e0 l&#8217;int\u00e9rieur et livr\u00e9e avec une enveloppe en kraft recycl\u00e9.<\/p>\n<p>Utilisez-la pour envoyer un peu d&#8217;amour vert aux fans de plantes de votre entourage, ou encadrez-la pour mettre au mur une touche de verdure qui ne peut pas faner.<\/p>\n<p>La taille ferm\u00e9e est A6 (14,85 x 10,5cm), avec une enveloppe de taille C6.<\/p>\n<p>D\u00e9couvrez nos 3 autres mod\u00e8les de cactus de la m\u00eame s\u00e9rie, l&#8217;<a href=\"http:\/\/botanopia.com\/shop\/papeterie\/carte-de-voeux-aloes-chandelier-avec-enveloppe\/?lang=fr\">Alo\u00e8s Chandelier<\/a>, l&#8217;<a href=\"http:\/\/botanopia.com\/shop\/papeterie\/carte-de-voeux-aloes-tachete-avec-enveloppe\/?lang=fr\">Alo\u00e8s tachet\u00e9<\/a> et le <a href=\"https:\/\/www.botanopia.com\/fr\/shop\/idees-cadeaux\/idees-cadeaux-a-moins-de-25e\/carte-de-voeux-cactus-opuntia-avec-enveloppe\/\">cactus (Opuntia)<\/a>.<\/p>\n","protected":false},"featured_media":45099631,"comment_status":"open","ping_status":"closed","template":"","meta":{"_acf_changed":false},"product_brand":[],"product_cat":[23001242,23001510,23001516,23001045,23000813,3000098,23001002,23000515],"product_tag":[23000994,23000991,23001796,23001009,23000690],"giftcard-category":[],"class_list":{"0":"post-3003871","1":"product","2":"type-product","3":"status-publish","4":"has-post-thumbnail","6":"product_cat-cartes-de-voeux","7":"product_cat-cartes-avec-plantes-et-fleurs","8":"product_cat-cartes-sans-texte","9":"product_cat-idees-cadeaux-a-moins-de-15e","10":"product_cat-idees-cadeaux-a-moins-de-25e","11":"product_cat-papeterie","12":"product_cat-universal-products-fr","13":"product_cat-tous-les-produits","14":"product_tag-b2c-fr","15":"product_tag-fr-package","16":"product_tag-retail-2-fr","17":"product_tag-universal_en-fr","18":"product_tag-wholesale-fr-fr-2","19":"product_shipping_class-mailbox-package-fr-2","21":"first","22":"instock","23":"taxable","24":"shipping-taxable","25":"purchasable","26":"product-type-simple","28":"catalog-layout-default","29":"columns-xs-1"},"bundled_by":[],"bundle_stock_status":"instock","bundle_stock_quantity":-110,"bundle_virtual":false,"bundle_layout":"","bundle_add_to_cart_form_location":"","bundle_editable_in_cart":false,"bundle_sold_individually_context":"","bundle_item_grouping":"","bundle_min_size":"","bundle_max_size":"","bundled_items":[],"bundle_sell_ids":[45090163,45090190],"acf":[],"gallery_images":[45078367,45078363,45078359,45077744],"_links":{"self":[{"href":"https:\/\/www.botanopia.com\/fr\/wp-json\/wp\/v2\/product\/3003871","targetHints":{"allow":["GET"]}}],"collection":[{"href":"https:\/\/www.botanopia.com\/fr\/wp-json\/wp\/v2\/product"}],"about":[{"href":"https:\/\/www.botanopia.com\/fr\/wp-json\/wp\/v2\/types\/product"}],"replies":[{"embeddable":true,"href":"https:\/\/www.botanopia.com\/fr\/wp-json\/wp\/v2\/comments?post=3003871"}],"wp:featuredmedia":[{"embeddable":true,"href":"https:\/\/www.botanopia.com\/fr\/wp-json\/wp\/v2\/media\/45099631"}],"wp:attachment":[{"href":"https:\/\/www.botanopia.com\/fr\/wp-json\/wp\/v2\/media?parent=3003871"}],"wp:term":[{"taxonomy":"product_brand","embeddable":true,"href":"https:\/\/www.botanopia.com\/fr\/wp-json\/wp\/v2\/product_brand?post=3003871"},{"taxonomy":"product_cat","embeddable":true,"href":"https:\/\/www.botanopia.com\/fr\/wp-json\/wp\/v2\/product_cat?post=3003871"},{"taxonomy":"product_tag","embeddable":true,"href":"https:\/\/www.botanopia.com\/fr\/wp-json\/wp\/v2\/product_tag?post=3003871"},{"taxonomy":"giftcard-category","embeddable":true,"href":"https:\/\/www.botanopia.com\/fr\/wp-json\/wp\/v2\/giftcard-category?post=3003871"}],"curies":[{"name":"wp","href":"https:\/\/api.w.org\/{rel}","templated":true}]}}