{"id":3003883,"date":"2018-12-16T10:22:11","date_gmt":"2019-01-10T12:06:32","guid":{"rendered":"http:\/\/botanopia.com\/?post_type=product&#038;p=3003883"},"modified":"2024-05-20T13:01:05","modified_gmt":"2024-05-20T11:01:05","slug":"4-cartes-cactus-pour-le-prix-de-3","status":"publish","type":"product","link":"https:\/\/www.botanopia.com\/fr\/shop\/papeterie\/cartes-de-voeux\/cartes-avec-plantes-et-fleurs\/4-cartes-cactus-pour-le-prix-de-3\/","title":{"rendered":"4 cartes cactus pour le prix de 3"},"content":{"rendered":"<p>Pack sp\u00e9cial de 4 cartes pour le prix de 3. Vous recevrez ainsi une carte de chaque motif !<\/p>\n<p>Utilisez-les pour envoyer un peu d&#8217;amour vert aux fans de plantes de votre entourage, ou encadrez-les pour mettre au mur une touche de verdure qui ne peut pas faner. La taille ferm\u00e9e est A6 (14,85 x 10,5cm), avec une enveloppe de taille C6<\/p>\n<p>Vendue avec une enveloppe en kraft recycl\u00e9 pour chaque carte. Les cartes sont vierges \u00e0 l&#8217;int\u00e9rieur.<\/p>\n","protected":false},"excerpt":{"rendered":"<p>Pack sp\u00e9cial de 4 cartes pour le prix de 3. Vous recevrez ainsi une carte de chaque motif !<\/p>\n<p>Utilisez-les pour envoyer un peu d&#8217;amour vert aux fans de plantes de votre entourage, ou encadrez-les pour mettre au mur une touche de verdure qui ne peut pas faner. La carte ferm\u00e9e est en format A6 (14,85 x 10,5cm), avec une enveloppe de taille C6<\/p>\n<p>Vendue avec une enveloppe en kraft recycl\u00e9 pour chaque carte. Les cartes sont vierges \u00e0 l&#8217;int\u00e9rieur.<\/p>\n","protected":false},"featured_media":45078426,"comment_status":"open","ping_status":"closed","template":"","meta":{"_acf_changed":false},"product_brand":[],"product_cat":[23001510,23001242,23001516,23001045,23000813,3000098,23000515],"product_tag":[23000994,23000843,23001796],"giftcard-category":[],"class_list":{"0":"post-3003883","1":"product","2":"type-product","3":"status-publish","4":"has-post-thumbnail","6":"product_cat-cartes-avec-plantes-et-fleurs","7":"product_cat-cartes-de-voeux","8":"product_cat-cartes-sans-texte","9":"product_cat-idees-cadeaux-a-moins-de-15e","10":"product_cat-idees-cadeaux-a-moins-de-25e","11":"product_cat-papeterie","12":"product_cat-tous-les-produits","13":"product_tag-b2c-fr","14":"product_tag-fr-mailbox","15":"product_tag-retail-2-fr","16":"product_shipping_class-mailbox-package-fr-2","18":"first","19":"outofstock","20":"sale","21":"taxable","22":"shipping-taxable","23":"purchasable","24":"product-type-simple","26":"catalog-layout-default","27":"columns-xs-1"},"bundled_by":[],"bundle_stock_status":"instock","bundle_stock_quantity":-10,"bundle_virtual":false,"bundle_layout":"","bundle_add_to_cart_form_location":"","bundle_editable_in_cart":false,"bundle_sold_individually_context":"","bundle_item_grouping":"","bundle_min_size":"","bundle_max_size":"","bundled_items":[],"bundle_sell_ids":[41061559],"acf":[],"gallery_images":[45077744,45078430,45078406,45078363,45078387,45078342,45078350],"_links":{"self":[{"href":"https:\/\/www.botanopia.com\/fr\/wp-json\/wp\/v2\/product\/3003883","targetHints":{"allow":["GET"]}}],"collection":[{"href":"https:\/\/www.botanopia.com\/fr\/wp-json\/wp\/v2\/product"}],"about":[{"href":"https:\/\/www.botanopia.com\/fr\/wp-json\/wp\/v2\/types\/product"}],"replies":[{"embeddable":true,"href":"https:\/\/www.botanopia.com\/fr\/wp-json\/wp\/v2\/comments?post=3003883"}],"wp:featuredmedia":[{"embeddable":true,"href":"https:\/\/www.botanopia.com\/fr\/wp-json\/wp\/v2\/media\/45078426"}],"wp:attachment":[{"href":"https:\/\/www.botanopia.com\/fr\/wp-json\/wp\/v2\/media?parent=3003883"}],"wp:term":[{"taxonomy":"product_brand","embeddable":true,"href":"https:\/\/www.botanopia.com\/fr\/wp-json\/wp\/v2\/product_brand?post=3003883"},{"taxonomy":"product_cat","embeddable":true,"href":"https:\/\/www.botanopia.com\/fr\/wp-json\/wp\/v2\/product_cat?post=3003883"},{"taxonomy":"product_tag","embeddable":true,"href":"https:\/\/www.botanopia.com\/fr\/wp-json\/wp\/v2\/product_tag?post=3003883"},{"taxonomy":"giftcard-category","embeddable":true,"href":"https:\/\/www.botanopia.com\/fr\/wp-json\/wp\/v2\/giftcard-category?post=3003883"}],"curies":[{"name":"wp","href":"https:\/\/api.w.org\/{rel}","templated":true}]}}