{"id":36045429,"date":"2019-10-22T11:27:32","date_gmt":"2019-10-22T09:27:32","guid":{"rendered":"https:\/\/www.botanopia.com\/shop\/non%20class\u00e9\/clippy\/"},"modified":"2026-04-15T23:25:13","modified_gmt":"2026-04-15T21:25:13","slug":"clippy","status":"publish","type":"product","link":"https:\/\/www.botanopia.com\/fr\/shop\/idees-cadeaux\/idees-cadeaux-a-moins-de-25e\/clippy\/","title":{"rendered":"Clippy &#8211; Kit de fixation murale pour 5 pots"},"content":{"rendered":"<h3><b>Cr\u00e9e ton propre jardin vertical<\/b><\/h3>\n<p><span style=\"font-weight: 400;\">Accroche jusqu\u2019\u00e0 5 pots et fais-toi plaisir en cr\u00e9ant ton mur v\u00e9g\u00e9tal gr\u00e2ce au kit de fixation murale pour pots Clippy. Associe tes pots avec tes diff\u00e9rentes plantes et amuse-toi avec leur disposition sur ton mur. \u00c0 quoi ressemble ton jardin vertical id\u00e9al ? Des pots assortis ? Des plantes de la m\u00eame taille ? Tu es plut\u00f4t sym\u00e9trie et agencement lin\u00e9aire ou tu pr\u00e9f\u00e8res un aspect plus sauvage (grrr \ud83d\udc2f) ?<\/span><\/p>\n<h3><b>Une d\u00e9coration intelligente et pratique<\/b><\/h3>\n<p><span style=\"font-weight: 400;\">Clippy d\u00e9core ta maison avec des magnifiques feuillages tout en \u00e9conomisant de la place. Les fixations murales donnent vie \u00e0 ton balcon sans prendre trop d\u2019espace. Clippy t\u2019offrira une d\u00e9coration originale et \u00e9volutive \u00e0 tes murs tout blancs. Il est aussi parfait en ext\u00e9rieur pour d\u00e9corer un mur fade ou une cl\u00f4ture sans \u00e2me \ud83d\ude10.<\/span><\/p>\n<p><span style=\"font-weight: 400;\">Fais-nous confiance, cette petite arm\u00e9e de pots flottants deviendra ta d\u00e9co pr\u00e9f\u00e9r\u00e9e.<\/span><\/p>\n<h3><b>Caract\u00e9ristiques du kit de fixation murale Clippy<\/b><\/h3>\n<p><span style=\"font-weight: 400;\">&#8211; Ajustable. Permet de fixer des pots (avec un rebord) de tailles diff\u00e9rentes.<\/span><\/p>\n<p><span style=\"font-weight: 400;\">&#8211; D\u00e9coratif. Cr\u00e9e ton jardin vertical n\u2019importe o\u00f9, en int\u00e9rieur comme en ext\u00e9rieur.<\/span><\/p>\n<p><span style=\"font-weight: 400;\">&#8211; Installation facile. Peu d\u2019outils n\u00e9cessaires, tuto vid\u00e9o disponible (dans l\u2019onglet vid\u00e9o).<\/span><\/p>\n<p><span style=\"font-weight: 400;\">&#8211; Simple \u00e0 enlever. Tu peux poser et retirer tes pots facilement pour l\u2019arrosage ou l\u2019entretien.<\/span><\/p>\n","protected":false},"excerpt":{"rendered":"<h4><b>Tu r\u00eaves d\u2019un beau mur v\u00e9g\u00e9tal \ud83e\udd29\u202f? Gr\u00e2ce au Clippy, cr\u00e9e le tien en un clin d&#8217;\u0153il ! Utilise ce set de 5 fixations murales pour d\u00e9corer tes murs, balcon, et autres surfaces avec des plantes. Fini les murs vides et sans \u00e2me.<\/b><\/h4>\n<p><span style=\"font-weight: 400;\">Clippy est simple d\u2019utilisation. Il suffit de visser le Clippy (vis incluses) et d\u2019y glisser ton pot. Les Clippy sont ajustables pour permettre de fixer des pots de tailles diff\u00e9rentes (pots avec un rebord, par exemple le classique en terre cuite), de diam\u00e8tre \u00f8 18 \u00e0 22 cm.<\/span><\/p>\n<p><span style=\"font-weight: 400;\">Regarde notre tuto vid\u00e9o (dans l\u2019onglet vid\u00e9o) pour tous nos conseils pour attacher ta fixation en m\u00e9tal \u00e0 des murs diff\u00e9rents en bois, pl\u00e2tre ou b\u00e9ton. Le coffret contient aussi des bouchons en li\u00e8ge pour sceller les trous de drainage de diam\u00e8tre 17 \u00e0 22 mm. Pas de fuite sur le sol !<\/span><\/p>\n<p><span style=\"font-weight: 400;\">Une fois mont\u00e9s, si tes pots sont inclin\u00e9s, v\u00e9rifie que le Clippy est bien accroch\u00e9 au rebord. Tu peux ajuster facilement sa taille : pince les extr\u00e9mit\u00e9s du Clippy pour redresser les pots avec des rebords fins.<\/span><\/p>\n","protected":false},"featured_media":45104740,"comment_status":"open","ping_status":"closed","template":"","meta":{"_acf_changed":false},"product_brand":[],"product_cat":[23000813,23000507,14000280,23001002,23000515],"product_tag":[23000994,23000843,23001227,23001009,23000690],"giftcard-category":[],"class_list":{"0":"post-36045429","1":"product","2":"type-product","3":"status-publish","4":"has-post-thumbnail","6":"product_cat-idees-cadeaux-a-moins-de-25e","7":"product_cat-pots-fr","8":"product_cat-nos-supports-et-tuteurs","9":"product_cat-universal-products-fr","10":"product_cat-tous-les-produits","11":"product_tag-b2c-fr","12":"product_tag-fr-mailbox","13":"product_tag-retail-en-fr","14":"product_tag-universal_en-fr","15":"product_tag-wholesale-fr-fr-2","16":"product_shipping_class-mailbox-package-fr-2","18":"first","19":"instock","20":"taxable","21":"shipping-taxable","22":"purchasable","23":"product-type-simple","25":"catalog-layout-default","26":"columns-xs-1"},"bundled_by":[],"bundle_stock_status":"instock","bundle_stock_quantity":-375,"bundle_virtual":false,"bundle_layout":"","bundle_add_to_cart_form_location":"","bundle_editable_in_cart":false,"bundle_sold_individually_context":"","bundle_item_grouping":"","bundle_min_size":"","bundle_max_size":"","bundled_items":[],"bundle_sell_ids":[45090163,45090190],"acf":[],"gallery_images":[45104735,45104745,45104730,45104765,45104720,45104800,45104725,45104780,45104790,45104795,45104770,45104760,45104775,45104755,45107003,45107023,45107018,45107013,45107008],"_links":{"self":[{"href":"https:\/\/www.botanopia.com\/fr\/wp-json\/wp\/v2\/product\/36045429","targetHints":{"allow":["GET"]}}],"collection":[{"href":"https:\/\/www.botanopia.com\/fr\/wp-json\/wp\/v2\/product"}],"about":[{"href":"https:\/\/www.botanopia.com\/fr\/wp-json\/wp\/v2\/types\/product"}],"replies":[{"embeddable":true,"href":"https:\/\/www.botanopia.com\/fr\/wp-json\/wp\/v2\/comments?post=36045429"}],"wp:featuredmedia":[{"embeddable":true,"href":"https:\/\/www.botanopia.com\/fr\/wp-json\/wp\/v2\/media\/45104740"}],"wp:attachment":[{"href":"https:\/\/www.botanopia.com\/fr\/wp-json\/wp\/v2\/media?parent=36045429"}],"wp:term":[{"taxonomy":"product_brand","embeddable":true,"href":"https:\/\/www.botanopia.com\/fr\/wp-json\/wp\/v2\/product_brand?post=36045429"},{"taxonomy":"product_cat","embeddable":true,"href":"https:\/\/www.botanopia.com\/fr\/wp-json\/wp\/v2\/product_cat?post=36045429"},{"taxonomy":"product_tag","embeddable":true,"href":"https:\/\/www.botanopia.com\/fr\/wp-json\/wp\/v2\/product_tag?post=36045429"},{"taxonomy":"giftcard-category","embeddable":true,"href":"https:\/\/www.botanopia.com\/fr\/wp-json\/wp\/v2\/giftcard-category?post=36045429"}],"curies":[{"name":"wp","href":"https:\/\/api.w.org\/{rel}","templated":true}]}}