{"id":36049784,"date":"2020-05-01T08:39:21","date_gmt":"2020-05-01T06:39:21","guid":{"rendered":"https:\/\/www.botanopia.com\/shop\/non%20class\u00e9\/le-coffret-cyanotype-notre-kit-complet-pour-realiser-tes-superbes-impressions\/"},"modified":"2026-04-07T17:08:14","modified_gmt":"2026-04-07T15:08:14","slug":"kit-cyanotype","status":"publish","type":"product","link":"https:\/\/www.botanopia.com\/fr\/shop\/coffrets-cadeaux-et-kits-creatifs\/kit-cyanotype\/","title":{"rendered":"Le coffret Cyanotype &#8211; notre kit complet pour r\u00e9aliser de superbes impressions"},"content":{"rendered":"<h3><b>Cyano-quoi ? Cyanotype ! Mais qu\u2019est-ce que c\u2019est ?<\/b><\/h3>\n<p><span style=\"font-weight: 400;\">Le cyanotype est une technique d&#8217;impression photographique, r\u00e9alis\u00e9e \u00e0 l&#8217;aide de la lumi\u00e8re du soleil, qui produit une impression bleu cyan.<\/span><\/p>\n<p><span style=\"font-weight: 400;\">Ce proc\u00e9d\u00e9 a \u00e9t\u00e9 d\u00e9couvert en 1842 et a \u00e9t\u00e9 largement utilis\u00e9 par les artistes et les photographes, mais aussi par les ing\u00e9nieurs, pour cr\u00e9er des copies de dessins techniques \u00e0 un prix accessible.<\/span><\/p>\n<p><span style=\"font-weight: 400;\"><a href=\"https:\/\/fr.wikipedia.org\/wiki\/Anna_Atkins\" target=\"_blank\" rel=\"noopener\">Anna Atkins<\/a> est consid\u00e9r\u00e9e comme la premi\u00e8re femme photographe, et a publi\u00e9 un magnifique livre intitul\u00e9 Photographies d&#8217;algues britanniques : Impressions Cyanotype, qui documente les formes de vari\u00e9t\u00e9s d\u2019algues locales. Avec notre kit, tu peux utiliser exactement la m\u00eame technique pour cr\u00e9er tes propres impressions bleues avec des plantes.<\/span><\/p>\n<h3><b>Comment \u00e7a marche ?<\/b><\/h3>\n<p><span style=\"font-weight: 400;\">Avec notre kit pour Cyanotype, tu vas enduire une feuille de papier d\u2019\u00e9mulsion sensible \u00e0 la lumi\u00e8re. Trouve ensuite une jolie feuille \u00e0 utiliser comme mod\u00e8le, couvre-la avec le cadre en verre fourni et laisse la magie du soleil op\u00e9rer pour imprimer sur le papier.\u00a0<\/span><\/p>\n<p><span style=\"font-weight: 400;\">Les 200 ml d&#8217;\u00e9mulsion sont suffisants pour exposer non seulement les 24 cartes incluses, mais aussi bien plus encore. Tu peux ensuite l&#8217;essayer sur ton propre papier ou textile (fibres naturelles telles que le coton ou la soie), ou m\u00eame du bois ! Les produits actifs en poudre peuvent \u00eatre conserv\u00e9s pendant de nombreuses ann\u00e9es. Une fois m\u00e9lang\u00e9s, chaque flacon de solution peut \u00eatre conserv\u00e9 (s\u00e9par\u00e9ment) au moins un an.<\/span><\/p>\n<p><span style=\"font-weight: 400;\">Tu as d\u00e9j\u00e0 utilis\u00e9 tout ton kit et tu as envie de faire encore plus d\u2019impressions ? Nous avons un <a href=\"https:\/\/www.botanopia.com\/fr\/shop\/idees-cadeaux\/idees-cadeaux-a-moins-de-50e\/le-pack-recharge-pour-kit-cyanotype\/\">pack de recharge<\/a> disponible.<\/span><\/p>\n<h3><b>Bon \u00e0 savoir<\/b><\/h3>\n<p><span style=\"font-weight: 400;\">&#8211; Notre tutoriel vid\u00e9o est disponible avec des sous-titres fran\u00e7ais, anglais, n\u00e9erlandais et allemands.<\/span><\/p>\n<p><span style=\"font-weight: 400;\">&#8211; Fais preuve de cr\u00e9ativit\u00e9 ! Immortalise la beaut\u00e9 des plantes et cr\u00e9e e tes propres compositions.<\/span><\/p>\n<p><span style=\"font-weight: 400;\">&#8211; Une id\u00e9e de cadeau botanique. Rien n\u2019est plus attentionn\u00e9 qu\u2019une impression personnalis\u00e9e de sa fleur pr\u00e9f\u00e9r\u00e9e, faite par toi.<\/span><\/p>\n<p><span style=\"font-weight: 400;\">&#8211; Impression mod\u00e8le en bonus. Chaque kit contient \u00e9galement une impression d&#8217;un cyanotype fait par Botanopia, pour t\u2019inspirer.<\/span><\/p>\n","protected":false},"excerpt":{"rendered":"<h4><b>Ce kit est une introduction ludique dans le monde de l\u2019art. Cr\u00e9e tes propres impressions et d\u00e9couvre les joies du cyanotype, une technique facile et rapide qui utilise le pouvoir du soleil !<\/b><\/h4>\n<p><span style=\"font-weight: 400;\">Ce kit contient tous les mat\u00e9riaux n\u00e9cessaires pour produire de nombreuses et superbes impressions botaniques :<\/span><\/p>\n<p><span style=\"font-weight: 400;\">&#8211; Un livret d&#8217;instruction d\u00e9taill\u00e9 disponible en \ud83c\uddec\ud83c\udde7EN +\u00a0<em>\ud83c\udde9\ud83c\uddeaDE +\u00a0\ud83c\uddf3\ud83c\uddf1NL +\u00a0<\/em><em>\ud83c\uddeb\ud83c\uddf7FR<\/em><\/span><i><span style=\"font-weight: 400;\">\u00a0\u00a0<\/span><\/i><span style=\"font-weight: 400;\">(+ notre tutoriel vid\u00e9o)<\/span><\/p>\n<p><span style=\"font-weight: 400;\">&#8211; 200\u2009ml d&#8217;\u00e9mulsion de cyanotype &#8211; sous forme de poudre, il suffit d&#8217;ajouter de l&#8217;eau.<\/span><\/p>\n<p><span style=\"font-weight: 400;\">&#8211; Un cadre d&#8217;impression en verre<\/span><\/p>\n<p><span style=\"font-weight: 400;\">&#8211; 24 feuilles de papiers assortis avec diff\u00e9rentes textures<\/span><\/p>\n<p><span style=\"font-weight: 400;\">&#8211; Un pinceau en mousse<\/span><\/p>\n<p><span style=\"font-weight: 400;\">&#8211; Un gobelet doseur, un gobelet m\u00e9langeur et des gants jetables<\/span><\/p>\n<p><span style=\"font-weight: 400;\">Avec ce kit, tu pourras exprimer ta passion pour la nature et les plantes d\u2019une nouvelle fa\u00e7on. Suis la notice fournie pour immortaliser des petites feuilles, plantes et fleurs en d\u2019impressionnantes \u0153uvres d\u2019art pour ta d\u00e9co. Pas besoin de talent sp\u00e9cial ou d\u2019exp\u00e9rience en art, r\u00e9sultats magnifiques garantis \u00e0 chaque utilisation\u202f!<\/span><\/p>\n<p><span style=\"font-weight: 400;\">Pour cr\u00e9er ces impressions bleues avec des plantes, tu utilises une technique d\u2019impression photographique qui r\u00e9agit avec les rayons UV du soleil. Ce kit est alors une super activit\u00e9 manuelle en ext\u00e9rieur, \u00e0 faire en solo ou entre amis.<\/span><\/p>\n<p>Tu r\u00eaves de cr\u00e9er tes propres tirages d&#8217;art uniques ? Avec notre kit Cyanotype, tu as tout ce dont tu as besoin pour cr\u00e9er d&#8217;impressionnantes mini \u0153uvres d&#8217;art, \u00e0 la maison, en utilisant seulement le soleil et des petites feuilles ou plantes.<\/p>\n","protected":false},"featured_media":45078635,"comment_status":"open","ping_status":"closed","template":"","meta":{"_acf_changed":false},"product_brand":[],"product_cat":[19000432,23001806,23000510,23000816,23001002,23000515],"product_tag":[23000994,23000991,23001796,23001009,23000690],"giftcard-category":[],"class_list":{"0":"post-36049784","1":"product","2":"type-product","3":"status-publish","4":"has-post-thumbnail","6":"product_cat-coffrets-cadeaux-et-kits-creatifs","7":"product_cat-bestsellers-de-printemps","8":"product_cat-cyanotypes-fr","9":"product_cat-idees-cadeaux-a-moins-de-50e","10":"product_cat-universal-products-fr","11":"product_cat-tous-les-produits","12":"product_tag-b2c-fr","13":"product_tag-fr-package","14":"product_tag-retail-2-fr","15":"product_tag-universal_en-fr","16":"product_tag-wholesale-fr-fr-2","17":"product_shipping_class-not-mailbox-fr","19":"first","20":"outofstock","21":"taxable","22":"shipping-taxable","23":"purchasable","24":"product-type-simple","26":"catalog-layout-default","27":"columns-xs-1"},"bundled_by":[],"bundle_stock_status":"instock","bundle_stock_quantity":-1656,"bundle_virtual":false,"bundle_layout":"","bundle_add_to_cart_form_location":"","bundle_editable_in_cart":false,"bundle_sold_individually_context":"","bundle_item_grouping":"","bundle_min_size":"","bundle_max_size":"","bundled_items":[],"bundle_sell_ids":[45090388,45090382],"acf":[],"gallery_images":[45078643,45077647,45078659,45077639,45077623,45077635,45077643,45077619],"_links":{"self":[{"href":"https:\/\/www.botanopia.com\/fr\/wp-json\/wp\/v2\/product\/36049784","targetHints":{"allow":["GET"]}}],"collection":[{"href":"https:\/\/www.botanopia.com\/fr\/wp-json\/wp\/v2\/product"}],"about":[{"href":"https:\/\/www.botanopia.com\/fr\/wp-json\/wp\/v2\/types\/product"}],"replies":[{"embeddable":true,"href":"https:\/\/www.botanopia.com\/fr\/wp-json\/wp\/v2\/comments?post=36049784"}],"wp:featuredmedia":[{"embeddable":true,"href":"https:\/\/www.botanopia.com\/fr\/wp-json\/wp\/v2\/media\/45078635"}],"wp:attachment":[{"href":"https:\/\/www.botanopia.com\/fr\/wp-json\/wp\/v2\/media?parent=36049784"}],"wp:term":[{"taxonomy":"product_brand","embeddable":true,"href":"https:\/\/www.botanopia.com\/fr\/wp-json\/wp\/v2\/product_brand?post=36049784"},{"taxonomy":"product_cat","embeddable":true,"href":"https:\/\/www.botanopia.com\/fr\/wp-json\/wp\/v2\/product_cat?post=36049784"},{"taxonomy":"product_tag","embeddable":true,"href":"https:\/\/www.botanopia.com\/fr\/wp-json\/wp\/v2\/product_tag?post=36049784"},{"taxonomy":"giftcard-category","embeddable":true,"href":"https:\/\/www.botanopia.com\/fr\/wp-json\/wp\/v2\/giftcard-category?post=36049784"}],"curies":[{"name":"wp","href":"https:\/\/api.w.org\/{rel}","templated":true}]}}