{"id":41061391,"date":"2019-05-30T17:41:41","date_gmt":"2019-05-30T15:41:41","guid":{"rendered":"https:\/\/www.botanopia.com\/?post_type=product&#038;p=41061391"},"modified":"2026-02-16T11:34:17","modified_gmt":"2026-02-16T09:34:17","slug":"mini-camping-pour-tes-plantes","status":"publish","type":"product","link":"https:\/\/www.botanopia.com\/fr\/shop\/idees-cadeaux\/idees-cadeaux-a-moins-de-25e\/mini-camping-pour-tes-plantes\/","title":{"rendered":"Mini Camping pour tes plantes"},"content":{"rendered":"<h3><b>Relaxe-toi au milieu de la nature<\/b><\/h3>\n<p><span style=\"font-weight: 400;\">Ce kit mini camping est comme un voyage loin de la ville dans la destination de tes r\u00eaves. Fais une pause dans ta petite routine, en assemblant ces mini-accessoires en laiton dor\u00e9 tr\u00e8s d\u00e9taill\u00e9s. Regarde notre tuto vid\u00e9o (dans l\u2019onglet vid\u00e9o) pour te pr\u00e9parer \u00e0 la construction de ton kit DIY dans une ambiance zen. Quitte la vie urbaine tr\u00e9pidante pour te d\u00e9tendre au plus profond de la for\u00eat. Monte ta tente, fais un petit feu, et joue de la guitare pour tous les animaux qui t&#8217;entourent. Ton cano\u00eb et ton hamac peuvent t&#8217;emmener en voyage, soit sur la rivi\u00e8re, soit dans tes r\u00eaves&#8230;<\/span><\/p>\n<h3><b>D\u00e9corations v\u00e9g\u00e9tales en laiton brillant<\/b><\/h3>\n<p><span style=\"font-weight: 400;\">&#8211; Peut \u00eatre utilis\u00e9 en int\u00e9rieur comme en ext\u00e9rieur gr\u00e2ce \u00e0 son rev\u00eatement protecteur.<\/span><\/p>\n<p><span style=\"font-weight: 400;\">&#8211; Les \u00e9l\u00e9ments du kit mini camping sont exp\u00e9di\u00e9s \u00e0 plat, dans un emballage compact. Un cadeau mimi \u00e0 glisser dans une bo\u00eete aux lettres.<\/span><\/p>\n<p><span style=\"font-weight: 400;\">&#8211; D\u00e9bordant d\u2019histoires. Ce set contient plein d\u2019\u00e9l\u00e9ments s\u00e9par\u00e9s et peut servir pour d\u00e9corer plusieurs pots.<\/span><\/p>\n","protected":false},"excerpt":{"rendered":"<h4><b>Habille-toi chaudement, prends ta tente, et surtout n\u2019oublie pas les marshmallows, on va au camping ! Assemble ton kit mini camping dans ton pot pr\u00e9f\u00e9r\u00e9 et admire le spectacle magique du laiton dor\u00e9 briller au clair de lune.<\/b><\/h4>\n<p><span style=\"font-weight: 400;\">Assemble ces mini accessoires DIY pour un moment de d\u00e9tente. Ces petits accessoires brillants sont parfaits pour d\u00e9corer des pots de plante ou des terrariums. Ils seront aussi le d\u00e9cor de tes r\u00eaves de camping et d\u2019\u00e9vasion. Pour te donner une id\u00e9e, la tente seule fait 3 x 3 x 5,2\u2009cm.<\/span><\/p>\n<p><span style=\"font-weight: 400;\">Ce set contient tout le n\u00e9cessaire pour un voyage m\u00e9morable. Commen\u00e7ons par la base : une tente, un hamac, une cafeti\u00e8re, une hache et des marshmallows. Tes jumelles pour observer les oiseaux, un cano\u00eb pour naviguer dans la rivi\u00e8re et une guitare pour pousser la chansonnette. Ton feu de camp pourrait m\u00eame attirer des animaux sauvages : un pivert, un ours, 2 chevreuils, un h\u00e9risson, une grenouille, un renard et un lapin sont inclus. Si ton terrain de camping est trop petit, tu pourras disperser tes \u00e9l\u00e9ments en laiton dans plusieurs pots.<\/span><\/p>\n<p><span style=\"font-weight: 400;\">Suis nos instructions vid\u00e9o ci-dessous (dans l\u2019onglet vid\u00e9o) pour assembler ton Mini Camping.<\/span><\/p>\n<p><span style=\"font-weight: 400;\">Nos autres sets disponibles : <a href=\"https:\/\/www.botanopia.com\/fr\/shop\/idees-cadeaux\/idees-cadeaux-a-moins-de-25e\/mini-velo-pour-tes-plantes\/\">Mini aventure \u00e0 v\u00e9lo<\/a>, <a href=\"https:\/\/www.botanopia.com\/fr\/shop\/idees-cadeaux\/idees-cadeaux-a-moins-de-25e\/mini-cabane-pour-plantes\/\">Mini cabane<\/a>, <a href=\"https:\/\/www.botanopia.com\/fr\/shop\/idees-cadeaux\/idees-cadeaux-a-moins-de-25e\/mini-nichoir-a-oiseaux-en-metal-dore-pour-tes-plantes\/\">Mini nichoir<\/a> et d\u2019autres accessoires d\u00e9coratifs botaniques \u00e0 utiliser en int\u00e9rieur comme en ext\u00e9rieur.<\/span><\/p>\n","protected":false},"featured_media":45083026,"comment_status":"open","ping_status":"closed","template":"","meta":{"_acf_changed":false},"product_brand":[],"product_cat":[23000813,14000279,23001002,23000515],"product_tag":[23000994,23000843,23001227,23001009,23000690],"giftcard-category":[],"class_list":{"0":"post-41061391","1":"product","2":"type-product","3":"status-publish","4":"has-post-thumbnail","6":"product_cat-idees-cadeaux-a-moins-de-25e","7":"product_cat-nos-accessoires-botaniques","8":"product_cat-universal-products-fr","9":"product_cat-tous-les-produits","10":"product_tag-b2c-fr","11":"product_tag-fr-mailbox","12":"product_tag-retail-en-fr","13":"product_tag-universal_en-fr","14":"product_tag-wholesale-fr-fr-2","15":"product_shipping_class-mailbox-package-fr-2","17":"first","18":"outofstock","19":"taxable","20":"shipping-taxable","21":"purchasable","22":"product-type-simple","24":"catalog-layout-default","25":"columns-xs-1"},"bundled_by":[],"bundle_stock_status":"instock","bundle_stock_quantity":-1653,"bundle_virtual":false,"bundle_layout":"","bundle_add_to_cart_form_location":"","bundle_editable_in_cart":false,"bundle_sold_individually_context":"","bundle_item_grouping":"","bundle_min_size":"","bundle_max_size":"","bundled_items":[],"bundle_sell_ids":[6005046,6005043],"acf":[],"gallery_images":[45076713,45078014,45106983,45076689,45078018,41061431,45077994,45105611,45105606,45105616],"_links":{"self":[{"href":"https:\/\/www.botanopia.com\/fr\/wp-json\/wp\/v2\/product\/41061391","targetHints":{"allow":["GET"]}}],"collection":[{"href":"https:\/\/www.botanopia.com\/fr\/wp-json\/wp\/v2\/product"}],"about":[{"href":"https:\/\/www.botanopia.com\/fr\/wp-json\/wp\/v2\/types\/product"}],"replies":[{"embeddable":true,"href":"https:\/\/www.botanopia.com\/fr\/wp-json\/wp\/v2\/comments?post=41061391"}],"wp:featuredmedia":[{"embeddable":true,"href":"https:\/\/www.botanopia.com\/fr\/wp-json\/wp\/v2\/media\/45083026"}],"wp:attachment":[{"href":"https:\/\/www.botanopia.com\/fr\/wp-json\/wp\/v2\/media?parent=41061391"}],"wp:term":[{"taxonomy":"product_brand","embeddable":true,"href":"https:\/\/www.botanopia.com\/fr\/wp-json\/wp\/v2\/product_brand?post=41061391"},{"taxonomy":"product_cat","embeddable":true,"href":"https:\/\/www.botanopia.com\/fr\/wp-json\/wp\/v2\/product_cat?post=41061391"},{"taxonomy":"product_tag","embeddable":true,"href":"https:\/\/www.botanopia.com\/fr\/wp-json\/wp\/v2\/product_tag?post=41061391"},{"taxonomy":"giftcard-category","embeddable":true,"href":"https:\/\/www.botanopia.com\/fr\/wp-json\/wp\/v2\/giftcard-category?post=41061391"}],"curies":[{"name":"wp","href":"https:\/\/api.w.org\/{rel}","templated":true}]}}