{"id":45064250,"date":"2020-05-01T21:50:18","date_gmt":"2020-05-01T19:50:18","guid":{"rendered":"https:\/\/www.botanopia.com\/shop\/non%20class\u00e9\/le-pack-recharge-pour-kit-cyanotype\/"},"modified":"2026-01-09T12:32:01","modified_gmt":"2026-01-09T10:32:01","slug":"le-pack-recharge-pour-kit-cyanotype","status":"publish","type":"product","link":"https:\/\/www.botanopia.com\/fr\/shop\/cyanotypes-fr\/le-pack-recharge-pour-kit-cyanotype\/","title":{"rendered":"Le Pack Recharge pour kit cyanotype"},"content":{"rendered":"<p>Les 200ml d&#8217;\u00e9mulsion sont largement suffisants pour exposer non seulement les 50 feuilles incluses. Vous pouvez utiliser l&#8217;\u00e9mulsion suppl\u00e9mentaire et essayer de r\u00e9aliser des cyanotypes sur vos propres textiles (fibres naturelles telles que le coton ou la soie) ou d&#8217;autres types de papiers dont vous disposez. Les composants sous forme de poudre peuvent \u00eatre conserv\u00e9s pendant plusieurs ann\u00e9es. Une fois pr\u00e9par\u00e9e avec de l&#8217;eau, chaque bouteille de solution peut \u00eatre conserv\u00e9e (s\u00e9par\u00e9ment) pendant un an environ.<\/p>\n<p>Nous avons cr\u00e9\u00e9 une vid\u00e9o d\u00e9taill\u00e9e pour vous montrer comment recharger votre kit d&#8217;origine (voir l&#8217;onglet vid\u00e9o).<\/p>\n<p>Les deux produits chimiques n\u00e9cessaires pour votre \u00e9mulsion cyanotype sont inclus : le citrate de fer ammoniacal vert et le ferricyanure de potassium.<\/p>\n<p>Vous serez pr\u00eat en un rien de temps pour continuer \u00e0 r\u00e9aliser des \u0153uvres et des impressions bleues encore plus \u00e9patantes, \u00e0 encadrer ou \u00e0 partager avec vos proches.<\/p>\n","protected":false},"excerpt":{"rendered":"<p>Vous avez appr\u00e9ci\u00e9 votre <a href=\"https:\/\/www.botanopia.com\/shop\/coffrets-cadeaux-et-kits-creatifs\/le-coffret-cyanotype-notre-kit-complet-pour-realiser-tes-superbes-impressions\/?lang=fr\">coffret d\u00e9couverte Cyanotype<\/a>, et vous aimeriez prolonger le plaisir et cr\u00e9er encore plus de magnifiques impressions bleues ?<\/p>\n<p>Nous avons un pack de recharge pour vous. Il contient du nouveau papier et les 2 solutions de cyanotype (A+B) sous forme de poudre, afin que vous puissiez recharger les flacons originaux de votre kit.<\/p>\n<p>Le Pack Recharge contient :<\/p>\n<ul>\n<li>&#8211; Instructions de rechargement en \ud83c\uddec\ud83c\udde7EN + &gt;\ud83c\udde9\ud83c\uddeaDE + \ud83c\uddf3\ud83c\uddf1NL + \ud83c\uddeb\ud83c\uddf7FR ( + lien vers la vid\u00e9o de d\u00e9monstration)<\/li>\n<li>&#8211; 200ml d&#8217;\u00e9mulsion cyanotype &#8211; sous forme de poudre, il suffit d&#8217;ajouter de l&#8217;eau<\/li>\n<li>&#8211; 50 feuilles de papiers assortis avec diff\u00e9rentes textures<\/li>\n<li>&#8211; Gants jetables et entonnoirs en papier<\/li>\n<\/ul>\n<p>Une fois votre kit recharg\u00e9, vous serez pr\u00eat \u00e0 r\u00e9aliser des cyanotypes botaniques encore plus beaux \u00e0 la maison, sans chambre noire. Utilisez la lumi\u00e8re du soleil, et votre s\u00e9lection de plantes et de fleurs.<\/p>\n","protected":false},"featured_media":45078434,"comment_status":"open","ping_status":"closed","template":"","meta":{"_acf_changed":false},"product_brand":[],"product_cat":[23000510,23000816,23001002,23000515],"product_tag":[23000994,23000843,23001227,23001009,23000690],"giftcard-category":[],"class_list":{"0":"post-45064250","1":"product","2":"type-product","3":"status-publish","4":"has-post-thumbnail","6":"product_cat-cyanotypes-fr","7":"product_cat-idees-cadeaux-a-moins-de-50e","8":"product_cat-universal-products-fr","9":"product_cat-tous-les-produits","10":"product_tag-b2c-fr","11":"product_tag-fr-mailbox","12":"product_tag-retail-en-fr","13":"product_tag-universal_en-fr","14":"product_tag-wholesale-fr-fr-2","15":"product_shipping_class-mailbox-package-fr-2","17":"first","18":"instock","19":"taxable","20":"shipping-taxable","21":"purchasable","22":"product-type-simple","24":"catalog-layout-default","25":"columns-xs-1"},"bundled_by":[],"bundle_stock_status":"instock","bundle_stock_quantity":-42,"bundle_virtual":false,"bundle_layout":"","bundle_add_to_cart_form_location":"","bundle_editable_in_cart":false,"bundle_sold_individually_context":"","bundle_item_grouping":"","bundle_min_size":"","bundle_max_size":"","bundled_items":[],"bundle_sell_ids":[45090163,45090615],"acf":[],"gallery_images":[45078438,45078442],"_links":{"self":[{"href":"https:\/\/www.botanopia.com\/fr\/wp-json\/wp\/v2\/product\/45064250","targetHints":{"allow":["GET"]}}],"collection":[{"href":"https:\/\/www.botanopia.com\/fr\/wp-json\/wp\/v2\/product"}],"about":[{"href":"https:\/\/www.botanopia.com\/fr\/wp-json\/wp\/v2\/types\/product"}],"replies":[{"embeddable":true,"href":"https:\/\/www.botanopia.com\/fr\/wp-json\/wp\/v2\/comments?post=45064250"}],"wp:featuredmedia":[{"embeddable":true,"href":"https:\/\/www.botanopia.com\/fr\/wp-json\/wp\/v2\/media\/45078434"}],"wp:attachment":[{"href":"https:\/\/www.botanopia.com\/fr\/wp-json\/wp\/v2\/media?parent=45064250"}],"wp:term":[{"taxonomy":"product_brand","embeddable":true,"href":"https:\/\/www.botanopia.com\/fr\/wp-json\/wp\/v2\/product_brand?post=45064250"},{"taxonomy":"product_cat","embeddable":true,"href":"https:\/\/www.botanopia.com\/fr\/wp-json\/wp\/v2\/product_cat?post=45064250"},{"taxonomy":"product_tag","embeddable":true,"href":"https:\/\/www.botanopia.com\/fr\/wp-json\/wp\/v2\/product_tag?post=45064250"},{"taxonomy":"giftcard-category","embeddable":true,"href":"https:\/\/www.botanopia.com\/fr\/wp-json\/wp\/v2\/giftcard-category?post=45064250"}],"curies":[{"name":"wp","href":"https:\/\/api.w.org\/{rel}","templated":true}]}}