{"id":45069022,"date":"2021-09-09T14:35:21","date_gmt":"2021-09-09T12:35:21","guid":{"rendered":"https:\/\/www.botanopia.com\/wp-content\/uploads\/2021\/09\/Embroidered-patches-Botanopia-aroids.jpg"},"modified":"2026-05-04T09:51:01","modified_gmt":"2026-05-04T07:51:01","slug":"broches-brodees-feuilles-tropicales","status":"publish","type":"product","link":"https:\/\/www.botanopia.com\/fr\/shop\/broches-brodees-pins\/broches-brodees-feuilles-tropicales\/","title":{"rendered":"Broches brod\u00e9es dor\u00e9es &#8211; 3 feuilles tropicales"},"content":{"rendered":"<h3>Comment les utiliser<\/h3>\n<p><br class=\"\u201cxliff-newline\u201d\" \/>Rien de plus facile. Retire l\u2019attache \u00e0 l\u2019arri\u00e8re de chaque broche, pour pouvoir l\u2019\u00e9pingler sur n\u2019importe quel v\u00eatement et la fixer en place sur l\u2019autre c\u00f4t\u00e9 du tissu. Mais n\u2019oublie pas de les enlever avant leur passage en machine !<\/p>\n<h3>Camoufle toute tache ou trou dans tes v\u00eatements pr\u00e9f\u00e9r\u00e9s.<\/h3>\n<p><br class=\"\u201cxliff-newline\u201d\" \/>Tu as fait une tache de sauce tomate sur ton plus beau chemisier blanc ? Ou une mite c\u2019est fait un casse-cro\u00fbte de ton pull douillet ? Couvre trous et taches avec ces jolies broches et personne ne s\u2019en rendra compte. Le r\u00e9sultat sera plus naturel si tu regroupes plusieurs feuilles autour de la zone\u2026 Motus et bouche cousue, personne n\u2019en saura rien.<\/p>\n<h3>Fais partie du club<\/h3>\n<p><br class=\"\u201cxliff-newline\u201d\" \/>Tu es fan de plantes, ou tu connais quelqu\u2019un qui l\u2019est ? C\u2019est le cadeau parfait pour montrer ta passion pour toutes les plantes, mais en particulier pour la populaire famille des aro\u00efdes. Ce set contient 3 des aro\u00efdes les plus connues : Une feuille de Monstera Deliciosa, une feuille de Philodendron Xanadu et une feuille de Philodendron Squamiferum. Et si tu ne les as pas encore dans ta collection de plantes, tu peux commencer avec cette version miniature. Pas besoin d\u2019arroser !<br class=\"\u201cxliff-newline\u201d\" \/><br class=\"\u201cxliff-newline\u201d\" \/><\/p>\n","protected":false},"excerpt":{"rendered":"<p><b>Cr\u00e9e une jungle scintillante sur toutes tes tenues ! <\/b><\/p>\n<p>Rumpelstiltskin a peut-\u00eatre fil\u00e9 du fil d&rsquo;or dans le conte de f\u00e9es classique, nous l&rsquo;utilisons pour broder ces jolies broches. Elles sont aussi sympas \u00e0 fabriquer qu&rsquo;\u00e0 regarder. Nous les brodons sur un tissu sp\u00e9cial qui se dissout dans l&rsquo;eau. Apr\u00e8s un bon lavage, pouf, le fond a disparu ! Il ne reste que des feuilles dor\u00e9es pr\u00eates \u00e0 fleurir ta tenue.<\/p>\n<p>La bo\u00eete contient trois feuilles diff\u00e9rentes, chacune ayant sa propre personnalit\u00e9. Regroupe-les ensemble pour attirer tous les regards, ou ajoute-les une par une \u00e0 un col, un chapeau ou un sac pour un peu plus de style.<\/p>\n<p>Les \u00e9pingles sont emball\u00e9es dans une bo\u00eete en carton chic, pr\u00eate \u00e0 offrir.<\/p>\n<p>Trop grand \u00e0 ton go\u00fbt ? Nous avons aussi un trio de <a href=\"https:\/\/www.botanopia.com\/fr\/shop\/broches-brodees-pins\/broches-brodees-dorees-botanopia-trio-dinsectes\/\">petites broches en forme d\u2019insectes<\/a> qui pourraient te plaire.<\/p>\n<div id=\"gtx-trans\" style=\"position: absolute; left: -25px; top: 237px;\">\n<div class=\"gtx-trans-icon\"><\/div>\n<\/div>\n","protected":false},"featured_media":45079716,"comment_status":"open","ping_status":"closed","template":"","meta":{"_acf_changed":false},"product_brand":[],"product_cat":[23001053,23001806,23000813,14000279,23000515],"product_tag":[23000994,23001796,23000690],"giftcard-category":[],"class_list":{"0":"post-45069022","1":"product","2":"type-product","3":"status-publish","4":"has-post-thumbnail","6":"product_cat-broches-brodees-pins","7":"product_cat-bestsellers-de-printemps","8":"product_cat-idees-cadeaux-a-moins-de-25e","9":"product_cat-nos-accessoires-botaniques","10":"product_cat-tous-les-produits","11":"product_tag-b2c-fr","12":"product_tag-retail-2-fr","13":"product_tag-wholesale-fr-fr-2","14":"product_shipping_class-mailbox-package-fr-2","16":"first","17":"instock","18":"taxable","19":"shipping-taxable","20":"purchasable","21":"product-type-simple","23":"catalog-layout-default","24":"columns-xs-1"},"bundled_by":[],"bundle_stock_status":"instock","bundle_stock_quantity":-604,"bundle_virtual":false,"bundle_layout":"","bundle_add_to_cart_form_location":"","bundle_editable_in_cart":false,"bundle_sold_individually_context":"","bundle_item_grouping":"","bundle_min_size":"","bundle_max_size":"","bundled_items":[],"bundle_sell_ids":[],"acf":[],"gallery_images":[45089660,45079926,45079712,45079350,45079708,45079374,45079346,45088236,45079386,45088224,45079382,45079378,45081131,45116791],"_links":{"self":[{"href":"https:\/\/www.botanopia.com\/fr\/wp-json\/wp\/v2\/product\/45069022","targetHints":{"allow":["GET"]}}],"collection":[{"href":"https:\/\/www.botanopia.com\/fr\/wp-json\/wp\/v2\/product"}],"about":[{"href":"https:\/\/www.botanopia.com\/fr\/wp-json\/wp\/v2\/types\/product"}],"replies":[{"embeddable":true,"href":"https:\/\/www.botanopia.com\/fr\/wp-json\/wp\/v2\/comments?post=45069022"}],"wp:featuredmedia":[{"embeddable":true,"href":"https:\/\/www.botanopia.com\/fr\/wp-json\/wp\/v2\/media\/45079716"}],"wp:attachment":[{"href":"https:\/\/www.botanopia.com\/fr\/wp-json\/wp\/v2\/media?parent=45069022"}],"wp:term":[{"taxonomy":"product_brand","embeddable":true,"href":"https:\/\/www.botanopia.com\/fr\/wp-json\/wp\/v2\/product_brand?post=45069022"},{"taxonomy":"product_cat","embeddable":true,"href":"https:\/\/www.botanopia.com\/fr\/wp-json\/wp\/v2\/product_cat?post=45069022"},{"taxonomy":"product_tag","embeddable":true,"href":"https:\/\/www.botanopia.com\/fr\/wp-json\/wp\/v2\/product_tag?post=45069022"},{"taxonomy":"giftcard-category","embeddable":true,"href":"https:\/\/www.botanopia.com\/fr\/wp-json\/wp\/v2\/giftcard-category?post=45069022"}],"curies":[{"name":"wp","href":"https:\/\/api.w.org\/{rel}","templated":true}]}}