{"id":45069854,"date":"2021-09-09T13:31:28","date_gmt":"2021-09-09T11:31:28","guid":{"rendered":"https:\/\/www.botanopia.com\/shop\/non%20class\u00e9\/le-coffret-entretien\/"},"modified":"2026-04-29T20:43:30","modified_gmt":"2026-04-29T18:43:30","slug":"le-coffret-entretien","status":"publish","type":"product","link":"https:\/\/www.botanopia.com\/fr\/shop\/coffrets-cadeaux-et-kits-creatifs\/le-coffret-entretien\/","title":{"rendered":"Le coffret entretien pour que tes plantes t&rsquo;aiment aussi"},"content":{"rendered":"<h3><b>Prends soin de ton terreau<\/b><\/h3>\n<p><span style=\"font-weight: 400;\">Les d\u00e9butants des plantes pensent souvent que surveiller les feuilles et arroser la terre est suffisant pour s\u2019occuper de ses plantes. Heureusement, nous sommes l\u00e0 pour te rappeler que le terreau aussi a besoin d\u2019entretien ! Si \u00e7a te semble trop compliqu\u00e9, ce kit d\u2019entretien des plantes est parfait pour toi. \u00c7a devient un vrai jeu d\u2019enfant de s\u2019occuper de tes plantes d\u2019int\u00e9rieur et de leur terreau. Ce coffret contient tout ce dont tu as besoin pour tailler, nourrir, hydrater et prot\u00e9ger tes plantes.<\/span><\/p>\n<h3><b>Ce kit est parfait pour :<\/b><\/h3>\n<p><span style=\"font-weight: 400;\">&#8211; Tous les fans de plantes avec un jardin urbain. Refais ton stock d\u2019outils d\u2019entretien en 1 coffret.<\/span><\/p>\n<p><span style=\"font-weight: 400;\">&#8211; Les nouveaux parents de b\u00e9b\u00e9s plantes \ud83c\udf31. Guide d\u00e9taill\u00e9 rempli de conseils inclus.<\/span><\/p>\n<p><span style=\"font-weight: 400;\">&#8211; Ta famille et tes amis \u00e0 la recherche d\u2019un cadeau v\u00e9g\u00e9tal et cr\u00e9atif, dans un joli paquet.<\/span><\/p>\n","protected":false},"excerpt":{"rendered":"<h4><b>Tu as une \u201cplant care routine\u201d \ud83d\udc85 ? De l\u2019eau et des mots doux, c&rsquo;est la base. Mais tu peux faire tellement plus pour garder tes plantes d\u2019int\u00e9rieur en bonne sant\u00e9.<\/b><\/h4>\n<p><span style=\"font-weight: 400;\">Tu retrouveras dans ce coffret d\u2019entretien pour plantes tous les outils et la nutrition n\u00e9cessaire pour pr\u00e9server ta jungle d\u2019int\u00e9rieur :<\/span><\/p>\n<p><span style=\"font-weight: 400;\">&#8211; 1 bouteille d\u2019engrais biologique complet de 50 mL, pour nourrir tes plantes pendant leur croissance, que leurs racines poussent dans l&rsquo;eau ou dans la terre.<\/span><\/p>\n<p><span style=\"font-weight: 400;\">&#8211;\u00a0 1 bouteille de 100\u2009mL d&rsquo;huile de Neem, pr\u00eate \u00e0 \u00eatre m\u00e9lang\u00e9e.<\/span><\/p>\n<p><span style=\"font-weight: 400;\">&#8211; 1 flacon pulv\u00e9risateur en verre de 250 mL \u00e0 utiliser pour vaporiser ton huile de Neem.<\/span><\/p>\n<p><span style=\"font-weight: 400;\">&#8211; 1 ciseaux \u00e0 bonsa\u00ef pour tailler tes plantes.<\/span><\/p>\n<p><span style=\"font-weight: 400;\">&#8211; Un guide d\u00e9taill\u00e9 disponible en \ud83c\uddec\ud83c\udde7EN +\u00a0<em>\ud83c\udde9\ud83c\uddeaDE +\u00a0\ud83c\uddf3\ud83c\uddf1NL +\u00a0<\/em><em>\ud83c\uddeb\ud83c\uddf7FR<\/em><\/span><i><span style=\"font-weight: 400;\">\u00a0\u00a0<\/span><\/i><span style=\"font-weight: 400;\">(+ notre tutoriel vid\u00e9o)<\/span> avec nos meilleurs conseils pour prendre soin de tes plantes.<\/p>\n<p><span style=\"font-weight: 400;\">Traduction pour les d\u00e9butants \ud83e\udd13 : De l\u2019engrais bio plein de nutriments + un traitement protecteur pour tes feuilles, facile \u00e0 appliquer avec un vaporisateur. Il y a aussi des ciseaux affut\u00e9s pour tailler et donner une jolie forme \u00e0 tes plantes et pour favoriser leur croissance. Et enfin, un petit guide d\u00e9bordant d\u2019informations pour t\u2019accompagner dans cette aventure botanique.<\/span><\/p>\n<p><span style=\"font-weight: 400;\">Ton kit d\u2019entretien pour plantes est plac\u00e9 dans une jolie bo\u00eete noire et dor\u00e9e, parfait pour offrir. Tu pr\u00e9f\u00e8res commander \u00e0 la carte ? Tu peux aussi acheter les \u00e9l\u00e9ments de ce coffret individuellement.<\/span><\/p>\n<p><span style=\"font-weight: 400;\">NB : Ce produit ne peut \u00eatre exp\u00e9di\u00e9 qu&rsquo;\u00e0 des adresses au sein de l&rsquo;Union europ\u00e9enne.<\/span><\/p>\n","protected":false},"featured_media":45071670,"comment_status":"open","ping_status":"closed","template":"","meta":{"_acf_changed":false},"product_brand":[],"product_cat":[19000432,23001806,23000816,14000278,19000416,23000515],"product_tag":[23000994,23000989,23000991,23001796,23000690],"giftcard-category":[],"class_list":{"0":"post-45069854","1":"product","2":"type-product","3":"status-publish","4":"has-post-thumbnail","6":"product_cat-coffrets-cadeaux-et-kits-creatifs","7":"product_cat-bestsellers-de-printemps","8":"product_cat-idees-cadeaux-a-moins-de-50e","9":"product_cat-nos-engrais-biologiques","10":"product_cat-outils","11":"product_cat-tous-les-produits","12":"product_tag-b2c-fr","13":"product_tag-eu-only-fr","14":"product_tag-fr-package","15":"product_tag-retail-2-fr","16":"product_tag-wholesale-fr-fr-2","17":"product_shipping_class-not-mailbox-fr","19":"first","20":"instock","21":"taxable","22":"shipping-taxable","23":"purchasable","24":"product-type-simple","26":"catalog-layout-default","27":"columns-xs-1"},"bundled_by":[],"bundle_stock_status":"outofstock","bundle_stock_quantity":-825,"bundle_virtual":false,"bundle_layout":"","bundle_add_to_cart_form_location":"","bundle_editable_in_cart":false,"bundle_sold_individually_context":"","bundle_item_grouping":"","bundle_min_size":"","bundle_max_size":"","bundled_items":[],"bundle_sell_ids":[45090190,45090262],"acf":[],"gallery_images":[45071666,45078153,45070009,45071658,45070013,45105215,45105210,45105220],"_links":{"self":[{"href":"https:\/\/www.botanopia.com\/fr\/wp-json\/wp\/v2\/product\/45069854","targetHints":{"allow":["GET"]}}],"collection":[{"href":"https:\/\/www.botanopia.com\/fr\/wp-json\/wp\/v2\/product"}],"about":[{"href":"https:\/\/www.botanopia.com\/fr\/wp-json\/wp\/v2\/types\/product"}],"replies":[{"embeddable":true,"href":"https:\/\/www.botanopia.com\/fr\/wp-json\/wp\/v2\/comments?post=45069854"}],"wp:featuredmedia":[{"embeddable":true,"href":"https:\/\/www.botanopia.com\/fr\/wp-json\/wp\/v2\/media\/45071670"}],"wp:attachment":[{"href":"https:\/\/www.botanopia.com\/fr\/wp-json\/wp\/v2\/media?parent=45069854"}],"wp:term":[{"taxonomy":"product_brand","embeddable":true,"href":"https:\/\/www.botanopia.com\/fr\/wp-json\/wp\/v2\/product_brand?post=45069854"},{"taxonomy":"product_cat","embeddable":true,"href":"https:\/\/www.botanopia.com\/fr\/wp-json\/wp\/v2\/product_cat?post=45069854"},{"taxonomy":"product_tag","embeddable":true,"href":"https:\/\/www.botanopia.com\/fr\/wp-json\/wp\/v2\/product_tag?post=45069854"},{"taxonomy":"giftcard-category","embeddable":true,"href":"https:\/\/www.botanopia.com\/fr\/wp-json\/wp\/v2\/giftcard-category?post=45069854"}],"curies":[{"name":"wp","href":"https:\/\/api.w.org\/{rel}","templated":true}]}}