{"id":45070233,"date":"2021-09-09T09:33:35","date_gmt":"2021-09-09T09:33:35","guid":{"rendered":"https:\/\/www.botanopia.com\/shop\/non%20class\u00e9\/melange-de-graines-pour-fleurs-grimpantes\/"},"modified":"2025-12-08T22:34:54","modified_gmt":"2025-12-08T20:34:54","slug":"melange-de-graines-pour-fleurs-grimpantes","status":"publish","type":"product","link":"https:\/\/www.botanopia.com\/fr\/shop\/idees-cadeaux\/idees-cadeaux-a-moins-de-15e\/melange-de-graines-pour-fleurs-grimpantes\/","title":{"rendered":"M\u00e9lange de graines pour fleurs grimpantes"},"content":{"rendered":"<p>Le m\u00e9lange contient : Capucine (Tropaeolum majus), pois de senteur (Lathyrus odoratus), Ipom\u00e9e (Ipomea Volubilis). Le sachet contient environ 3g de graines m\u00e9lang\u00e9es.<\/p>\n<p>Les graines sont cultiv\u00e9es aux Pays-Bas et en France.<\/p>\n<p>Livr\u00e9 dans un paquet en carton avec des instructions d&#8217;utilisation en FR, EN et DE.<\/p>\n","protected":false},"excerpt":{"rendered":"<p>Ce m\u00e9lange de graines pour fleurs grimpantes est parfait pour pousser le long d\u2019<a href=\"https:\/\/www.botanopia.com\/fr\/shop\/idees-cadeaux\/idees-cadeaux-a-moins-de-25e\/treille-doree-pour-plantes-grimpantes\/\">une treille<\/a>, d&#8217;une cl\u00f4ture ou d&#8217;un mur et le couvrir de magnifiques fleurs.<\/p>\n<p>Le m\u00e9lange contient 3 vari\u00e9t\u00e9s faciles \u00e0 cultiver : capucines, pois de senteur et ipom\u00e9es. Elles peuvent \u00eatre cultiv\u00e9es en pots ou en pleine terre.<\/p>\n<p>Le savais-tu ?<\/p>\n<ul>\n<li>Les capucines sont comestibles, aussi bien les feuilles que les fleurs. Elles ont un go\u00fbt poivr\u00e9 qui ressemble \u00e0 celui de la roquette.<\/li>\n<li>Les pois de senteur ont une odeur douce et agr\u00e9able et grimpent vigoureusement.<\/li>\n<li>L&#8217;ipom\u00e9e fleurit le matin (on l\u2019appelle Morning Glory en anglais) et a des p\u00e9tales velout\u00e9s de couleur profonde.<\/li>\n<\/ul>\n<p>Important : nous ne pouvons pas exp\u00e9dier ces graines dans les pays hors de l&#8217;Union Europ\u00e9enne.<\/p>\n","protected":false},"featured_media":45068991,"comment_status":"open","ping_status":"closed","template":"","meta":{"_acf_changed":false},"product_brand":[],"product_cat":[23001806,23001045,23000813,14000281,23000515],"product_tag":[23000994,23000989,23000796,23000843,23001796,23000690],"giftcard-category":[],"class_list":{"0":"post-45070233","1":"product","2":"type-product","3":"status-publish","4":"has-post-thumbnail","6":"product_cat-bestsellers-de-printemps","7":"product_cat-idees-cadeaux-a-moins-de-15e","8":"product_cat-idees-cadeaux-a-moins-de-25e","9":"product_cat-nos-graines-et-nos-noyaux","10":"product_cat-tous-les-produits","11":"product_tag-b2c-fr","12":"product_tag-eu-only-fr","13":"product_tag-graines","14":"product_tag-fr-mailbox","15":"product_tag-retail-2-fr","16":"product_tag-wholesale-fr-fr-2","17":"product_shipping_class-mailbox-package-fr-2","19":"first","20":"outofstock","21":"taxable","22":"shipping-taxable","23":"purchasable","24":"product-type-simple","26":"catalog-layout-default","27":"columns-xs-1"},"bundled_by":[],"bundle_stock_status":"instock","bundle_stock_quantity":-15,"bundle_virtual":false,"bundle_layout":"","bundle_add_to_cart_form_location":"","bundle_editable_in_cart":false,"bundle_sold_individually_context":"","bundle_item_grouping":"","bundle_min_size":"","bundle_max_size":"","bundled_items":[],"bundle_sell_ids":[45074948,45073201],"acf":[],"gallery_images":[45090264,45090265,45090266,45090267,45090268,45105887,45105892],"_links":{"self":[{"href":"https:\/\/www.botanopia.com\/fr\/wp-json\/wp\/v2\/product\/45070233","targetHints":{"allow":["GET"]}}],"collection":[{"href":"https:\/\/www.botanopia.com\/fr\/wp-json\/wp\/v2\/product"}],"about":[{"href":"https:\/\/www.botanopia.com\/fr\/wp-json\/wp\/v2\/types\/product"}],"replies":[{"embeddable":true,"href":"https:\/\/www.botanopia.com\/fr\/wp-json\/wp\/v2\/comments?post=45070233"}],"wp:featuredmedia":[{"embeddable":true,"href":"https:\/\/www.botanopia.com\/fr\/wp-json\/wp\/v2\/media\/45068991"}],"wp:attachment":[{"href":"https:\/\/www.botanopia.com\/fr\/wp-json\/wp\/v2\/media?parent=45070233"}],"wp:term":[{"taxonomy":"product_brand","embeddable":true,"href":"https:\/\/www.botanopia.com\/fr\/wp-json\/wp\/v2\/product_brand?post=45070233"},{"taxonomy":"product_cat","embeddable":true,"href":"https:\/\/www.botanopia.com\/fr\/wp-json\/wp\/v2\/product_cat?post=45070233"},{"taxonomy":"product_tag","embeddable":true,"href":"https:\/\/www.botanopia.com\/fr\/wp-json\/wp\/v2\/product_tag?post=45070233"},{"taxonomy":"giftcard-category","embeddable":true,"href":"https:\/\/www.botanopia.com\/fr\/wp-json\/wp\/v2\/giftcard-category?post=45070233"}],"curies":[{"name":"wp","href":"https:\/\/api.w.org\/{rel}","templated":true}]}}