{"id":45074948,"date":"2020-03-21T06:06:51","date_gmt":"2020-03-21T04:06:51","guid":{"rendered":"https:\/\/www.botanopia.com\/?post_type=product&#038;p=45074948"},"modified":"2026-04-13T03:23:40","modified_gmt":"2026-04-13T01:23:40","slug":"les-bons-petits-ciseaux-a-bonsai","status":"publish","type":"product","link":"https:\/\/www.botanopia.com\/fr\/shop\/outils\/les-bons-petits-ciseaux-a-bonsai\/","title":{"rendered":"Les bons petits ciseaux \u00e0 bonsa\u00ef"},"content":{"rendered":"<p>Tu te prendras pour un ninja du jardinage avec ces petites cisailles pour bonsa\u00efs.<\/p>\n<p>Le design est inspir\u00e9 des ciseaux traditionnels japonais. Les lames en acier carbone sont tr\u00e8s pr\u00e9cises. Parfait pour donner une nouvelle coupe de cheveux \u00e0 toutes tes plantes ou prendre des boutures.<\/p>\n<p>Parfait petit cadeau pour offrir \u00e0 n\u2019importe quel plant lover. Prends-en un pour toi et un pour offrir.<\/p>\n<p>Garde les lames bien affut\u00e9es et sans rouille : essuie-les apr\u00e8s utilisation avec un peu d&#8217;huile v\u00e9g\u00e9tale sur un chiffon.<\/p>\n<p>Longueur totale : 10,5 cm (4,13 in)<\/p>\n<p>&nbsp;<\/p>\n","protected":false},"excerpt":{"rendered":"<p>Ces petits ciseaux \u00e0 bonsa\u00ef sont parfaits pour toutes sortes d&#8217;activit\u00e9s de taille et de coupe pour tes plantes, mais aussi tout simplement pour la maison.<\/p>\n<p>Les lames aff\u00fbt\u00e9es sont fabriqu\u00e9es en acier carbone.<\/p>\n<ul>\n<li><strong>&#8211; Manche ergonomique,<\/strong> il tient bien dans la paume de ta main.<\/li>\n<li><strong>&#8211; Design original :<\/strong> ces petites cisailles se d\u00e9marquent par leur forme. Il est peu probable que ces ciseaux soient <s>vol\u00e9s<\/s>, emprunt\u00e9s pour d&#8217;autres activit\u00e9s non li\u00e9es au jardinage (comme le sont tous tes autres ciseaux). Tu les auras toujours dans ta bo\u00eete \u00e0 outils pour plantes.<\/li>\n<li><strong>&#8211; Pr\u00e9cision<\/strong> : le bout pr\u00e9cis des lames est parfait pour la taille des feuilles, mais aussi pour les fils \u00e0 coudre et autres besoins de coupe domestiques<\/li>\n<li><strong>&#8211; Facile \u00e0 ranger :<\/strong> design tr\u00e8s compact.<\/li>\n<\/ul>\n","protected":false},"featured_media":45074942,"comment_status":"open","ping_status":"closed","template":"","meta":{"_acf_changed":false},"product_brand":[],"product_cat":[19000416,23001806,23001045,23000813,23001002,23001792,23000515],"product_tag":[23000994,23000991,23001796,23001009,23000690],"giftcard-category":[],"class_list":{"0":"post-45074948","1":"product","2":"type-product","3":"status-publish","4":"has-post-thumbnail","6":"product_cat-outils","7":"product_cat-bestsellers-de-printemps","8":"product_cat-idees-cadeaux-a-moins-de-15e","9":"product_cat-idees-cadeaux-a-moins-de-25e","10":"product_cat-universal-products-fr","11":"product_cat-soldes","12":"product_cat-tous-les-produits","13":"product_tag-b2c-fr","14":"product_tag-fr-package","15":"product_tag-retail-2-fr","16":"product_tag-universal_en-fr","17":"product_tag-wholesale-fr-fr-2","18":"product_shipping_class-mailbox-package-fr-2","20":"first","21":"outofstock","22":"sale","23":"taxable","24":"shipping-taxable","25":"purchasable","26":"product-type-simple","28":"catalog-layout-default","29":"columns-xs-1"},"bundled_by":[],"bundle_stock_status":"instock","bundle_stock_quantity":-3716,"bundle_virtual":false,"bundle_layout":"","bundle_add_to_cart_form_location":"","bundle_editable_in_cart":false,"bundle_sold_individually_context":"","bundle_item_grouping":"","bundle_min_size":"","bundle_max_size":"","bundled_items":[],"bundle_sell_ids":[45090698,45090190],"acf":[],"gallery_images":[45105440,45078821,45105435,45074934],"_links":{"self":[{"href":"https:\/\/www.botanopia.com\/fr\/wp-json\/wp\/v2\/product\/45074948","targetHints":{"allow":["GET"]}}],"collection":[{"href":"https:\/\/www.botanopia.com\/fr\/wp-json\/wp\/v2\/product"}],"about":[{"href":"https:\/\/www.botanopia.com\/fr\/wp-json\/wp\/v2\/types\/product"}],"replies":[{"embeddable":true,"href":"https:\/\/www.botanopia.com\/fr\/wp-json\/wp\/v2\/comments?post=45074948"}],"wp:featuredmedia":[{"embeddable":true,"href":"https:\/\/www.botanopia.com\/fr\/wp-json\/wp\/v2\/media\/45074942"}],"wp:attachment":[{"href":"https:\/\/www.botanopia.com\/fr\/wp-json\/wp\/v2\/media?parent=45074948"}],"wp:term":[{"taxonomy":"product_brand","embeddable":true,"href":"https:\/\/www.botanopia.com\/fr\/wp-json\/wp\/v2\/product_brand?post=45074948"},{"taxonomy":"product_cat","embeddable":true,"href":"https:\/\/www.botanopia.com\/fr\/wp-json\/wp\/v2\/product_cat?post=45074948"},{"taxonomy":"product_tag","embeddable":true,"href":"https:\/\/www.botanopia.com\/fr\/wp-json\/wp\/v2\/product_tag?post=45074948"},{"taxonomy":"giftcard-category","embeddable":true,"href":"https:\/\/www.botanopia.com\/fr\/wp-json\/wp\/v2\/giftcard-category?post=45074948"}],"curies":[{"name":"wp","href":"https:\/\/api.w.org\/{rel}","templated":true}]}}