{"id":45077185,"date":"2022-08-04T11:29:11","date_gmt":"2022-08-04T09:29:11","guid":{"rendered":"https:\/\/www.botanopia.com\/shop\/non%20class\u00e9\/pack-de-2-crochets-en-s-en-acier-pour-suspendre-tes-plantes\/"},"modified":"2026-01-09T12:34:17","modified_gmt":"2026-01-09T10:34:17","slug":"pack-de-2-crochets-en-s-en-acier-pour-suspendre-tes-plantes","status":"publish","type":"product","link":"https:\/\/www.botanopia.com\/fr\/shop\/pots-fr\/pack-de-2-crochets-en-s-en-acier-pour-suspendre-tes-plantes\/","title":{"rendered":"Pack de 2 crochets en S en acier pour suspendre tes plantes"},"content":{"rendered":"","protected":false},"excerpt":{"rendered":"<p><strong>Tes plantes vont prendre de la hauteur !<\/strong><\/p>\n<p>Si tu accroches tes plantes en hauteur, tu auras probablement besoin de l&#8217;un de ces petits crochets en forme de S. Que tu utilises notre <a href=\"https:\/\/www.botanopia.com\/shop\/our-plant-supports\/bolty-hanging-planter-system-for-plant-pots\/\">vis de suspension Bolty<\/a> ou un autre syst\u00e8me de ton choix, les crochets permettent de se connecter facilement \u00e0 une corde, une cha\u00eene ou \u00e0 un crochet de plafond, pour retirer facilement ton pot pour l\u2019entretien et l&#8217;arrosage.<\/p>\n<p>Le pack de 2 crochets en S en acier est fabriqu\u00e9 en fil d&#8217;acier galvanis\u00e9, d&#8217;un diam\u00e8tre de 4 mm. La hauteur totale de chaque crochet est de 45mm, ce qui permet de l&#8217;adapter parfaitement \u00e0 l&#8217;anneau de notre Bolty.<\/p>\n<p>&nbsp;<\/p>\n","protected":false},"featured_media":45077186,"comment_status":"open","ping_status":"closed","template":"","meta":{"_acf_changed":false},"product_brand":[],"product_cat":[23000507,23001045,14000280,23001002,23000515],"product_tag":[23000994,23000843,23001227,23001009,23000690],"giftcard-category":[],"class_list":{"0":"post-45077185","1":"product","2":"type-product","3":"status-publish","4":"has-post-thumbnail","6":"product_cat-pots-fr","7":"product_cat-idees-cadeaux-a-moins-de-15e","8":"product_cat-nos-supports-et-tuteurs","9":"product_cat-universal-products-fr","10":"product_cat-tous-les-produits","11":"product_tag-b2c-fr","12":"product_tag-fr-mailbox","13":"product_tag-retail-en-fr","14":"product_tag-universal_en-fr","15":"product_tag-wholesale-fr-fr-2","16":"product_shipping_class-mailbox-package-fr-2","18":"first","19":"instock","20":"taxable","21":"shipping-taxable","22":"purchasable","23":"product-type-simple","25":"catalog-layout-default","26":"columns-xs-1"},"bundled_by":[],"bundle_stock_status":"instock","bundle_stock_quantity":34,"bundle_virtual":false,"bundle_layout":"","bundle_add_to_cart_form_location":"","bundle_editable_in_cart":false,"bundle_sold_individually_context":"","bundle_item_grouping":"","bundle_min_size":"","bundle_max_size":"","bundled_items":[],"bundle_sell_ids":[45090163],"acf":[],"gallery_images":[45077146,45077138,45077134],"_links":{"self":[{"href":"https:\/\/www.botanopia.com\/fr\/wp-json\/wp\/v2\/product\/45077185","targetHints":{"allow":["GET"]}}],"collection":[{"href":"https:\/\/www.botanopia.com\/fr\/wp-json\/wp\/v2\/product"}],"about":[{"href":"https:\/\/www.botanopia.com\/fr\/wp-json\/wp\/v2\/types\/product"}],"replies":[{"embeddable":true,"href":"https:\/\/www.botanopia.com\/fr\/wp-json\/wp\/v2\/comments?post=45077185"}],"wp:featuredmedia":[{"embeddable":true,"href":"https:\/\/www.botanopia.com\/fr\/wp-json\/wp\/v2\/media\/45077186"}],"wp:attachment":[{"href":"https:\/\/www.botanopia.com\/fr\/wp-json\/wp\/v2\/media?parent=45077185"}],"wp:term":[{"taxonomy":"product_brand","embeddable":true,"href":"https:\/\/www.botanopia.com\/fr\/wp-json\/wp\/v2\/product_brand?post=45077185"},{"taxonomy":"product_cat","embeddable":true,"href":"https:\/\/www.botanopia.com\/fr\/wp-json\/wp\/v2\/product_cat?post=45077185"},{"taxonomy":"product_tag","embeddable":true,"href":"https:\/\/www.botanopia.com\/fr\/wp-json\/wp\/v2\/product_tag?post=45077185"},{"taxonomy":"giftcard-category","embeddable":true,"href":"https:\/\/www.botanopia.com\/fr\/wp-json\/wp\/v2\/giftcard-category?post=45077185"}],"curies":[{"name":"wp","href":"https:\/\/api.w.org\/{rel}","templated":true}]}}