{"id":45079495,"date":"2021-09-09T14:35:21","date_gmt":"2021-09-09T12:35:21","guid":{"rendered":"https:\/\/www.botanopia.com\/?post_type=product&#038;p=45079495"},"modified":"2026-04-14T10:09:43","modified_gmt":"2026-04-14T08:09:43","slug":"broches-brodees-dorees-botanopia-trio-dinsectes","status":"publish","type":"product","link":"https:\/\/www.botanopia.com\/fr\/shop\/broches-brodees-pins\/broches-brodees-dorees-botanopia-trio-dinsectes\/","title":{"rendered":"Broches brod\u00e9es dor\u00e9es &#8211; trio d&rsquo;insectes"},"content":{"rendered":"<p class=\"p1\"><span class=\"s1\"><b>Comment les utiliser<\/b><\/span><\/p>\n<p class=\"p2\"><span class=\"s1\">Chaque insecte est dot\u00e9 d&rsquo;une \u00e9pingle au dos, tu peux donc les ajouter \u00e0 n&rsquo;importe quel v\u00eatement au gr\u00e9 de tes envies. Mais assure-toi de les retirer avant qu&rsquo;ils ne finissent dans la machine \u00e0 laver !<\/span><\/p>\n<p class=\"p1\"><span class=\"s1\"><b>Camoufle toute tache ou trou sur tes v\u00eatements pr\u00e9f\u00e9r\u00e9s<\/b><\/span><\/p>\n<p class=\"p2\"><span class=\"s1\">Tu as eu un petit accident sur ton plus beau chemisier ou ton pull le plus douillet ? Des taches de sauce tomate sur ton t-shirt blanc ? Couvre-les avec ces jolies broches et ni vu ni connu. Le r\u00e9sultat sera plus naturel si tu regroupes plusieurs broches pour camoufler.<\/span><\/p>\n<p class=\"p1\"><span class=\"s1\"><b>Encourage le changement<\/b><\/span><\/p>\n<p class=\"p2\"><span class=\"s1\">Les abeilles et autres insectes pollinisateurs b\u00e9n\u00e9fiques sont mis en danger par l&rsquo;utilisation de pesticides. Leur population diminue rapidement. Utilise ces jolies broches pour lancer la conversation et sensibiliser ton entourage.<\/span><\/p>\n","protected":false},"excerpt":{"rendered":"<p class=\"p1\"><span class=\"s1\"><b>Si tu cherches la p&rsquo;tite b\u00eate, tu l&rsquo;as trouv\u00e9e !<\/b><\/span><\/p>\n<p class=\"p1\"><span class=\"s1\">Ce lot de 3 broches brod\u00e9es avec attache pins est r\u00e9alis\u00e9 avec du fil m\u00e9tallis\u00e9. Le proc\u00e9d\u00e9 est assez magique, nous les brodons sur un tissu sp\u00e9cial qui se dissout dans l&rsquo;eau. Apr\u00e8s les avoir lav\u00e9es, il ne reste que de d\u00e9licats insectes dor\u00e9s. Ils sont parfaits pour ajouter un peu de fun et d&rsquo;\u00e9clat \u00e0 une chemise, une \u00e9charpe ou un sac. Tu peux aussi les utiliser pour camoufler une petite tache ou un trou dans ton pull pr\u00e9f\u00e9r\u00e9. \u00c7a restera notre petit secret. \u00c9pingle-les ensemble pour un attirer les regards, ou accroche-les chacune sur un v\u00eatement diff\u00e9rent, c&rsquo;est toi qui choisis.<\/span><\/p>\n<p class=\"p1\"><span class=\"s1\">Les broches sont emball\u00e9es dans une bo\u00eete chic et recyclable, en carton noir, pr\u00eate \u00e0 \u00eatre offrir.<\/span><\/p>\n<p class=\"p1\"><span class=\"s1\">Les insectes ne sont pas ton truc ? Nous avons aussi des broches en forme <a href=\"https:\/\/www.botanopia.com\/fr\/shop\/broches-brodees-pins\/broches-brodees-feuilles-tropicales\/\"><span class=\"s2\">de feuilles tropicales<\/span><\/a> qui pourraient te plaire.<\/span><\/p>\n","protected":false},"featured_media":45088211,"comment_status":"open","ping_status":"closed","template":"","meta":{"_acf_changed":false},"product_brand":[],"product_cat":[23001053,23001806,23000813,14000279,23000515],"product_tag":[23000994,23001796,23000690],"giftcard-category":[],"class_list":{"0":"post-45079495","1":"product","2":"type-product","3":"status-publish","4":"has-post-thumbnail","6":"product_cat-broches-brodees-pins","7":"product_cat-bestsellers-de-printemps","8":"product_cat-idees-cadeaux-a-moins-de-25e","9":"product_cat-nos-accessoires-botaniques","10":"product_cat-tous-les-produits","11":"product_tag-b2c-fr","12":"product_tag-retail-2-fr","13":"product_tag-wholesale-fr-fr-2","14":"product_shipping_class-mailbox-package-fr-2","16":"first","17":"instock","18":"taxable","19":"shipping-taxable","20":"purchasable","21":"product-type-simple","23":"catalog-layout-default","24":"columns-xs-1"},"bundled_by":[],"bundle_stock_status":"instock","bundle_stock_quantity":-832,"bundle_virtual":false,"bundle_layout":"","bundle_add_to_cart_form_location":"","bundle_editable_in_cart":false,"bundle_sold_individually_context":"","bundle_item_grouping":"","bundle_min_size":"","bundle_max_size":"","bundled_items":[],"bundle_sell_ids":[],"acf":[],"gallery_images":[45089665,45079930,45088219,45079406,45079430,45106326,45079442,45079704,45079700,45079772,45081131,45116786],"_links":{"self":[{"href":"https:\/\/www.botanopia.com\/fr\/wp-json\/wp\/v2\/product\/45079495","targetHints":{"allow":["GET"]}}],"collection":[{"href":"https:\/\/www.botanopia.com\/fr\/wp-json\/wp\/v2\/product"}],"about":[{"href":"https:\/\/www.botanopia.com\/fr\/wp-json\/wp\/v2\/types\/product"}],"replies":[{"embeddable":true,"href":"https:\/\/www.botanopia.com\/fr\/wp-json\/wp\/v2\/comments?post=45079495"}],"wp:featuredmedia":[{"embeddable":true,"href":"https:\/\/www.botanopia.com\/fr\/wp-json\/wp\/v2\/media\/45088211"}],"wp:attachment":[{"href":"https:\/\/www.botanopia.com\/fr\/wp-json\/wp\/v2\/media?parent=45079495"}],"wp:term":[{"taxonomy":"product_brand","embeddable":true,"href":"https:\/\/www.botanopia.com\/fr\/wp-json\/wp\/v2\/product_brand?post=45079495"},{"taxonomy":"product_cat","embeddable":true,"href":"https:\/\/www.botanopia.com\/fr\/wp-json\/wp\/v2\/product_cat?post=45079495"},{"taxonomy":"product_tag","embeddable":true,"href":"https:\/\/www.botanopia.com\/fr\/wp-json\/wp\/v2\/product_tag?post=45079495"},{"taxonomy":"giftcard-category","embeddable":true,"href":"https:\/\/www.botanopia.com\/fr\/wp-json\/wp\/v2\/giftcard-category?post=45079495"}],"curies":[{"name":"wp","href":"https:\/\/api.w.org\/{rel}","templated":true}]}}