{"id":45079994,"date":"2020-03-21T06:06:51","date_gmt":"2022-10-24T14:30:58","guid":{"rendered":"https:\/\/www.botanopia.com\/shop\/non%20class\u00e9\/la-sonde-a-terreau-outil-en-bois-pour-controler-lhumidite-du-sol\/"},"modified":"2026-02-19T17:36:11","modified_gmt":"2026-02-19T15:36:11","slug":"la-sonde-a-terreau","status":"publish","type":"product","link":"https:\/\/www.botanopia.com\/fr\/shop\/idees-cadeaux\/idees-cadeaux-a-moins-de-15e\/la-sonde-a-terreau\/","title":{"rendered":"La sonde \u00e0 terreau &#8211; outil en bois pour contr\u00f4ler l&#8217;humidit\u00e9 du sol"},"content":{"rendered":"<h1>Comment utiliser ta sonde \u00e0 terreau :<\/h1>\n<p>Pousse doucement la sonde \u00e0 terreau jusqu&#8217;au fond de ton pot, puis tourne-la d&#8217;un quart de tour et retire-la \u00e0 nouveau. Un peu de terre sera pi\u00e9g\u00e9e dans l&#8217;outil, ce qui te permettra de voir si elle est encore humide, jusqu&#8217;au fond de ton pot.<\/p>\n<p>Chaque fois que tu testes, tu a\u00e8res aussi le sol, tu cr\u00e9es des poches d&#8217;air b\u00e9n\u00e9fiques \u00e0 la sant\u00e9 de ton terreau et tu l&#8217;aides \u00e0 retenir plus d&#8217;humidit\u00e9. Enfonce la sonde dans un endroit diff\u00e9rent du pot \u00e0 chaque fois, pour des racines et un terreau en bonne sant\u00e9.<\/p>\n<p>Si ton terreau est extr\u00eamement compact\u00e9, fais-le bien tremper pendant quelques heures jusqu&#8217;\u00e0 ce qu&#8217;il soit compl\u00e8tement satur\u00e9, avant d&#8217;utiliser la sonde pour l&#8217;ameublir.<\/p>\n<p>En bois tourn\u00e9 \u00e0 la main, avec une couche de vernis pour un nettoyage facile.<\/p>\n<p>Taille totale : 31 cm \/ 12&#8243; de long, la poign\u00e9e fait 5 cm \/ 2&#8243; de large.<\/p>\n","protected":false},"excerpt":{"rendered":"<p>Tu te bats avec l&#8217;arrosage de tes plantes ?<\/p>\n<p>Ce testeur de terreau va t&#8217;\u00e9clairer si tu ne sais jamais s&#8217;il est temps d&#8217;arroser tes plantes.<\/p>\n<p>Ce mod\u00e8le analogue est vraiment infaillible. Il suffit de l&#8217;enfoncer dans ton pot pour r\u00e9cup\u00e9rer un petit \u00e9chantillon de terre \u00e0 diff\u00e9rentes profondeurs. La terre est encore humide au niveau des racines ? Attends encore un peu avant d&#8217;arroser. Elle est s\u00e8che et friable ? Il est temps d\u2019offrir une gorg\u00e9e d&#8217;eau \u00e0 ta plante.<\/p>\n<ul>\n<li><strong>Facile \u00e0 utiliser,<\/strong> fini l&#8217;incertitude pour l&#8217;arrosage de tes plantes. V\u00e9rifie d&#8217;abord si ton sol est encore humide avant de sortir l&#8217;arrosoir.<\/li>\n<li><strong>Fabriqu\u00e9 en bois :<\/strong> un mat\u00e9riau renouvelable, \u00e0 la fois l\u00e9ger et durable. Finition vernie pour que tu puisses le nettoyer facilement.<\/li>\n<li><strong>Plus de pourriture des racines :<\/strong> garde tes ongles propres et ma\u00eetrise mieux ton planning d&#8217;arrosage &#8211; fini la couche d&#8217;eau qui passe inaper\u00e7ue au fond de ton pot.<\/li>\n<li><strong>A\u00e8re la terre :<\/strong> ameublis ton terreau et cr\u00e9e des poches d&#8217;air chaque fois que tu utilises la sonde. Parfait pour un terreau sain et des racines en pleine forme.<\/li>\n<\/ul>\n<p>&nbsp;<\/p>\n","protected":false},"featured_media":45079578,"comment_status":"open","ping_status":"closed","template":"","meta":{"_acf_changed":false},"product_brand":[],"product_cat":[23001806,23001045,23000813,19000416,23000515],"product_tag":[23000994,23000843,23000991,23001796],"giftcard-category":[],"class_list":{"0":"post-45079994","1":"product","2":"type-product","3":"status-publish","4":"has-post-thumbnail","6":"product_cat-bestsellers-de-printemps","7":"product_cat-idees-cadeaux-a-moins-de-15e","8":"product_cat-idees-cadeaux-a-moins-de-25e","9":"product_cat-outils","10":"product_cat-tous-les-produits","11":"product_tag-b2c-fr","12":"product_tag-fr-mailbox","13":"product_tag-fr-package","14":"product_tag-retail-2-fr","15":"product_shipping_class-mailbox-package-fr-2","17":"first","18":"outofstock","19":"taxable","20":"shipping-taxable","21":"purchasable","22":"product-type-simple","24":"catalog-layout-default","25":"columns-xs-1"},"bundled_by":[],"bundle_stock_status":"instock","bundle_stock_quantity":-291,"bundle_virtual":false,"bundle_layout":"","bundle_add_to_cart_form_location":"","bundle_editable_in_cart":false,"bundle_sold_individually_context":"","bundle_item_grouping":"","bundle_min_size":"","bundle_max_size":"","bundled_items":[],"bundle_sell_ids":[45069445,1355],"acf":[],"gallery_images":[45103748,45090111,45090115,45103738,45105932,45079588,45090114,45079596,45079568,45079572,45105668,45105673,45105663],"_links":{"self":[{"href":"https:\/\/www.botanopia.com\/fr\/wp-json\/wp\/v2\/product\/45079994","targetHints":{"allow":["GET"]}}],"collection":[{"href":"https:\/\/www.botanopia.com\/fr\/wp-json\/wp\/v2\/product"}],"about":[{"href":"https:\/\/www.botanopia.com\/fr\/wp-json\/wp\/v2\/types\/product"}],"replies":[{"embeddable":true,"href":"https:\/\/www.botanopia.com\/fr\/wp-json\/wp\/v2\/comments?post=45079994"}],"wp:featuredmedia":[{"embeddable":true,"href":"https:\/\/www.botanopia.com\/fr\/wp-json\/wp\/v2\/media\/45079578"}],"wp:attachment":[{"href":"https:\/\/www.botanopia.com\/fr\/wp-json\/wp\/v2\/media?parent=45079994"}],"wp:term":[{"taxonomy":"product_brand","embeddable":true,"href":"https:\/\/www.botanopia.com\/fr\/wp-json\/wp\/v2\/product_brand?post=45079994"},{"taxonomy":"product_cat","embeddable":true,"href":"https:\/\/www.botanopia.com\/fr\/wp-json\/wp\/v2\/product_cat?post=45079994"},{"taxonomy":"product_tag","embeddable":true,"href":"https:\/\/www.botanopia.com\/fr\/wp-json\/wp\/v2\/product_tag?post=45079994"},{"taxonomy":"giftcard-category","embeddable":true,"href":"https:\/\/www.botanopia.com\/fr\/wp-json\/wp\/v2\/giftcard-category?post=45079994"}],"curies":[{"name":"wp","href":"https:\/\/api.w.org\/{rel}","templated":true}]}}