{"id":45083021,"date":"2021-09-09T14:35:21","date_gmt":"2021-09-09T12:35:21","guid":{"rendered":"https:\/\/www.botanopia.com\/shop\/non%20class\u00e9\/broche-brodee-branche-dolivier\/"},"modified":"2026-02-21T12:07:53","modified_gmt":"2026-02-21T10:07:53","slug":"broche-brodee-branche-dolivier","status":"publish","type":"product","link":"https:\/\/www.botanopia.com\/fr\/shop\/broches-brodees-pins\/broche-brodee-branche-dolivier\/","title":{"rendered":"Broche brod\u00e9e branche d&rsquo;olivier"},"content":{"rendered":"<h3>Comment l&rsquo;utiliser ?<\/h3>\n<p><br class=\"\u201cxliff-newline\u201d\" \/>Rien de plus facile. Retire l\u2019attache \u00e0 l\u2019arri\u00e8re de chaque broche, pour pouvoir l\u2019\u00e9pingler sur n\u2019importe quel v\u00eatement et la fixer en place sur l\u2019autre c\u00f4t\u00e9 du tissu. Mais n\u2019oublie pas de les enlever avant leur passage en machine !<\/p>\n<h3>Camoufle toute tache ou trou dans tes v\u00eatements pr\u00e9f\u00e9r\u00e9s.<\/h3>\n<p><br class=\"\u201cxliff-newline\u201d\" \/>Tu as fait une tache de sauce tomate sur ton plus beau chemisier blanc ? Ou une mite c\u2019est fait un casse-cro\u00fbte de ton pull douillet ? Couvre trous et taches avec ces jolies broches et personne ne s\u2019en rendra compte. Le r\u00e9sultat sera plus naturel si tu regroupes plusieurs feuilles autour de la zone\u2026 Motus et bouche cousue, personne n\u2019en saura rien.<\/p>\n<h3>Fais partie du club<\/h3>\n<p>Tu es fan de plantes, ou tu connais quelqu\u2019un qui l\u2019est ? C\u2019est le cadeau parfait pour montrer ta passion des plantes, tout en \u00e9l\u00e9gance. Pas besoin d\u2019arroser !<\/p>\n","protected":false},"excerpt":{"rendered":"<p><strong>Ajoute une touche de nature \u00e0 toutes tes tenues !<\/strong><\/p>\n<p>Cette broche a \u00e9t\u00e9 inspir\u00e9e par les d\u00e9licates branches de l&rsquo;olivier. Le savais-tu ? la branche d&rsquo;olivier \u00e9tait vue comme un symbole de paix et de victoire par les Grecs anciens. Il suffit de l&rsquo;\u00e9pingler sur une veste ou une \u00e9charpe pour afficher ton amour des plantes, tout en \u00e9l\u00e9gance.<\/p>\n<p>Le proc\u00e9d\u00e9 de fabrication est presque aussi magique que la nature elle-m\u00eame : nous brodons les feuilles sur un tissu sp\u00e9cial qui se dissout dans l&rsquo;eau. Apr\u00e8s un bon rin\u00e7age, *poof*, le fond a disparu et les feuilles peuvent se mouvoir librement et naturellement. Tout comme une vraie plante, mais pour toujours. Si tu veux en savoir plus, clique sur l&rsquo;onglet \u00ab\u00a0vid\u00e9o\u00a0\u00bb pour voir les coulisses de la production.<\/p>\n<p>Chaque broche comporte une \u00e9pingle dor\u00e9e au revers et est exp\u00e9di\u00e9e dans une bo\u00eete noire chic.<\/p>\n","protected":false},"featured_media":45088197,"comment_status":"open","ping_status":"closed","template":"","meta":{"_acf_changed":false},"product_brand":[],"product_cat":[23001053,23000813,14000279,23001002,23000515],"product_tag":[23000994,23001227,23000690],"giftcard-category":[],"class_list":{"0":"post-45083021","1":"product","2":"type-product","3":"status-publish","4":"has-post-thumbnail","6":"product_cat-broches-brodees-pins","7":"product_cat-idees-cadeaux-a-moins-de-25e","8":"product_cat-nos-accessoires-botaniques","9":"product_cat-universal-products-fr","10":"product_cat-tous-les-produits","11":"product_tag-b2c-fr","12":"product_tag-retail-en-fr","13":"product_tag-wholesale-fr-fr-2","14":"product_shipping_class-mailbox-package-fr-2","16":"first","17":"instock","18":"taxable","19":"shipping-taxable","20":"purchasable","21":"product-type-simple","23":"catalog-layout-default","24":"columns-xs-1"},"bundled_by":[],"bundle_stock_status":"instock","bundle_stock_quantity":-138,"bundle_virtual":false,"bundle_layout":"","bundle_add_to_cart_form_location":"","bundle_editable_in_cart":false,"bundle_sold_individually_context":"","bundle_item_grouping":"","bundle_min_size":"","bundle_max_size":"","bundled_items":[],"bundle_sell_ids":[6005046,6005043],"acf":[],"gallery_images":[45088124,45081261,45088108,45116896,45088116,45088104,45081215,45088120,45081131,45116821],"_links":{"self":[{"href":"https:\/\/www.botanopia.com\/fr\/wp-json\/wp\/v2\/product\/45083021","targetHints":{"allow":["GET"]}}],"collection":[{"href":"https:\/\/www.botanopia.com\/fr\/wp-json\/wp\/v2\/product"}],"about":[{"href":"https:\/\/www.botanopia.com\/fr\/wp-json\/wp\/v2\/types\/product"}],"replies":[{"embeddable":true,"href":"https:\/\/www.botanopia.com\/fr\/wp-json\/wp\/v2\/comments?post=45083021"}],"wp:featuredmedia":[{"embeddable":true,"href":"https:\/\/www.botanopia.com\/fr\/wp-json\/wp\/v2\/media\/45088197"}],"wp:attachment":[{"href":"https:\/\/www.botanopia.com\/fr\/wp-json\/wp\/v2\/media?parent=45083021"}],"wp:term":[{"taxonomy":"product_brand","embeddable":true,"href":"https:\/\/www.botanopia.com\/fr\/wp-json\/wp\/v2\/product_brand?post=45083021"},{"taxonomy":"product_cat","embeddable":true,"href":"https:\/\/www.botanopia.com\/fr\/wp-json\/wp\/v2\/product_cat?post=45083021"},{"taxonomy":"product_tag","embeddable":true,"href":"https:\/\/www.botanopia.com\/fr\/wp-json\/wp\/v2\/product_tag?post=45083021"},{"taxonomy":"giftcard-category","embeddable":true,"href":"https:\/\/www.botanopia.com\/fr\/wp-json\/wp\/v2\/giftcard-category?post=45083021"}],"curies":[{"name":"wp","href":"https:\/\/api.w.org\/{rel}","templated":true}]}}