{"id":45092907,"date":"2019-10-22T11:27:32","date_gmt":"2019-10-22T09:27:32","guid":{"rendered":"https:\/\/www.botanopia.com\/?post_type=product&#038;p=45092907"},"modified":"2026-02-16T17:36:25","modified_gmt":"2026-02-16T15:36:25","slug":"mini-tuteur-bump-dore","status":"publish","type":"product","link":"https:\/\/www.botanopia.com\/fr\/shop\/nos-supports-et-tuteurs\/mini-tuteur-bump-dore\/","title":{"rendered":"Mini tuteur &#8211; Bump &#8211; Dor\u00e9"},"content":{"rendered":"<p>Ce joli tuteur pour plantes s&#8217;appelle Bump, pour toutes tes petites plantes qui ont besoin d&#8217;un peu de soutien.<br \/>\nRegarde les 3 autres mod\u00e8les de la m\u00eame gamme ! Si tu as de plus grandes ambitions, regarde nos <a href=\"https:\/\/www.botanopia.com\/fr\/shop\/nos-supports-et-tuteurs\/set-de-4-tuteurs-dores\/\">grands tuteurs<\/a> pour plantes !<br \/>\nLaquelle de tes plantes recevra un petit coup de pouce suppl\u00e9mentaire ?<\/p>\n","protected":false},"excerpt":{"rendered":"<p>Soutiens tes plantes avec style gr\u00e2ce \u00e0 nos tuteurs pour plantes noirs !<br \/>\nAjoute une touche d\u00e9corative et fonctionnelle \u00e0 ta vie v\u00e9g\u00e9tale. Tu peux l&#8217;utiliser aussi bien dans le jardin que dans un pot dans ta maison ou sur ton balcon, comme un bijou pour tes plantes.<br \/>\n Ils sont fabriqu\u00e9s \u00e0 partir d&#8217;aluminium recycl\u00e9 et ne rouillent donc pas.<br \/>\nIl est pr\u00e9f\u00e9rable de les utiliser dans des pots de 7 \u00e0 30 cm de haut.<br \/>\nOn a \u00e9galement 3 autres mini mod\u00e8les : <a href=\"https:\/\/www.botanopia.com\/fr\/shop\/nos-supports-et-tuteurs\/pack-de-10-mini-tuteurs-hoop-dore\/\">Hoop<\/a>, <a href=\"https:\/\/www.botanopia.com\/fr\/shop\/nos-supports-et-tuteurs\/pack-de-10-mini-tuteurs-pompom-dore\/\">Pompom<\/a> et <a href=\"https:\/\/www.botanopia.com\/fr\/shop\/nos-supports-et-tuteurs\/pack-de-10-mini-tuteurs-perch-dore\/\">Perch<\/a>. Ils ont chacun une forme moderne et une forte personnalit\u00e9 !<\/p>\n","protected":false},"featured_media":45076789,"comment_status":"open","ping_status":"closed","template":"","meta":{"_acf_changed":false},"product_brand":[],"product_cat":[14000280,23001806,23001045,23001002,23000515],"product_tag":[23000843,23001796,3000199,23001009,23000690],"giftcard-category":[],"class_list":{"0":"post-45092907","1":"product","2":"type-product","3":"status-publish","4":"has-post-thumbnail","6":"product_cat-nos-supports-et-tuteurs","7":"product_cat-bestsellers-de-printemps","8":"product_cat-idees-cadeaux-a-moins-de-15e","9":"product_cat-universal-products-fr","10":"product_cat-tous-les-produits","11":"product_tag-fr-mailbox","12":"product_tag-retail-2-fr","13":"product_tag-supports-de-plantes","14":"product_tag-universal_en-fr","15":"product_tag-wholesale-fr-fr-2","16":"product_shipping_class-mailbox-package-fr-2","18":"first","19":"instock","20":"taxable","21":"shipping-taxable","22":"purchasable","23":"product-type-simple","25":"catalog-layout-default","26":"columns-xs-1"},"bundled_by":[],"bundle_stock_status":"instock","bundle_stock_quantity":1130,"bundle_virtual":false,"bundle_layout":"","bundle_add_to_cart_form_location":"","bundle_editable_in_cart":false,"bundle_sold_individually_context":"","bundle_item_grouping":"","bundle_min_size":"","bundle_max_size":"","bundled_items":[],"bundle_sell_ids":[6004877,41061327],"acf":[],"gallery_images":[45104338,45104433,45104363,45104308,45117295,45104328],"_links":{"self":[{"href":"https:\/\/www.botanopia.com\/fr\/wp-json\/wp\/v2\/product\/45092907","targetHints":{"allow":["GET"]}}],"collection":[{"href":"https:\/\/www.botanopia.com\/fr\/wp-json\/wp\/v2\/product"}],"about":[{"href":"https:\/\/www.botanopia.com\/fr\/wp-json\/wp\/v2\/types\/product"}],"replies":[{"embeddable":true,"href":"https:\/\/www.botanopia.com\/fr\/wp-json\/wp\/v2\/comments?post=45092907"}],"wp:featuredmedia":[{"embeddable":true,"href":"https:\/\/www.botanopia.com\/fr\/wp-json\/wp\/v2\/media\/45076789"}],"wp:attachment":[{"href":"https:\/\/www.botanopia.com\/fr\/wp-json\/wp\/v2\/media?parent=45092907"}],"wp:term":[{"taxonomy":"product_brand","embeddable":true,"href":"https:\/\/www.botanopia.com\/fr\/wp-json\/wp\/v2\/product_brand?post=45092907"},{"taxonomy":"product_cat","embeddable":true,"href":"https:\/\/www.botanopia.com\/fr\/wp-json\/wp\/v2\/product_cat?post=45092907"},{"taxonomy":"product_tag","embeddable":true,"href":"https:\/\/www.botanopia.com\/fr\/wp-json\/wp\/v2\/product_tag?post=45092907"},{"taxonomy":"giftcard-category","embeddable":true,"href":"https:\/\/www.botanopia.com\/fr\/wp-json\/wp\/v2\/giftcard-category?post=45092907"}],"curies":[{"name":"wp","href":"https:\/\/api.w.org\/{rel}","templated":true}]}}